{"id":799431,"date":"2026-03-14T21:17:02","date_gmt":"2026-03-14T20:17:02","guid":{"rendered":"https:\/\/lucacastelli.com\/prodotto\/ortovox-120-cool-tec-logo-headband\/"},"modified":"2026-03-14T21:17:02","modified_gmt":"2026-03-14T20:17:02","slug":"ortovox-120-cool-tec-logo-headband","status":"publish","type":"product","link":"https:\/\/lucacastelli.com\/fr\/produit\/ortovox-120-cool-tec-logo-headband\/","title":{"rendered":"ORTOVOX 120 COOL TEC LOGO HEADBAND"},"content":{"rendered":"<p>L\u00c9GER ET COMPACT<br \/>\nBandeau l\u00e9ger \u00e0 s\u00e9chage rapide avec un m\u00e9lange de laine technique et une coupe ajust\u00e9e<\/p>\n<p>Points forts<br \/>\nL\u00e9ger et \u00e0 s\u00e9chage rapide<br \/>\nR\u00e9gulation optimale de la temp\u00e9rature gr\u00e2ce \u00e0 la laine m\u00e9rinos<br \/>\nFibre TENCEL\u2122 Lyocell&nbsp;: sensation naturelle de sec gr\u00e2ce \u00e0 la r\u00e9gulation de l\u2019humidit\u00e9<br \/>\nCr\u00eates balay\u00e9es par le vent, faces nord et travers\u00e9es de glaciers. Con\u00e7u pour affronter le vent et les temp\u00e9ratures froides, le 120 COOL TEC LOGO HEADBAND est un bandeau ultral\u00e9ger \u00e0 porter seul ou sous un casque. La laine m\u00e9rinos douce est naturellement thermor\u00e9gulatrice, tandis que les fibres TENCEL\u2122 Lyocell g\u00e8rent l\u2019exc\u00e8s d\u2019humidit\u00e9 et r\u00e9duisent les odeurs. Gr\u00e2ce \u00e0 la technologie Corespun avec un noyau de polyamide robuste, ce bandeau fin s\u2019ajuste parfaitement, r\u00e9siste aux abrasions et dure dans le temps.   <\/p>\n<p>&nbsp;<\/p>\n<p>52&nbsp;% laine vierge (M\u00c9RINOS) + 33&nbsp;% Lyocell (TENCEL\u2122) + 15&nbsp;% polyamide<br \/>\nL\u00e9ger et \u00e0 s\u00e9chage rapide, technologie de filage Corespun by S\u00fcdwolle Group&nbsp;: pour une plus grande stabilit\u00e9, fibre TENCEL\u2122 Lyocell&nbsp;: sensation naturelle de sec gr\u00e2ce \u00e0 la r\u00e9gulation de l\u2019humidit\u00e9, laine m\u00e9rinos&nbsp;: r\u00e9gulation de la temp\u00e9rature et de l\u2019humidit\u00e9<\/p>\n","protected":false},"excerpt":{"rendered":"<p>L\u00c9GER ET COMPACT Bandeau l\u00e9ger \u00e0 s\u00e9chage rapide avec un m\u00e9lange de laine technique et une coupe ajust\u00e9e Points forts<\/p>\n","protected":false},"featured_media":799352,"template":"","meta":{"_seopress_robots_primary_cat":"","_seopress_titles_title":"","_seopress_titles_desc":"","_seopress_robots_index":""},"product_brand":[3280],"product_cat":[21,186],"product_tag":[],"class_list":{"0":"post-799431","1":"product","2":"type-product","3":"status-publish","4":"has-post-thumbnail","6":"product_brand-ortovox","7":"product_cat-abbigliamento","8":"product_cat-accessori-per-labbigliamento","9":"sws-gruppo-abb-libero-fr","10":"sws-conto-ricavi-merci-rivendita-abbigliamento-fr","11":"sws-gruppo-iva-iva81-fr","13":"first","14":"instock","15":"shipping-taxable","16":"purchasable","17":"product-type-variable","18":"has-default-attributes"},"_links":{"self":[{"href":"https:\/\/lucacastelli.com\/fr\/wp-json\/wp\/v2\/product\/799431","targetHints":{"allow":["GET"]}}],"collection":[{"href":"https:\/\/lucacastelli.com\/fr\/wp-json\/wp\/v2\/product"}],"about":[{"href":"https:\/\/lucacastelli.com\/fr\/wp-json\/wp\/v2\/types\/product"}],"wp:featuredmedia":[{"embeddable":true,"href":"https:\/\/lucacastelli.com\/fr\/wp-json\/wp\/v2\/media\/799352"}],"wp:attachment":[{"href":"https:\/\/lucacastelli.com\/fr\/wp-json\/wp\/v2\/media?parent=799431"}],"wp:term":[{"taxonomy":"product_brand","embeddable":true,"href":"https:\/\/lucacastelli.com\/fr\/wp-json\/wp\/v2\/product_brand?post=799431"},{"taxonomy":"product_cat","embeddable":true,"href":"https:\/\/lucacastelli.com\/fr\/wp-json\/wp\/v2\/product_cat?post=799431"},{"taxonomy":"product_tag","embeddable":true,"href":"https:\/\/lucacastelli.com\/fr\/wp-json\/wp\/v2\/product_tag?post=799431"}],"curies":[{"name":"wp","href":"https:\/\/api.w.org\/{rel}","templated":true}]}}