{"id":799412,"date":"2026-03-14T21:19:29","date_gmt":"2026-03-14T20:19:29","guid":{"rendered":"https:\/\/lucacastelli.com\/prodotto\/ortovox-traverse-38-s\/"},"modified":"2026-03-14T21:19:29","modified_gmt":"2026-03-14T20:19:29","slug":"ortovox-traverse-38-s","status":"publish","type":"product","link":"https:\/\/lucacastelli.com\/fr\/produit\/ortovox-traverse-38-s\/","title":{"rendered":"ORTOVOX TRAVERSE 38 S"},"content":{"rendered":"<p>UN SAC \u00c0 DOS POLYVALENT POUR DE GRANDES AVENTURES ALPINES<br \/>\nSac \u00e0 dos polyvalent, confortable et fonctionnel pour les randonn\u00e9es alpines<\/p>\n<p>Points forts<br \/>\nAvec tissus teints dans la masse<br \/>\nConfort et bonne r\u00e9partition de la charge<br \/>\nCon\u00e7u sp\u00e9cialement pour les sports de montagne<br \/>\nPolyvalente, confortable et fonctionnelle, la gamme TRAVERSE est d\u00e9velopp\u00e9e pour une utilisation en terrain alpin et r\u00e9pond \u00e0 toutes les exigences des randonn\u00e9es les plus exigeantes. Environ 60 % des tissus utilis\u00e9s dans notre gamme TRAVERSE (\u00e0 l\u2019exclusion des mod\u00e8les PURE) sont teints dans la masse (solution dyed). Par rapport aux proc\u00e9d\u00e9s de teinture conventionnels, cette m\u00e9thode permet de r\u00e9duire l\u2019utilisation d\u2019eau et de produits chimiques lors de la production.  <\/p>\n<p>Le TRAVERSE 38 S est \u00e9quilibr\u00e9 et confortable \u00e0 porter gr\u00e2ce au COMFORT-CONTACT BACK SYSTEM. Les rembourrages assurent une circulation dair constante, tandis que les bretelles larges et ergonomiques et la large ceinture ventrale contribuent \u00e0 r\u00e9partir la charge de mani\u00e8re uniforme. La fermeture \u00e9clair p\u00e9riph\u00e9rique permet un acc\u00e8s facile et rapide au compartiment principal du TRAVERSE PURE 38 S. Le reste de l\u00e9quipement peut \u00eatre rang\u00e9 dans le rabat du sac \u00e0 dos, dans le compartiment int\u00e9rieur, dans la poche avant \u00e9lastique et dans le compartiment inf\u00e9rieur. Le filet de fixation pour casque, les sangles de compression, la fixation pour b\u00e2tons, la poche \u00e0 la ceinture et celle sur les bretelles compl\u00e8tent les caract\u00e9ristiques con\u00e7ues sp\u00e9cialement pour la montagne.   <\/p>\n<p>Caract\u00e9ristiques<br \/>\nAcc\u00e8s au compartiment principal : frontal<br \/>\nAcc\u00e8s au compartiment principal : par le haut<br \/>\nFermeture \u00e9clair p\u00e9riph\u00e9rique<br \/>\nCompartiment pour carte<br \/>\nPoche lat\u00e9rale<br \/>\nCompartiment inf\u00e9rieur<br \/>\nA-Skifix<br \/>\nFixation pour b\u00e2tons<br \/>\nFilet de fixation pour casque<br \/>\nPr\u00e9paration pour syst\u00e8me dhydratation<br \/>\nSupport pour bouteille \u00e0 lint\u00e9rieur<br \/>\nProtection anti-pluie<br \/>\nFermeture pectorale avec sifflet durgence<br \/>\nPoche pour lunettes sur la bretelle<br \/>\nCompartiment pour objets de valeur avec porte-cl\u00e9s<br \/>\nEmergency Card<\/p>\n<p>Mat\u00e9riau<br \/>\nPOLYAMIDE 210D ROBIC : 75 % polyamide (recycl\u00e9) + 25 % polyester<\/p>\n<p>&nbsp;<\/p>\n","protected":false},"excerpt":{"rendered":"<p>UN SAC \u00c0 DOS POLYVALENT POUR DE GRANDES AVENTURES ALPINES Sac \u00e0 dos polyvalent, confortable et fonctionnel pour les randonn\u00e9es<\/p>\n","protected":false},"featured_media":799365,"template":"","meta":{"_seopress_robots_primary_cat":"none","_seopress_titles_title":"","_seopress_titles_desc":"","_seopress_robots_index":""},"product_brand":[3280],"product_cat":[21,186],"product_tag":[],"class_list":{"0":"post-799412","1":"product","2":"type-product","3":"status-publish","4":"has-post-thumbnail","6":"product_brand-ortovox","7":"product_cat-abbigliamento","8":"product_cat-accessori-per-labbigliamento","9":"sws-gruppo-abb-libero-fr","10":"sws-conto-ricavi-merci-rivendita-abbigliamento-fr","11":"sws-gruppo-iva-iva81-fr","13":"first","14":"instock","15":"shipping-taxable","16":"purchasable","17":"product-type-variable","18":"has-default-attributes"},"_links":{"self":[{"href":"https:\/\/lucacastelli.com\/fr\/wp-json\/wp\/v2\/product\/799412","targetHints":{"allow":["GET"]}}],"collection":[{"href":"https:\/\/lucacastelli.com\/fr\/wp-json\/wp\/v2\/product"}],"about":[{"href":"https:\/\/lucacastelli.com\/fr\/wp-json\/wp\/v2\/types\/product"}],"wp:featuredmedia":[{"embeddable":true,"href":"https:\/\/lucacastelli.com\/fr\/wp-json\/wp\/v2\/media\/799365"}],"wp:attachment":[{"href":"https:\/\/lucacastelli.com\/fr\/wp-json\/wp\/v2\/media?parent=799412"}],"wp:term":[{"taxonomy":"product_brand","embeddable":true,"href":"https:\/\/lucacastelli.com\/fr\/wp-json\/wp\/v2\/product_brand?post=799412"},{"taxonomy":"product_cat","embeddable":true,"href":"https:\/\/lucacastelli.com\/fr\/wp-json\/wp\/v2\/product_cat?post=799412"},{"taxonomy":"product_tag","embeddable":true,"href":"https:\/\/lucacastelli.com\/fr\/wp-json\/wp\/v2\/product_tag?post=799412"}],"curies":[{"name":"wp","href":"https:\/\/api.w.org\/{rel}","templated":true}]}}