{"id":799286,"date":"2026-03-14T20:56:10","date_gmt":"2026-03-14T19:56:10","guid":{"rendered":"https:\/\/lucacastelli.com\/?post_type=product&#038;p=799286"},"modified":"2026-03-14T21:27:22","modified_gmt":"2026-03-14T20:27:22","slug":"ortovox-150-cool-mtn-mission-ts-copia-copia-copia","status":"publish","type":"product","link":"https:\/\/lucacastelli.com\/fr\/produit\/ortovox-150-cool-mtn-mission-ts-copia-copia-copia\/","title":{"rendered":"ORTOVOX 150 ESSENTIAL TOP"},"content":{"rendered":"<p>POUR DES PERFORMANCES SPORTIVES EXCEPTIONNELLES<br \/>\nTop l\u00e9ger et confortable en laine m\u00e9rinos pour activit\u00e9s de montagne intenses<\/p>\n<p>Points forts<br \/>\nCoupe naturelle et confortable<br \/>\nR\u00e9gulation climatique id\u00e9ale<br \/>\nR\u00e9gule l\u2019humidit\u00e9<br \/>\nToujours avec vous, essentiel en montagne ! La r\u00e9volution du sous-v\u00eatement : naturel, fonctionnel et extr\u00eamement confortable pour les journ\u00e9es de sport en montagne. <\/p>\n<p>Le 150 ESSENTIAL TOP pour femme est con\u00e7u pour les athl\u00e8tes de montagne : pour lescalade multi-longueurs sur grandes parois, les randonn\u00e9es de trekking exigeantes en haute altitude en \u00e9t\u00e9 ou le ski de randonn\u00e9e en hiver. Le 150 ESSENTIAL TOP suivra chacun de vos mouvements gr\u00e2ce aux bretelles qui se rejoignent entre les \u00e9paules, vous assurant un climat id\u00e9al et un confort maximal. La teneur \u00e9lev\u00e9e en laine m\u00e9rinos de qualit\u00e9 permet une r\u00e9gulation optimale de lhumidit\u00e9 et neutralise les odeurs de mani\u00e8re naturelle. La pr\u00e9sence d\u00e9lasthanne garantit un ajustement parfait. Avec une \u00e9paisseur de mati\u00e8re de 150 g\/m2, les amateurs de sports de montagne seront \u00e9quip\u00e9s au mieux pour une large plage de temp\u00e9ratures.    <\/p>\n<p>Un design tendance et des couleurs fra\u00eeches finalisent \u00e0 la perfection ce sous-v\u00eatement, tout en vous mettant de bonne humeur. Pour les sportives les plus \u00e0 la mode qui aiment vivre la montagne en toute saison et veulent pouvoir compter \u00e0 100 % sur leurs sous-v\u00eatements. <\/p>\n<p>Caract\u00e9ristiques<br \/>\nRespirant<\/p>\n<p>&nbsp;<\/p>\n<p>Notre LAINE M\u00c9RINOS durable provient d\u00e9levages contr\u00f4l\u00e9s o\u00f9 les animaux vivent une existence heureuse. Cest une laine agr\u00e9ablement douce et facile \u00e0 traiter qui, gr\u00e2ce \u00e0 la r\u00e9gulation optimale de la temp\u00e9rature et de lhumidit\u00e9, offre un confort \u00e9lev\u00e9. <\/p>\n<p>100 % laine vierge (m\u00e9rinos)<br \/>\nLAINE M\u00c9RINOS : r\u00e9gulation de la temp\u00e9rature et de l\u2019humidit\u00e9, neutralisation des odeurs et mati\u00e8re premi\u00e8re renouvelable<br \/>\nTENCEL\u2122 : r\u00e9gule la temp\u00e9rature, r\u00e9gule l\u2019humidit\u00e9, neutralise les odeurs, est produit avec des mati\u00e8res premi\u00e8res renouvelables<br \/>\nLYCRA ajustement parfait et \u00e9lasticit\u00e9 \u00e9lev\u00e9e<br \/>\nConfort \u00e9lev\u00e9<\/p>\n","protected":false},"excerpt":{"rendered":"<p>POUR DES PERFORMANCES SPORTIVES EXCEPTIONNELLES Top l\u00e9ger et confortable en laine m\u00e9rinos pour activit\u00e9s de montagne intenses Points forts Coupe<\/p>\n","protected":false},"featured_media":799312,"template":"","meta":{"_seopress_robots_primary_cat":"none","_seopress_titles_title":"","_seopress_titles_desc":"","_seopress_robots_index":""},"product_brand":[3280],"product_cat":[21,189,200],"product_tag":[],"class_list":{"0":"post-799286","1":"product","2":"type-product","3":"status-publish","4":"has-post-thumbnail","6":"product_brand-ortovox","7":"product_cat-abbigliamento","8":"product_cat-abbigliamento-per-il-tempo-libero","9":"product_cat-abbigliamento-da-donna","10":"sws-gruppo-abb-libero-fr","11":"sws-conto-ricavi-merci-rivendita-abbigliamento-fr","12":"sws-gruppo-iva-iva81-fr","14":"first","15":"instock","16":"shipping-taxable","17":"purchasable","18":"product-type-variable","19":"has-default-attributes"},"_links":{"self":[{"href":"https:\/\/lucacastelli.com\/fr\/wp-json\/wp\/v2\/product\/799286","targetHints":{"allow":["GET"]}}],"collection":[{"href":"https:\/\/lucacastelli.com\/fr\/wp-json\/wp\/v2\/product"}],"about":[{"href":"https:\/\/lucacastelli.com\/fr\/wp-json\/wp\/v2\/types\/product"}],"wp:featuredmedia":[{"embeddable":true,"href":"https:\/\/lucacastelli.com\/fr\/wp-json\/wp\/v2\/media\/799312"}],"wp:attachment":[{"href":"https:\/\/lucacastelli.com\/fr\/wp-json\/wp\/v2\/media?parent=799286"}],"wp:term":[{"taxonomy":"product_brand","embeddable":true,"href":"https:\/\/lucacastelli.com\/fr\/wp-json\/wp\/v2\/product_brand?post=799286"},{"taxonomy":"product_cat","embeddable":true,"href":"https:\/\/lucacastelli.com\/fr\/wp-json\/wp\/v2\/product_cat?post=799286"},{"taxonomy":"product_tag","embeddable":true,"href":"https:\/\/lucacastelli.com\/fr\/wp-json\/wp\/v2\/product_tag?post=799286"}],"curies":[{"name":"wp","href":"https:\/\/api.w.org\/{rel}","templated":true}]}}