{"id":799002,"date":"2026-03-14T18:57:11","date_gmt":"2026-03-14T17:57:11","guid":{"rendered":"https:\/\/lucacastelli.com\/prodotto\/short-cargo-hh-quick-dry-11-pour-homme-helly-hansen\/"},"modified":"2026-03-14T18:57:11","modified_gmt":"2026-03-14T17:57:11","slug":"short-cargo-hh-quick-dry-11-pour-homme-helly-hansen","status":"publish","type":"product","link":"https:\/\/lucacastelli.com\/fr\/produit\/short-cargo-hh-quick-dry-11-pour-homme-helly-hansen\/","title":{"rendered":"Short cargo HH Quick-Dry 11&#8243; pour homme HELLY HANSEN"},"content":{"rendered":"<p>Con\u00e7us pour la voile ou pour ceux qui recherchent un v\u00eatement technique offrant une protection solaire, nos shorts cargo HH Quick-Dry 11&#8243; pour homme allient praticit\u00e9 et performance. Nous avons fabriqu\u00e9 ces shorts cargo pour homme dans un tissu ripstop l\u00e9ger, extensible et r\u00e9sistant pour offrir confort et libert\u00e9 de mouvement tout au long de la journ\u00e9e. Les shorts sont \u00e9galement dot\u00e9s dune protection solaire UPF 50+ int\u00e9gr\u00e9e, ainsi que de plusieurs poches cargo pour ranger les objets du quotidien.  <\/p>\n<p>Composition des fibres :<\/p>\n<div class=\"richtext_wrapper__3MzTU blocks_root__vE_15\">Ext\u00e9rieur : 92 % polyamide (recycl\u00e9), 8 % \u00e9lasthanne &#8211; Doublure : 100 % polyester (recycl\u00e9)<\/div>\n","protected":false},"excerpt":{"rendered":"<p>Con\u00e7us pour la voile ou pour ceux qui recherchent un v\u00eatement technique offrant une protection solaire, nos shorts cargo HH<\/p>\n","protected":false},"featured_media":798940,"template":"","meta":{"_seopress_robots_primary_cat":"","_seopress_titles_title":"","_seopress_titles_desc":"","_seopress_robots_index":""},"product_brand":[3646],"product_cat":[81,982],"product_tag":[],"class_list":{"0":"post-799002","1":"product","2":"type-product","3":"status-publish","4":"has-post-thumbnail","6":"product_brand-helly-hansen-fr","7":"product_cat-vetements","8":"product_cat-vetements-pour-hommes","9":"sws-gruppo-abb-libero-fr","10":"sws-conto-ricavi-merci-rivendita-abbigliamento-fr","11":"sws-gruppo-iva-iva81-fr","13":"first","14":"instock","15":"shipping-taxable","16":"purchasable","17":"product-type-variable","18":"has-default-attributes"},"_links":{"self":[{"href":"https:\/\/lucacastelli.com\/fr\/wp-json\/wp\/v2\/product\/799002","targetHints":{"allow":["GET"]}}],"collection":[{"href":"https:\/\/lucacastelli.com\/fr\/wp-json\/wp\/v2\/product"}],"about":[{"href":"https:\/\/lucacastelli.com\/fr\/wp-json\/wp\/v2\/types\/product"}],"wp:featuredmedia":[{"embeddable":true,"href":"https:\/\/lucacastelli.com\/fr\/wp-json\/wp\/v2\/media\/798940"}],"wp:attachment":[{"href":"https:\/\/lucacastelli.com\/fr\/wp-json\/wp\/v2\/media?parent=799002"}],"wp:term":[{"taxonomy":"product_brand","embeddable":true,"href":"https:\/\/lucacastelli.com\/fr\/wp-json\/wp\/v2\/product_brand?post=799002"},{"taxonomy":"product_cat","embeddable":true,"href":"https:\/\/lucacastelli.com\/fr\/wp-json\/wp\/v2\/product_cat?post=799002"},{"taxonomy":"product_tag","embeddable":true,"href":"https:\/\/lucacastelli.com\/fr\/wp-json\/wp\/v2\/product_tag?post=799002"}],"curies":[{"name":"wp","href":"https:\/\/api.w.org\/{rel}","templated":true}]}}