{"id":798985,"date":"2026-03-14T19:03:46","date_gmt":"2026-03-14T18:03:46","guid":{"rendered":"https:\/\/lucacastelli.com\/prodotto\/short-hh-quick-dry-helly-hansen-pour-homme\/"},"modified":"2026-03-14T19:03:46","modified_gmt":"2026-03-14T18:03:46","slug":"short-hh-quick-dry-helly-hansen-pour-homme","status":"publish","type":"product","link":"https:\/\/lucacastelli.com\/fr\/produit\/short-hh-quick-dry-helly-hansen-pour-homme\/","title":{"rendered":"Short HH Quick Dry HELLY HANSEN pour homme"},"content":{"rendered":"<p>Le short pour homme HH Quick Dry est con\u00e7u pour allier performance et style. Id\u00e9al pour la voile et les modes de vie actifs, sa coupe extensible accompagne chaque mouvement pour une libert\u00e9 totale. Son tissu ripstop l\u00e9ger assure confort et durabilit\u00e9, tandis que la protection UPF 50+ int\u00e9gr\u00e9e fait barrage aux UV. Parfait par temps chaud et sec, ce short offre un design sobre et pratique.   <\/p>\n<p>Composition des fibres :<\/p>\n<div class=\"richtext_wrapper__3MzTU blocks_root__vE_15\">Ext\u00e9rieur : 92 % polyamide (recycl\u00e9), 8 % \u00e9lasthanne &#8211; Doublure : 100 % polyester (recycl\u00e9)<\/div>\n<div><\/div>\n<div>Poids : 205 g<\/div>\n","protected":false},"excerpt":{"rendered":"<p>Le short pour homme HH Quick Dry est con\u00e7u pour allier performance et style. Id\u00e9al pour la voile et les<\/p>\n","protected":false},"featured_media":798971,"template":"","meta":{"_seopress_robots_primary_cat":"none","_seopress_titles_title":"","_seopress_titles_desc":"","_seopress_robots_index":""},"product_brand":[3646],"product_cat":[81,982],"product_tag":[],"class_list":{"0":"post-798985","1":"product","2":"type-product","3":"status-publish","4":"has-post-thumbnail","6":"product_brand-helly-hansen-fr","7":"product_cat-vetements","8":"product_cat-vetements-pour-hommes","9":"sws-gruppo-abb-libero-fr","10":"sws-conto-ricavi-merci-rivendita-abbigliamento-fr","11":"sws-gruppo-iva-iva81-fr","13":"first","14":"instock","15":"shipping-taxable","16":"purchasable","17":"product-type-variable","18":"has-default-attributes"},"_links":{"self":[{"href":"https:\/\/lucacastelli.com\/fr\/wp-json\/wp\/v2\/product\/798985","targetHints":{"allow":["GET"]}}],"collection":[{"href":"https:\/\/lucacastelli.com\/fr\/wp-json\/wp\/v2\/product"}],"about":[{"href":"https:\/\/lucacastelli.com\/fr\/wp-json\/wp\/v2\/types\/product"}],"wp:featuredmedia":[{"embeddable":true,"href":"https:\/\/lucacastelli.com\/fr\/wp-json\/wp\/v2\/media\/798971"}],"wp:attachment":[{"href":"https:\/\/lucacastelli.com\/fr\/wp-json\/wp\/v2\/media?parent=798985"}],"wp:term":[{"taxonomy":"product_brand","embeddable":true,"href":"https:\/\/lucacastelli.com\/fr\/wp-json\/wp\/v2\/product_brand?post=798985"},{"taxonomy":"product_cat","embeddable":true,"href":"https:\/\/lucacastelli.com\/fr\/wp-json\/wp\/v2\/product_cat?post=798985"},{"taxonomy":"product_tag","embeddable":true,"href":"https:\/\/lucacastelli.com\/fr\/wp-json\/wp\/v2\/product_tag?post=798985"}],"curies":[{"name":"wp","href":"https:\/\/api.w.org\/{rel}","templated":true}]}}