{"id":798893,"date":"2026-03-14T18:35:06","date_gmt":"2026-03-14T17:35:06","guid":{"rendered":"https:\/\/lucacastelli.com\/?post_type=product&#038;p=798893"},"modified":"2026-03-14T19:12:43","modified_gmt":"2026-03-14T18:12:43","slug":"sweat-a-capuche-zippe-hh-lifa-tech-lite-pour-homme-helly-hansen-copia-copia","status":"publish","type":"product","link":"https:\/\/lucacastelli.com\/fr\/produit\/sweat-a-capuche-zippe-hh-lifa-tech-lite-pour-homme-helly-hansen-copia-copia\/","title":{"rendered":"Pantalon Helly Hansen Vika Tur Pants 2.0 pour homme"},"content":{"rendered":"<div class=\"productDetailsSection_productDescriptionSection__FDg0y\">\n<div class=\"productDescription_productDescription__sJIE6\" data-mt-type=\"product-description\">\n<div class=\"richtext_wrapper__3MzTU productDescription_productDescriptionContent__0A3VB\">\n<div class=\"productDetailsSection_productDescriptionSection__FDg0y\">\n<div class=\"productDescription_productDescription__sJIE6\" data-mt-type=\"product-description\">\n<div class=\"richtext_wrapper__3MzTU productDescription_productDescriptionContent__0A3VB\">Notre pantalon Vika Tur Pants 2.0 pour homme r\u00e9sistant et extensible est con\u00e7u pour les randonneurs \u00e0 la recherche de v\u00eatements l\u00e9gers et ajust\u00e9s. Les genoux pr\u00e9form\u00e9s et le gousset dentrejambe permettent une plus grande flexibilit\u00e9 et libert\u00e9 de mouvement pendant les randonn\u00e9es. Ce pantalon est \u00e9galement dot\u00e9 de panneaux de renfort en tissu softshell r\u00e9sistant et extensible sur les fesses et du genou jusquau cou-de-pied. Gr\u00e2ce \u00e0 la taille \u00e9lastiqu\u00e9e et au bas de jambe r\u00e9glable, vous pouvez personnaliser lajustement pour un confort optimal. Les poches pour les mains et une poche zipp\u00e9e sur la cuisse vous permettent de ranger commod\u00e9ment vos effets personnels. Ce pantalon contient des mat\u00e9riaux recycl\u00e9s. Voir la composition pour plus de d\u00e9tails.      <\/p>\n<p>Composition des fibres :<\/p>\n<div class=\"richtext_wrapper__3MzTU blocks_root__vE_15\">Ext\u00e9rieur : 96 % polyamide (recycl\u00e9), 4 % \u00e9lasthanne &#8211; Ext\u00e9rieur 2 : 47 % polyamide (recycl\u00e9), 41 % polyamide, 12 % \u00e9lasthanne<\/div>\n<\/div>\n<\/div>\n<\/div>\n<\/div>\n<\/div>\n<\/div>\n","protected":false},"excerpt":{"rendered":"<p>Notre pantalon Vika Tur Pants 2.0 pour homme r\u00e9sistant et extensible est con\u00e7u pour les randonneurs \u00e0 la recherche de<\/p>\n","protected":false},"featured_media":798923,"template":"","meta":{"_seopress_robots_primary_cat":"none","_seopress_titles_title":"","_seopress_titles_desc":"","_seopress_robots_index":""},"product_brand":[3646],"product_cat":[81,981,982],"product_tag":[],"class_list":{"0":"post-798893","1":"product","2":"type-product","3":"status-publish","4":"has-post-thumbnail","6":"product_brand-helly-hansen-fr","7":"product_cat-vetements","8":"product_cat-vetements-de-loisirs","9":"product_cat-vetements-pour-hommes","10":"sws-gruppo-abb-libero-fr","11":"sws-conto-ricavi-merci-rivendita-abbigliamento-fr","12":"sws-gruppo-iva-iva81-fr","14":"first","15":"instock","16":"shipping-taxable","17":"purchasable","18":"product-type-variable","19":"has-default-attributes"},"_links":{"self":[{"href":"https:\/\/lucacastelli.com\/fr\/wp-json\/wp\/v2\/product\/798893","targetHints":{"allow":["GET"]}}],"collection":[{"href":"https:\/\/lucacastelli.com\/fr\/wp-json\/wp\/v2\/product"}],"about":[{"href":"https:\/\/lucacastelli.com\/fr\/wp-json\/wp\/v2\/types\/product"}],"wp:featuredmedia":[{"embeddable":true,"href":"https:\/\/lucacastelli.com\/fr\/wp-json\/wp\/v2\/media\/798923"}],"wp:attachment":[{"href":"https:\/\/lucacastelli.com\/fr\/wp-json\/wp\/v2\/media?parent=798893"}],"wp:term":[{"taxonomy":"product_brand","embeddable":true,"href":"https:\/\/lucacastelli.com\/fr\/wp-json\/wp\/v2\/product_brand?post=798893"},{"taxonomy":"product_cat","embeddable":true,"href":"https:\/\/lucacastelli.com\/fr\/wp-json\/wp\/v2\/product_cat?post=798893"},{"taxonomy":"product_tag","embeddable":true,"href":"https:\/\/lucacastelli.com\/fr\/wp-json\/wp\/v2\/product_tag?post=798893"}],"curies":[{"name":"wp","href":"https:\/\/api.w.org\/{rel}","templated":true}]}}