{"id":798855,"date":"2026-03-14T18:31:39","date_gmt":"2026-03-14T17:31:39","guid":{"rendered":"https:\/\/lucacastelli.com\/?post_type=product&#038;p=798855"},"modified":"2026-03-14T19:13:55","modified_gmt":"2026-03-14T18:13:55","slug":"sweat-a-capuche-zippe-hh-lifa-tech-lite-pour-homme-helly-hansen-copia","status":"publish","type":"product","link":"https:\/\/lucacastelli.com\/fr\/produit\/sweat-a-capuche-zippe-hh-lifa-tech-lite-pour-homme-helly-hansen-copia\/","title":{"rendered":"Helly Hansen Womens Thalia Pants"},"content":{"rendered":"<div class=\"productDetailsSection_productDescriptionSection__FDg0y\">\n<div class=\"productDescription_productDescription__sJIE6\" data-mt-type=\"product-description\">\n<div class=\"richtext_wrapper__3MzTU productDescription_productDescriptionContent__0A3VB\">Le pantalon femme Thalia Pants se distingue par sa polyvalence et son confort, ce qui le rend parfait pour les voyages, les aventures quotidiennes ou les sorties. R\u00e9alis\u00e9 dans un tissu l\u00e9ger et extensible, ce v\u00eatement \u00e0 s\u00e9chage rapide est \u00e9galement facile \u00e0 laver. Ce pantalon est dot\u00e9 de deux poches pour les mains et dune large ceinture \u00e9lastique avec cordon de serrage qui permet un ajustement personnalis\u00e9. De plus, les jambes fusel\u00e9es valorisent la silhouette.   <\/div>\n<\/div>\n<\/div>\n<div class=\"productDetailsSection_productUseForSection__jiMZL\">\n<div class=\"Collapsible accordion_accordionContainerOpen__CclY2 accordion_accordionContainer__onjDO\"><span id=\"collapsible-trigger-_r_2e_\" class=\"Collapsible__trigger is-open\" role=\"button\" aria-expanded=\"true\" aria-disabled=\"false\" aria-controls=\"collapsible-content-_r_2e_\"><\/span><\/p>\n<div id=\"collapsible-content-_r_2e_\" class=\"Collapsible__contentOuter\" role=\"region\" aria-labelledby=\"collapsible-trigger-_r_2e_\">\n<div class=\"Collapsible__contentInner\">\n<div class=\"productUseFor_listItem__bOFv_ productUseFor_listItemRight__oPxip\">\nComposition des fibres :<\/p>\n<div class=\"richtext_wrapper__3MzTU blocks_root__vE_15\">Ext\u00e9rieur : 86 % polyester (recycl\u00e9), 14 % \u00e9lasthanne<\/div>\n<\/div>\n<\/div>\n<\/div>\n<\/div>\n<\/div>\n","protected":false},"excerpt":{"rendered":"<p>Le pantalon femme Thalia Pants se distingue par sa polyvalence et son confort, ce qui le rend parfait pour les<\/p>\n","protected":false},"featured_media":798869,"template":"","meta":{"_seopress_robots_primary_cat":"none","_seopress_titles_title":"","_seopress_titles_desc":"","_seopress_robots_index":""},"product_brand":[3646],"product_cat":[81,981,1387],"product_tag":[],"class_list":{"0":"post-798855","1":"product","2":"type-product","3":"status-publish","4":"has-post-thumbnail","6":"product_brand-helly-hansen-fr","7":"product_cat-vetements","8":"product_cat-vetements-de-loisirs","9":"product_cat-vetements-pour-femmes","10":"sws-gruppo-abb-libero-fr","11":"sws-conto-ricavi-merci-rivendita-abbigliamento-fr","12":"sws-gruppo-iva-iva81-fr","14":"first","15":"instock","16":"shipping-taxable","17":"purchasable","18":"product-type-variable","19":"has-default-attributes"},"_links":{"self":[{"href":"https:\/\/lucacastelli.com\/fr\/wp-json\/wp\/v2\/product\/798855","targetHints":{"allow":["GET"]}}],"collection":[{"href":"https:\/\/lucacastelli.com\/fr\/wp-json\/wp\/v2\/product"}],"about":[{"href":"https:\/\/lucacastelli.com\/fr\/wp-json\/wp\/v2\/types\/product"}],"wp:featuredmedia":[{"embeddable":true,"href":"https:\/\/lucacastelli.com\/fr\/wp-json\/wp\/v2\/media\/798869"}],"wp:attachment":[{"href":"https:\/\/lucacastelli.com\/fr\/wp-json\/wp\/v2\/media?parent=798855"}],"wp:term":[{"taxonomy":"product_brand","embeddable":true,"href":"https:\/\/lucacastelli.com\/fr\/wp-json\/wp\/v2\/product_brand?post=798855"},{"taxonomy":"product_cat","embeddable":true,"href":"https:\/\/lucacastelli.com\/fr\/wp-json\/wp\/v2\/product_cat?post=798855"},{"taxonomy":"product_tag","embeddable":true,"href":"https:\/\/lucacastelli.com\/fr\/wp-json\/wp\/v2\/product_tag?post=798855"}],"curies":[{"name":"wp","href":"https:\/\/api.w.org\/{rel}","templated":true}]}}