{"id":798748,"date":"2026-03-14T17:39:48","date_gmt":"2026-03-14T16:39:48","guid":{"rendered":"https:\/\/lucacastelli.com\/?post_type=product&#038;p=798748"},"modified":"2026-03-14T17:47:15","modified_gmt":"2026-03-14T16:47:15","slug":"t-shirt-graphique-helly-hansen-massif-pour-homme-copia-copia-copia-copia-copia-copia-copia-copia","status":"publish","type":"product","link":"https:\/\/lucacastelli.com\/fr\/produit\/t-shirt-graphique-helly-hansen-massif-pour-homme-copia-copia-copia-copia-copia-copia-copia-copia\/","title":{"rendered":"Short Trail 6&#8243; Homme Helly Hansen"},"content":{"rendered":"<p>Con\u00e7u pour les marcheurs rapides sur terrains battus et hors-piste, le short Trail 6&#8243; homme deviendra votre short incontournable pour le trail running, la randonn\u00e9e ou la marche rapide par temps chaud. Ce short est fabriqu\u00e9 en tissu l\u00e9ger et extensible \u00e0 s\u00e9chage rapide qui ne vous alourdit pas. La taille \u00e9lastique avec cordon de serrage interne offre un ajustement r\u00e9glable, tandis que la doublure int\u00e9rieure slip int\u00e9gr\u00e9e aux propri\u00e9t\u00e9s respirantes garantit confort et maintien. Les \u00e9l\u00e9ments r\u00e9fl\u00e9chissants am\u00e9liorent la visibilit\u00e9 en conditions de faible luminosit\u00e9 et vous pouvez ranger vos objets de valeur en toute s\u00e9curit\u00e9 dans la poche zipp\u00e9e ou dans la petite poche int\u00e9rieure.   <\/p>\n<p>Composition des fibres :<\/p>\n<div class=\"richtext_wrapper__3MzTU blocks_root__vE_15\">Ext\u00e9rieur : 100 % polyester (recycl\u00e9) &#8211; Doublure : 92 % polyester (recycl\u00e9), 8 % \u00e9lasthanne<\/div>\n<p>&nbsp;<\/p>\n","protected":false},"excerpt":{"rendered":"<p>Con\u00e7u pour les marcheurs rapides sur terrains battus et hors-piste, le short Trail 6&#8243; homme deviendra votre short incontournable pour<\/p>\n","protected":false},"featured_media":798775,"template":"","meta":{"_seopress_robots_primary_cat":"none","_seopress_titles_title":"","_seopress_titles_desc":"","_seopress_robots_index":""},"product_brand":[3646],"product_cat":[81,981,982],"product_tag":[],"class_list":{"0":"post-798748","1":"product","2":"type-product","3":"status-publish","4":"has-post-thumbnail","6":"product_brand-helly-hansen-fr","7":"product_cat-vetements","8":"product_cat-vetements-de-loisirs","9":"product_cat-vetements-pour-hommes","10":"sws-gruppo-abb-libero-fr","11":"sws-conto-ricavi-merci-rivendita-abbigliamento-fr","12":"sws-gruppo-iva-iva81-fr","14":"first","15":"instock","16":"shipping-taxable","17":"purchasable","18":"product-type-variable","19":"has-default-attributes"},"_links":{"self":[{"href":"https:\/\/lucacastelli.com\/fr\/wp-json\/wp\/v2\/product\/798748","targetHints":{"allow":["GET"]}}],"collection":[{"href":"https:\/\/lucacastelli.com\/fr\/wp-json\/wp\/v2\/product"}],"about":[{"href":"https:\/\/lucacastelli.com\/fr\/wp-json\/wp\/v2\/types\/product"}],"wp:featuredmedia":[{"embeddable":true,"href":"https:\/\/lucacastelli.com\/fr\/wp-json\/wp\/v2\/media\/798775"}],"wp:attachment":[{"href":"https:\/\/lucacastelli.com\/fr\/wp-json\/wp\/v2\/media?parent=798748"}],"wp:term":[{"taxonomy":"product_brand","embeddable":true,"href":"https:\/\/lucacastelli.com\/fr\/wp-json\/wp\/v2\/product_brand?post=798748"},{"taxonomy":"product_cat","embeddable":true,"href":"https:\/\/lucacastelli.com\/fr\/wp-json\/wp\/v2\/product_cat?post=798748"},{"taxonomy":"product_tag","embeddable":true,"href":"https:\/\/lucacastelli.com\/fr\/wp-json\/wp\/v2\/product_tag?post=798748"}],"curies":[{"name":"wp","href":"https:\/\/api.w.org\/{rel}","templated":true}]}}