{"id":798706,"date":"2026-03-14T17:33:59","date_gmt":"2026-03-14T16:33:59","guid":{"rendered":"https:\/\/lucacastelli.com\/?post_type=product&#038;p=798706"},"modified":"2026-03-14T17:46:50","modified_gmt":"2026-03-14T16:46:50","slug":"t-shirt-graphique-helly-hansen-massif-pour-homme-copia-copia-copia-copia-copia-copia-copia","status":"publish","type":"product","link":"https:\/\/lucacastelli.com\/fr\/produit\/t-shirt-graphique-helly-hansen-massif-pour-homme-copia-copia-copia-copia-copia-copia-copia\/","title":{"rendered":"Sweat \u00e0 capuche zipp\u00e9 HH LIFA\u00ae Tech Lite pour homme Helly Hansen"},"content":{"rendered":"<div class=\"productDetailsSection_productDescriptionSection__FDg0y\">\n<div class=\"productDescription_productDescription__sJIE6\" data-mt-type=\"product-description\">\n<div class=\"richtext_wrapper__3MzTU productDescription_productDescriptionContent__0A3VB\">\n<div class=\"productDetailsSection_productDescriptionSection__FDg0y\">\n<div class=\"productDescription_productDescription__sJIE6\" data-mt-type=\"product-description\">\n<div class=\"richtext_wrapper__3MzTU productDescription_productDescriptionContent__0A3VB\">Ce sweat \u00e0 capuche zipp\u00e9 technique HH LIFA\u00ae Tech Lite pour homme, l\u00e9ger et polyvalent, fait partie de notre collection Velocity, con\u00e7ue pour vous accompagner lorsque vous vous aventurez hors des sentiers battus. Fabriqu\u00e9 avec notre tissu technique doux LIFA\u00ae ACTIVE, ce sweat \u00e0 capuche offre une isolation l\u00e9g\u00e8re et respirante ainsi quune bonne gestion de lhumidit\u00e9. Notre tissu LIFA\u00ae ACTIVE est parfait pour \u00e9vacuer lhumidit\u00e9 de la peau et vous garder confortable et au sec. Portez-le en couches pour toute aventure, du trail running \u00e0 la randonn\u00e9e en passant par lescalade.   <\/div>\n<\/div>\n<div>Composition des fibres :<\/p>\n<div class=\"richtext_wrapper__3MzTU blocks_root__vE_15\">Ext\u00e9rieur : 83 % polyester, 17 % polypropyl\u00e8ne<\/div>\n<\/div>\n<\/div>\n<\/div>\n<\/div>\n<\/div>\n","protected":false},"excerpt":{"rendered":"<p>Ce sweat \u00e0 capuche zipp\u00e9 technique HH LIFA\u00ae Tech Lite pour homme, l\u00e9ger et polyvalent, fait partie de notre collection<\/p>\n","protected":false},"featured_media":798732,"template":"","meta":{"_seopress_robots_primary_cat":"none","_seopress_titles_title":"","_seopress_titles_desc":"","_seopress_robots_index":""},"product_brand":[3646],"product_cat":[81,981,982],"product_tag":[],"class_list":{"0":"post-798706","1":"product","2":"type-product","3":"status-publish","4":"has-post-thumbnail","6":"product_brand-helly-hansen-fr","7":"product_cat-vetements","8":"product_cat-vetements-de-loisirs","9":"product_cat-vetements-pour-hommes","10":"sws-gruppo-abb-libero-fr","11":"sws-conto-ricavi-merci-rivendita-abbigliamento-fr","12":"sws-gruppo-iva-iva81-fr","14":"first","15":"instock","16":"shipping-taxable","17":"purchasable","18":"product-type-variable","19":"has-default-attributes"},"_links":{"self":[{"href":"https:\/\/lucacastelli.com\/fr\/wp-json\/wp\/v2\/product\/798706","targetHints":{"allow":["GET"]}}],"collection":[{"href":"https:\/\/lucacastelli.com\/fr\/wp-json\/wp\/v2\/product"}],"about":[{"href":"https:\/\/lucacastelli.com\/fr\/wp-json\/wp\/v2\/types\/product"}],"wp:featuredmedia":[{"embeddable":true,"href":"https:\/\/lucacastelli.com\/fr\/wp-json\/wp\/v2\/media\/798732"}],"wp:attachment":[{"href":"https:\/\/lucacastelli.com\/fr\/wp-json\/wp\/v2\/media?parent=798706"}],"wp:term":[{"taxonomy":"product_brand","embeddable":true,"href":"https:\/\/lucacastelli.com\/fr\/wp-json\/wp\/v2\/product_brand?post=798706"},{"taxonomy":"product_cat","embeddable":true,"href":"https:\/\/lucacastelli.com\/fr\/wp-json\/wp\/v2\/product_cat?post=798706"},{"taxonomy":"product_tag","embeddable":true,"href":"https:\/\/lucacastelli.com\/fr\/wp-json\/wp\/v2\/product_tag?post=798706"}],"curies":[{"name":"wp","href":"https:\/\/api.w.org\/{rel}","templated":true}]}}