{"id":798591,"date":"2026-03-14T17:13:45","date_gmt":"2026-03-14T16:13:45","guid":{"rendered":"https:\/\/lucacastelli.com\/?post_type=product&#038;p=798591"},"modified":"2026-03-14T17:46:02","modified_gmt":"2026-03-14T16:46:02","slug":"t-shirt-graphique-helly-hansen-massif-pour-homme-copia-copia-copia-copia-copia","status":"publish","type":"product","link":"https:\/\/lucacastelli.com\/fr\/produit\/t-shirt-graphique-helly-hansen-massif-pour-homme-copia-copia-copia-copia-copia\/","title":{"rendered":"Polo Ocean 2.0 Helly Hansen pour homme"},"content":{"rendered":"<div class=\"productDetailsSection_productDescriptionSection__FDg0y\">\n<div class=\"productDescription_productDescription__sJIE6\" data-mt-type=\"product-description\">\n<div class=\"richtext_wrapper__3MzTU productDescription_productDescriptionContent__0A3VB\">\n<div class=\"productDetailsSection_productDescriptionSection__FDg0y\">\n<div class=\"productDescription_productDescription__sJIE6\" data-mt-type=\"product-description\">\n<div class=\"richtext_wrapper__3MzTU productDescription_productDescriptionContent__0A3VB\">Notre polo Ocean 2.0 pour homme avec protection solaire UPF 50 est con\u00e7u pour la navigation par temps chaud. Ce polo l\u00e9ger et technique vous maintient au sec dans le plus grand confort gr\u00e2ce \u00e0 son tissu respirant \u00e0 s\u00e9chage rapide. Confectionn\u00e9 en piqu\u00e9 doux, cest un choix confortable et respirant au look classique pour les journ\u00e9es chaudes en mer ou sur la c\u00f4te.  <\/div>\n<\/div>\n<\/div>\n<div class=\"productDetailsSection_productUseForSection__jiMZL\">\n<div class=\"Collapsible accordion_accordionContainerOpen__CclY2 accordion_accordionContainer__onjDO\">\n<p>&nbsp;<\/p>\n<div id=\"collapsible-content-_r_s_\" class=\"Collapsible__contentOuter\" role=\"region\" aria-labelledby=\"collapsible-trigger-_r_s_\">\n<div class=\"Collapsible__contentInner\">\n<div class=\"productUseFor_content__27d1q\">\n<div class=\"productUseFor_listItems__FWjC0 productUseFor_listItemsRight__I67vN\">\n<div class=\"productUseFor_listItem__bOFv_ productUseFor_listItemRight__oPxip\">\n<p>Composition des fibres :<\/p>\n<div class=\"richtext_wrapper__3MzTU blocks_root__vE_15\">Ext\u00e9rieur : 100 % polyamide (recycl\u00e9)<\/div>\n<\/div>\n<\/div>\n<\/div>\n<\/div>\n<\/div>\n<\/div>\n<\/div>\n<\/div>\n<\/div>\n<\/div>\n","protected":false},"excerpt":{"rendered":"<p>Notre polo Ocean 2.0 pour homme avec protection solaire UPF 50 est con\u00e7u pour la navigation par temps chaud. Ce<\/p>\n","protected":false},"featured_media":798620,"template":"","meta":{"_seopress_robots_primary_cat":"none","_seopress_titles_title":"","_seopress_titles_desc":"","_seopress_robots_index":""},"product_brand":[3646],"product_cat":[81,981,982],"product_tag":[],"class_list":{"0":"post-798591","1":"product","2":"type-product","3":"status-publish","4":"has-post-thumbnail","6":"product_brand-helly-hansen-fr","7":"product_cat-vetements","8":"product_cat-vetements-de-loisirs","9":"product_cat-vetements-pour-hommes","10":"sws-gruppo-abb-libero-fr","11":"sws-conto-ricavi-merci-rivendita-abbigliamento-fr","12":"sws-gruppo-iva-iva81-fr","14":"first","15":"instock","16":"shipping-taxable","17":"purchasable","18":"product-type-variable","19":"has-default-attributes"},"_links":{"self":[{"href":"https:\/\/lucacastelli.com\/fr\/wp-json\/wp\/v2\/product\/798591","targetHints":{"allow":["GET"]}}],"collection":[{"href":"https:\/\/lucacastelli.com\/fr\/wp-json\/wp\/v2\/product"}],"about":[{"href":"https:\/\/lucacastelli.com\/fr\/wp-json\/wp\/v2\/types\/product"}],"wp:featuredmedia":[{"embeddable":true,"href":"https:\/\/lucacastelli.com\/fr\/wp-json\/wp\/v2\/media\/798620"}],"wp:attachment":[{"href":"https:\/\/lucacastelli.com\/fr\/wp-json\/wp\/v2\/media?parent=798591"}],"wp:term":[{"taxonomy":"product_brand","embeddable":true,"href":"https:\/\/lucacastelli.com\/fr\/wp-json\/wp\/v2\/product_brand?post=798591"},{"taxonomy":"product_cat","embeddable":true,"href":"https:\/\/lucacastelli.com\/fr\/wp-json\/wp\/v2\/product_cat?post=798591"},{"taxonomy":"product_tag","embeddable":true,"href":"https:\/\/lucacastelli.com\/fr\/wp-json\/wp\/v2\/product_tag?post=798591"}],"curies":[{"name":"wp","href":"https:\/\/api.w.org\/{rel}","templated":true}]}}