{"id":798551,"date":"2026-03-14T17:04:24","date_gmt":"2026-03-14T16:04:24","guid":{"rendered":"https:\/\/lucacastelli.com\/?post_type=product&#038;p=798551"},"modified":"2026-03-14T17:46:31","modified_gmt":"2026-03-14T16:46:31","slug":"t-shirt-graphique-helly-hansen-massif-pour-homme-copia-copia-copia-copia","status":"publish","type":"product","link":"https:\/\/lucacastelli.com\/fr\/produit\/t-shirt-graphique-helly-hansen-massif-pour-homme-copia-copia-copia-copia\/","title":{"rendered":"Pantalon de randonn\u00e9e amovible Helly Hansen Elv Light pour homme"},"content":{"rendered":"<div class=\"productDetailsSection_productDescriptionSection__FDg0y\">\n<div class=\"productDescription_productDescription__sJIE6\" data-mt-type=\"product-description\">\n<div class=\"richtext_wrapper__3MzTU productDescription_productDescriptionContent__0A3VB\">\n<div class=\"productDetailsSection_productDescriptionSection__FDg0y\">\n<div class=\"productDescription_productDescription__sJIE6\" data-mt-type=\"product-description\">\n<div class=\"richtext_wrapper__3MzTU productDescription_productDescriptionContent__0A3VB\">Nos pantalons l\u00e9gers Elv Light Zip Off Tur pour homme \u00e0 la coupe d\u00e9contract\u00e9e se transforment facilement en short lors des journ\u00e9es les plus chaudes gr\u00e2ce \u00e0 leur conception zipp\u00e9e. La couleur des fermetures \u00e9clair dissimul\u00e9es varie l\u00e9g\u00e8rement entre la jambe gauche et la jambe droite, ce qui permet de les retirer et de les remettre plus facilement. Fabriqu\u00e9s dans un tissu extensible et l\u00e9ger avec une finition respirante, ces pantalons sont confortables, offrent une grande libert\u00e9 de mouvement et s\u00e8chent rapidement. Les genoux articul\u00e9s permettent une plus grande libert\u00e9 de mouvement, tandis que les ourlets r\u00e9glables offrent un ajustement personnalisable. Une poche zipp\u00e9e sur la cuisse et des poches repose-mains ouvertes sont parfaites pour ranger de petits objets essentiels lorsque vous \u00eates sur les sentiers. Ce pantalon contient des mat\u00e9riaux recycl\u00e9s. Voir la composition pour plus de d\u00e9tails.      <\/div>\n<\/div>\n<\/div>\n<div class=\"productDetailsSection_productUseForSection__jiMZL\">\n<div class=\"Collapsible accordion_accordionContainerOpen__CclY2 accordion_accordionContainer__onjDO\"><span id=\"collapsible-trigger-_r_s_\" class=\"Collapsible__trigger is-open\" role=\"button\" aria-expanded=\"true\" aria-disabled=\"false\" aria-controls=\"collapsible-content-_r_s_\"><\/span><\/p>\n<div id=\"collapsible-content-_r_s_\" class=\"Collapsible__contentOuter\" role=\"region\" aria-labelledby=\"collapsible-trigger-_r_s_\">\n<div class=\"Collapsible__contentInner\">\n<div class=\"productUseFor_content__27d1q\">\n<div class=\"productUseFor_listItems__FWjC0 productUseFor_listItemsRight__I67vN\">\n<div class=\"productUseFor_listItem__bOFv_ productUseFor_listItemRight__oPxip\">\nComposition des fibres :<\/p>\n<div class=\"richtext_wrapper__3MzTU blocks_root__vE_15\">Ext\u00e9rieur: 54% polyamide (recycl\u00e9), 41% polyamide, 5% \u00e9lasthanne<\/div>\n<\/div>\n<\/div>\n<\/div>\n<\/div>\n<\/div>\n<\/div>\n<\/div>\n<\/div>\n<\/div>\n<\/div>\n","protected":false},"excerpt":{"rendered":"<p>Nos pantalons l\u00e9gers Elv Light Zip Off Tur pour homme \u00e0 la coupe d\u00e9contract\u00e9e se transforment facilement en short lors<\/p>\n","protected":false},"featured_media":798578,"template":"","meta":{"_seopress_robots_primary_cat":"none","_seopress_titles_title":"","_seopress_titles_desc":"","_seopress_robots_index":""},"product_brand":[3646],"product_cat":[81,981,982],"product_tag":[],"class_list":{"0":"post-798551","1":"product","2":"type-product","3":"status-publish","4":"has-post-thumbnail","6":"product_brand-helly-hansen-fr","7":"product_cat-vetements","8":"product_cat-vetements-de-loisirs","9":"product_cat-vetements-pour-hommes","10":"sws-gruppo-abb-libero-fr","11":"sws-conto-ricavi-merci-rivendita-abbigliamento-fr","12":"sws-gruppo-iva-iva81-fr","14":"first","15":"instock","16":"shipping-taxable","17":"purchasable","18":"product-type-variable","19":"has-default-attributes"},"_links":{"self":[{"href":"https:\/\/lucacastelli.com\/fr\/wp-json\/wp\/v2\/product\/798551","targetHints":{"allow":["GET"]}}],"collection":[{"href":"https:\/\/lucacastelli.com\/fr\/wp-json\/wp\/v2\/product"}],"about":[{"href":"https:\/\/lucacastelli.com\/fr\/wp-json\/wp\/v2\/types\/product"}],"wp:featuredmedia":[{"embeddable":true,"href":"https:\/\/lucacastelli.com\/fr\/wp-json\/wp\/v2\/media\/798578"}],"wp:attachment":[{"href":"https:\/\/lucacastelli.com\/fr\/wp-json\/wp\/v2\/media?parent=798551"}],"wp:term":[{"taxonomy":"product_brand","embeddable":true,"href":"https:\/\/lucacastelli.com\/fr\/wp-json\/wp\/v2\/product_brand?post=798551"},{"taxonomy":"product_cat","embeddable":true,"href":"https:\/\/lucacastelli.com\/fr\/wp-json\/wp\/v2\/product_cat?post=798551"},{"taxonomy":"product_tag","embeddable":true,"href":"https:\/\/lucacastelli.com\/fr\/wp-json\/wp\/v2\/product_tag?post=798551"}],"curies":[{"name":"wp","href":"https:\/\/api.w.org\/{rel}","templated":true}]}}