{"id":798501,"date":"2026-03-14T16:54:15","date_gmt":"2026-03-14T15:54:15","guid":{"rendered":"https:\/\/lucacastelli.com\/?post_type=product&#038;p=798501"},"modified":"2026-03-14T17:45:39","modified_gmt":"2026-03-14T16:45:39","slug":"t-shirt-graphique-helly-hansen-massif-pour-homme-copia-copia-copia","status":"publish","type":"product","link":"https:\/\/lucacastelli.com\/fr\/produit\/t-shirt-graphique-helly-hansen-massif-pour-homme-copia-copia-copia\/","title":{"rendered":"Short Helly Hansen HP Sirocco 9&#8221; pour homme"},"content":{"rendered":"<div class=\"productDetailsSection_productDescriptionSection__FDg0y\">\n<div class=\"productDescription_productDescription__sJIE6\" data-mt-type=\"product-description\">\n<div class=\"richtext_wrapper__3MzTU productDescription_productDescriptionContent__0A3VB\">Nos shorts HP Sirocco 9&#8221; pour homme sont con\u00e7us pour garantir performance et confort lors de la navigation ou des loisirs par temps chaud. Ces shorts sont fabriqu\u00e9s dans un tissu extensible dans les 4 sens, l\u00e9ger, souple et \u00e0 s\u00e9chage rapide pour un confort optimal durant les journ\u00e9es chaudes. Ils disposent \u00e9galement dune taille \u00e9lastiqu\u00e9e, de plusieurs poches et dun entrejambe renforc\u00e9 pour bouger en toute libert\u00e9.  <\/div>\n<\/div>\n<div>\nComposition des fibres :<\/p>\n<div class=\"richtext_wrapper__3MzTU blocks_root__vE_15\">Ext\u00e9rieur : 86 % polyester (recycl\u00e9), 14 % \u00e9lasthanne<\/div>\n<\/div>\n<\/div>\n","protected":false},"excerpt":{"rendered":"<p>Nos shorts HP Sirocco 9&#8221; pour homme sont con\u00e7us pour garantir performance et confort lors de la navigation ou des<\/p>\n","protected":false},"featured_media":798531,"template":"","meta":{"_seopress_robots_primary_cat":"none","_seopress_titles_title":"","_seopress_titles_desc":"","_seopress_robots_index":""},"product_brand":[3646],"product_cat":[81,981,982],"product_tag":[],"class_list":{"0":"post-798501","1":"product","2":"type-product","3":"status-publish","4":"has-post-thumbnail","6":"product_brand-helly-hansen-fr","7":"product_cat-vetements","8":"product_cat-vetements-de-loisirs","9":"product_cat-vetements-pour-hommes","10":"sws-gruppo-abb-libero-fr","11":"sws-conto-ricavi-merci-rivendita-abbigliamento-fr","12":"sws-gruppo-iva-iva81-fr","14":"first","15":"instock","16":"shipping-taxable","17":"purchasable","18":"product-type-variable","19":"has-default-attributes"},"_links":{"self":[{"href":"https:\/\/lucacastelli.com\/fr\/wp-json\/wp\/v2\/product\/798501","targetHints":{"allow":["GET"]}}],"collection":[{"href":"https:\/\/lucacastelli.com\/fr\/wp-json\/wp\/v2\/product"}],"about":[{"href":"https:\/\/lucacastelli.com\/fr\/wp-json\/wp\/v2\/types\/product"}],"wp:featuredmedia":[{"embeddable":true,"href":"https:\/\/lucacastelli.com\/fr\/wp-json\/wp\/v2\/media\/798531"}],"wp:attachment":[{"href":"https:\/\/lucacastelli.com\/fr\/wp-json\/wp\/v2\/media?parent=798501"}],"wp:term":[{"taxonomy":"product_brand","embeddable":true,"href":"https:\/\/lucacastelli.com\/fr\/wp-json\/wp\/v2\/product_brand?post=798501"},{"taxonomy":"product_cat","embeddable":true,"href":"https:\/\/lucacastelli.com\/fr\/wp-json\/wp\/v2\/product_cat?post=798501"},{"taxonomy":"product_tag","embeddable":true,"href":"https:\/\/lucacastelli.com\/fr\/wp-json\/wp\/v2\/product_tag?post=798501"}],"curies":[{"name":"wp","href":"https:\/\/api.w.org\/{rel}","templated":true}]}}