{"id":798461,"date":"2026-03-14T16:47:31","date_gmt":"2026-03-14T15:47:31","guid":{"rendered":"https:\/\/lucacastelli.com\/?post_type=product&#038;p=798461"},"modified":"2026-03-14T17:47:20","modified_gmt":"2026-03-14T16:47:20","slug":"t-shirt-graphique-helly-hansen-massif-pour-homme-copia-copia","status":"publish","type":"product","link":"https:\/\/lucacastelli.com\/fr\/produit\/t-shirt-graphique-helly-hansen-massif-pour-homme-copia-copia\/","title":{"rendered":"Gilet de voile Crew Sailing Vest 2.0 pour homme Helly Hansen"},"content":{"rendered":"<div class=\"productDetailsSection_productDescriptionSection__FDg0y\">\n<div class=\"productDescription_productDescription__sJIE6\" data-mt-type=\"product-description\">\n<div class=\"richtext_wrapper__3MzTU productDescription_productDescriptionContent__0A3VB\">Le Crew Sailing Vest 2.0 est un gilet pour homme fabriqu\u00e9 avec notre technologie HELLY TECH\u00ae Protection, qui le rend coupe-vent, imperm\u00e9able et respirant. Ce gilet est \u00e9galement dot\u00e9 de coutures enti\u00e8rement thermosoud\u00e9es qui emp\u00eachent leau de p\u00e9n\u00e9trer. Le col et les poches sont en polaire bross\u00e9e pour plus de chaleur. Le gilet est doubl\u00e9 en mesh pour augmenter le confort et la respirabilit\u00e9.   <\/div>\n<\/div>\n<\/div>\n<div class=\"productDetailsSection_productUseForSection__jiMZL\">\n<div class=\"Collapsible accordion_accordionContainerOpen__CclY2 accordion_accordionContainer__onjDO\"><span id=\"collapsible-trigger-_R_5ch5fiv5ubsnp9f999fivb_\" class=\"Collapsible__trigger is-open\" role=\"button\" aria-expanded=\"true\" aria-disabled=\"false\" aria-controls=\"collapsible-content-_R_5ch5fiv5ubsnp9f999fivb_\"><\/span><\/p>\n<div id=\"collapsible-content-_R_5ch5fiv5ubsnp9f999fivb_\" class=\"Collapsible__contentOuter\" role=\"region\" aria-labelledby=\"collapsible-trigger-_R_5ch5fiv5ubsnp9f999fivb_\">\n<div class=\"Collapsible__contentInner\">\n<div class=\"productUseFor_content__27d1q\">\n<div class=\"productUseFor_listItems__FWjC0 productUseFor_listItemsRight__I67vN\">\n<div class=\"productUseFor_listItem__bOFv_ productUseFor_listItemRight__oPxip\">\nComposition des fibres :<\/p>\n<div class=\"richtext_wrapper__3MzTU blocks_root__vE_15\">Ext\u00e9rieur : 100 % polyester &#8211; Doublure : 100 % polyester<\/div>\n<\/div>\n<\/div>\n<\/div>\n<\/div>\n<\/div>\n<\/div>\n<\/div>\n","protected":false},"excerpt":{"rendered":"<p>Le Crew Sailing Vest 2.0 est un gilet pour homme fabriqu\u00e9 avec notre technologie HELLY TECH\u00ae Protection, qui le rend<\/p>\n","protected":false},"featured_media":798489,"template":"","meta":{"_seopress_robots_primary_cat":"none","_seopress_titles_title":"","_seopress_titles_desc":"","_seopress_robots_index":""},"product_brand":[3646],"product_cat":[81,981,982],"product_tag":[],"class_list":{"0":"post-798461","1":"product","2":"type-product","3":"status-publish","4":"has-post-thumbnail","6":"product_brand-helly-hansen-fr","7":"product_cat-vetements","8":"product_cat-vetements-de-loisirs","9":"product_cat-vetements-pour-hommes","10":"sws-gruppo-abb-libero-fr","11":"sws-conto-ricavi-merci-rivendita-abbigliamento-fr","12":"sws-gruppo-iva-iva81-fr","14":"first","15":"instock","16":"shipping-taxable","17":"purchasable","18":"product-type-variable","19":"has-default-attributes"},"_links":{"self":[{"href":"https:\/\/lucacastelli.com\/fr\/wp-json\/wp\/v2\/product\/798461","targetHints":{"allow":["GET"]}}],"collection":[{"href":"https:\/\/lucacastelli.com\/fr\/wp-json\/wp\/v2\/product"}],"about":[{"href":"https:\/\/lucacastelli.com\/fr\/wp-json\/wp\/v2\/types\/product"}],"wp:featuredmedia":[{"embeddable":true,"href":"https:\/\/lucacastelli.com\/fr\/wp-json\/wp\/v2\/media\/798489"}],"wp:attachment":[{"href":"https:\/\/lucacastelli.com\/fr\/wp-json\/wp\/v2\/media?parent=798461"}],"wp:term":[{"taxonomy":"product_brand","embeddable":true,"href":"https:\/\/lucacastelli.com\/fr\/wp-json\/wp\/v2\/product_brand?post=798461"},{"taxonomy":"product_cat","embeddable":true,"href":"https:\/\/lucacastelli.com\/fr\/wp-json\/wp\/v2\/product_cat?post=798461"},{"taxonomy":"product_tag","embeddable":true,"href":"https:\/\/lucacastelli.com\/fr\/wp-json\/wp\/v2\/product_tag?post=798461"}],"curies":[{"name":"wp","href":"https:\/\/api.w.org\/{rel}","templated":true}]}}