{"id":798333,"date":"2026-03-14T15:46:08","date_gmt":"2026-03-14T14:46:08","guid":{"rendered":"https:\/\/lucacastelli.com\/prodotto\/helly-hansen-casquette-hp-unisexe\/"},"modified":"2026-03-14T15:46:08","modified_gmt":"2026-03-14T14:46:08","slug":"helly-hansen-casquette-hp-unisexe","status":"publish","type":"product","link":"https:\/\/lucacastelli.com\/fr\/produit\/helly-hansen-casquette-hp-unisexe\/","title":{"rendered":"HELLY HANSEN Casquette HP unisexe"},"content":{"rendered":"<p>La casquette HP unisexe pr\u00e9sente une visi\u00e8re l\u00e9g\u00e8rement incurv\u00e9e, des panneaux en filet respirants et une fermeture par bouton-pression s\u00e9curis\u00e9e. Le logo Hydropower audacieux rend hommage \u00e0 lesprit des navigateurs passionn\u00e9s de vitesse. <\/p>\n<p>Composition des fibres :<\/p>\n<div class=\"richtext_wrapper__3MzTU blocks_root__vE_15\">Ext\u00e9rieur : 100 % polyester &#8211; Ext\u00e9rieur 2 : 100 % polyester<\/div>\n<div class=\"productDetails_productDetailsCols__K1qqI\">\n<div class=\"productDetails_productDetailsRow__bHp5_\">\n<div class=\"blocks_mobileInlineWrapper__N_Soc\">Poids : 85 g<\/div>\n<\/div>\n<\/div>\n","protected":false},"excerpt":{"rendered":"<p>La casquette HP unisexe pr\u00e9sente une visi\u00e8re l\u00e9g\u00e8rement incurv\u00e9e, des panneaux en filet respirants et une fermeture par bouton-pression s\u00e9curis\u00e9e.<\/p>\n","protected":false},"featured_media":798185,"template":"","meta":{"_seopress_robots_primary_cat":"none","_seopress_titles_title":"","_seopress_titles_desc":"","_seopress_robots_index":""},"product_brand":[3646],"product_cat":[1390,81],"product_tag":[],"class_list":{"0":"post-798333","1":"product","2":"type-product","3":"status-publish","4":"has-post-thumbnail","6":"product_brand-helly-hansen-fr","7":"product_cat-accessoires-dhabillement","8":"product_cat-vetements","9":"sws-gruppo-abb-libero-fr","10":"sws-conto-ricavi-merci-rivendita-abbigliamento-fr","11":"sws-gruppo-iva-iva81-fr","13":"first","14":"instock","15":"shipping-taxable","16":"purchasable","17":"product-type-variable","18":"has-default-attributes"},"_links":{"self":[{"href":"https:\/\/lucacastelli.com\/fr\/wp-json\/wp\/v2\/product\/798333","targetHints":{"allow":["GET"]}}],"collection":[{"href":"https:\/\/lucacastelli.com\/fr\/wp-json\/wp\/v2\/product"}],"about":[{"href":"https:\/\/lucacastelli.com\/fr\/wp-json\/wp\/v2\/types\/product"}],"wp:featuredmedia":[{"embeddable":true,"href":"https:\/\/lucacastelli.com\/fr\/wp-json\/wp\/v2\/media\/798185"}],"wp:attachment":[{"href":"https:\/\/lucacastelli.com\/fr\/wp-json\/wp\/v2\/media?parent=798333"}],"wp:term":[{"taxonomy":"product_brand","embeddable":true,"href":"https:\/\/lucacastelli.com\/fr\/wp-json\/wp\/v2\/product_brand?post=798333"},{"taxonomy":"product_cat","embeddable":true,"href":"https:\/\/lucacastelli.com\/fr\/wp-json\/wp\/v2\/product_cat?post=798333"},{"taxonomy":"product_tag","embeddable":true,"href":"https:\/\/lucacastelli.com\/fr\/wp-json\/wp\/v2\/product_tag?post=798333"}],"curies":[{"name":"wp","href":"https:\/\/api.w.org\/{rel}","templated":true}]}}