{"id":798315,"date":"2026-03-14T15:19:31","date_gmt":"2026-03-14T14:19:31","guid":{"rendered":"https:\/\/lucacastelli.com\/prodotto\/t-shirt-graphique-helly-hansen-massif-pour-homme\/"},"modified":"2026-03-14T15:19:31","modified_gmt":"2026-03-14T14:19:31","slug":"t-shirt-graphique-helly-hansen-massif-pour-homme","status":"publish","type":"product","link":"https:\/\/lucacastelli.com\/fr\/produit\/t-shirt-graphique-helly-hansen-massif-pour-homme\/","title":{"rendered":"T-shirt graphique Helly Hansen Massif pour homme"},"content":{"rendered":"<p>Composition :<br \/>\nCe t-shirt est un v\u00e9ritable v\u00eatement polyvalent. Le jersey de polyester doux \u00e9vacue l\u2019humidit\u00e9, suit vos mouvements et vous prot\u00e8ge des coups de soleil. <\/p>\n<p>Composition : 92 % polyamide (recycl\u00e9), 8 % \u00e9lasthanne<\/p>\n","protected":false},"excerpt":{"rendered":"<p>Composition : Ce t-shirt est un v\u00e9ritable v\u00eatement polyvalent. Le jersey de polyester doux \u00e9vacue l\u2019humidit\u00e9, suit vos mouvements et<\/p>\n","protected":false},"featured_media":798124,"template":"","meta":{"_seopress_robots_primary_cat":"none","_seopress_titles_title":"","_seopress_titles_desc":"","_seopress_robots_index":""},"product_brand":[3425],"product_cat":[21,189,190],"product_tag":[],"class_list":{"0":"post-798315","1":"product","2":"type-product","3":"status-publish","4":"has-post-thumbnail","6":"product_brand-helly-hansen","7":"product_cat-abbigliamento","8":"product_cat-abbigliamento-per-il-tempo-libero","9":"product_cat-abbigliamento-da-uomo","10":"sws-gruppo-abb-libero-fr","11":"sws-conto-ricavi-merci-rivendita-abbigliamento-fr","12":"sws-gruppo-iva-iva81-fr","14":"first","15":"instock","16":"shipping-taxable","17":"purchasable","18":"product-type-variable","19":"has-default-attributes"},"_links":{"self":[{"href":"https:\/\/lucacastelli.com\/fr\/wp-json\/wp\/v2\/product\/798315","targetHints":{"allow":["GET"]}}],"collection":[{"href":"https:\/\/lucacastelli.com\/fr\/wp-json\/wp\/v2\/product"}],"about":[{"href":"https:\/\/lucacastelli.com\/fr\/wp-json\/wp\/v2\/types\/product"}],"wp:featuredmedia":[{"embeddable":true,"href":"https:\/\/lucacastelli.com\/fr\/wp-json\/wp\/v2\/media\/798124"}],"wp:attachment":[{"href":"https:\/\/lucacastelli.com\/fr\/wp-json\/wp\/v2\/media?parent=798315"}],"wp:term":[{"taxonomy":"product_brand","embeddable":true,"href":"https:\/\/lucacastelli.com\/fr\/wp-json\/wp\/v2\/product_brand?post=798315"},{"taxonomy":"product_cat","embeddable":true,"href":"https:\/\/lucacastelli.com\/fr\/wp-json\/wp\/v2\/product_cat?post=798315"},{"taxonomy":"product_tag","embeddable":true,"href":"https:\/\/lucacastelli.com\/fr\/wp-json\/wp\/v2\/product_tag?post=798315"}],"curies":[{"name":"wp","href":"https:\/\/api.w.org\/{rel}","templated":true}]}}