{"id":798311,"date":"2026-03-14T15:54:36","date_gmt":"2026-03-14T14:54:36","guid":{"rendered":"https:\/\/lucacastelli.com\/prodotto\/helly-hansen-casquette-unisexe-hh-brand-cap\/"},"modified":"2026-03-14T15:54:36","modified_gmt":"2026-03-14T14:54:36","slug":"helly-hansen-casquette-unisexe-hh-brand-cap","status":"publish","type":"product","link":"https:\/\/lucacastelli.com\/fr\/produit\/helly-hansen-casquette-unisexe-hh-brand-cap\/","title":{"rendered":"HELLY HANSEN Casquette unisexe HH Brand Cap"},"content":{"rendered":"<div class=\"productDetailsSection_productDescriptionSection__FDg0y\">\n<div class=\"productDescription_productDescription__sJIE6\" data-mt-type=\"product-description\">\n<div class=\"richtext_wrapper__3MzTU productDescription_productDescriptionContent__0A3VB\">Notre casquette unisexe HH Brand Cap est un accessoire unisexe qui offre confort et praticit\u00e9, aussi bien lors des randonn\u00e9es les plus longues que pour une promenade d\u00e9tendue. Elle pr\u00e9sente un look classique et est dot\u00e9e dune fermeture r\u00e9glable pour un ajustement confortable toute la journ\u00e9e. <\/p>\n<p>Composition des fibres :<\/p>\n<div class=\"richtext_wrapper__3MzTU blocks_root__vE_15\">Ext\u00e9rieur : 100 % coton<\/div>\n<div class=\"productDetails_productDetailsCols__K1qqI\">\n<div class=\"productDetails_productDetailsRow__bHp5_\">\n<div class=\"blocks_mobileInlineWrapper__N_Soc\">Poids : 85 g<\/div>\n<\/div>\n<\/div>\n<\/div>\n<\/div>\n<\/div>\n","protected":false},"excerpt":{"rendered":"<p>Notre casquette unisexe HH Brand Cap est un accessoire unisexe qui offre confort et praticit\u00e9, aussi bien lors des randonn\u00e9es<\/p>\n","protected":false},"featured_media":798230,"template":"","meta":{"_seopress_robots_primary_cat":"none","_seopress_titles_title":"","_seopress_titles_desc":"","_seopress_robots_index":""},"product_brand":[3646],"product_cat":[1390,81],"product_tag":[],"class_list":{"0":"post-798311","1":"product","2":"type-product","3":"status-publish","4":"has-post-thumbnail","6":"product_brand-helly-hansen-fr","7":"product_cat-accessoires-dhabillement","8":"product_cat-vetements","9":"sws-gruppo-abb-libero-fr","10":"sws-conto-ricavi-merci-rivendita-abbigliamento-fr","11":"sws-gruppo-iva-iva81-fr","13":"first","14":"instock","15":"shipping-taxable","16":"purchasable","17":"product-type-variable","18":"has-default-attributes"},"_links":{"self":[{"href":"https:\/\/lucacastelli.com\/fr\/wp-json\/wp\/v2\/product\/798311","targetHints":{"allow":["GET"]}}],"collection":[{"href":"https:\/\/lucacastelli.com\/fr\/wp-json\/wp\/v2\/product"}],"about":[{"href":"https:\/\/lucacastelli.com\/fr\/wp-json\/wp\/v2\/types\/product"}],"wp:featuredmedia":[{"embeddable":true,"href":"https:\/\/lucacastelli.com\/fr\/wp-json\/wp\/v2\/media\/798230"}],"wp:attachment":[{"href":"https:\/\/lucacastelli.com\/fr\/wp-json\/wp\/v2\/media?parent=798311"}],"wp:term":[{"taxonomy":"product_brand","embeddable":true,"href":"https:\/\/lucacastelli.com\/fr\/wp-json\/wp\/v2\/product_brand?post=798311"},{"taxonomy":"product_cat","embeddable":true,"href":"https:\/\/lucacastelli.com\/fr\/wp-json\/wp\/v2\/product_cat?post=798311"},{"taxonomy":"product_tag","embeddable":true,"href":"https:\/\/lucacastelli.com\/fr\/wp-json\/wp\/v2\/product_tag?post=798311"}],"curies":[{"name":"wp","href":"https:\/\/api.w.org\/{rel}","templated":true}]}}