{"id":797982,"date":"2026-03-18T12:05:45","date_gmt":"2026-03-18T11:05:45","guid":{"rendered":"https:\/\/lucacastelli.com\/?post_type=product&#038;p=797982"},"modified":"2026-03-18T12:05:59","modified_gmt":"2026-03-18T11:05:59","slug":"haix-black-eagle-safety-610-ltr-ll-black","status":"publish","type":"product","link":"https:\/\/lucacastelli.com\/fr\/produit\/haix-black-eagle-safety-610-ltr-ll-black\/","title":{"rendered":"HAIX BLACK EAGLE Safety 610 LTR LL black"},"content":{"rendered":"<p>Dessus: Cuir pleine fleur, hydrophobe, respirant, \u00e9paisseur du cuir 2,0-2,2 mm, Sun Reflect r\u00e9duit leffet d\u00e9chauffement du cuir de dessus d\u00fb au rayonnement solaire, la lumi\u00e8re du soleil est r\u00e9fl\u00e9chie par le cuir. Doublure int\u00e9rieure: Doublure en cuir de haute qualit\u00e9. Semelle int\u00e9rieure: Confortable, amortissante, \u00e9vacuant lhumidit\u00e9, coque de talon s\u00e9par\u00e9e assurant un bon amorti et un bon guidage du pied, canaux AIRFLOW, marquage Perfect-Fit pour un contr\u00f4le optimal de la pointure correcte. XLR8: Technologies XLR8 pour augmenter les performances, le contr\u00f4le et lendurance. Reforce g\u00e9n\u00e8re un mouvement de rotation cibl\u00e9 du calcan\u00e9um et redresse ainsi la vo\u00fbte plantaire. Le contrefort adaptatif sadapte avec le temps \u00e0 la forme individuelle du calcan\u00e9um et relie celui-ci de mani\u00e8re id\u00e9ale \u00e0 la chaussure. Lors de lappui, la chaussure est ainsi contr\u00f4l\u00e9e par le calcan\u00e9um. La suspension \u00e9quilibr\u00e9e absorbe limpact, emmagasine l\u00e9nergie et la restitue de mani\u00e8re cibl\u00e9e lors de limpulsion. La forme ergonomique permet au pied de s\u00e9panouir naturellement et librement, tout en assurant un guidage optimal de la chaussure par le pied. Semelle de montage: Ultra l\u00e9g\u00e8re, souple, amortissante, avec un rev\u00eatement en microfibre r\u00e9sistant \u00e0 labrasion et absorbant lhumidit\u00e9. Protection anti-perforation: Insert de semelle flexible, l\u00e9ger, sans m\u00e9tal et r\u00e9sistant \u00e0 la perforation avec 20% de composants recycl\u00e9s. Semelle ext\u00e9rieure: Semelle moderne et l\u00e9g\u00e8re en caoutchouc avec profil route\/tout-terrain et semelle interm\u00e9diaire en PU offrant de bonnes propri\u00e9t\u00e9s damorti, dexcellentes caract\u00e9ristiques de marche et une tr\u00e8s bonne isolation contre le chaud et le froid. La semelle en caoutchouc est antid\u00e9rapante, r\u00e9sistante \u00e0 labrasion, ne marque pas, est antistatique et r\u00e9sistante aux hydrocarbures. ESD: Chaussures \u00e0 dissipation \u00e9lectrostatique test\u00e9es selon EN IEC 61340-4-3:2018, EN IEC 61340-5-1:2016. Embout de protection: Embout de protection de forme anatomique, ultra-l\u00e9ger, en plastique renforc\u00e9 de fibres de verre pour les exigences de s\u00e9curit\u00e9 les plus \u00e9lev\u00e9es. Syst\u00e8me HAIX CO: Soulagement de la pression, amorti, correction de la position du pied, redressement du corps, \u00e9quilibre musculaire. Syst\u00e8me HAIX Vario Wide Fit: Gr\u00e2ce \u00e0 3 semelles int\u00e9rieures diff\u00e9rentes, la largeur de la chaussure peut \u00eatre ajust\u00e9e individuellement; la semelle rouge (medium) est livr\u00e9e avec la chaussure, les semelles jaune (wide) et bleue (narrow) doivent \u00eatre command\u00e9es s\u00e9par\u00e9ment. Syst\u00e8me HAIX Climate: Le syst\u00e8me HAIX Climate utilise le mouvement de pompage qui se produit lors de la marche et transporte lhumidit\u00e9 vers lext\u00e9rieur par la doublure Micro-Dry au niveau du haut de la tige. Divers: Sur-embout en TPU r\u00e9sistant \u00e0 labrasion, boucle denfilage, certifi\u00e9 pour semelles orthop\u00e9diques.                  <\/p>\n<p>Doublure en cuir thermor\u00e9gulatrice pour un confort maximal dans votre quotidien professionnel<\/p>\n<p>La\u00e7age classique<br \/>\nCuir<br \/>\nNon imperm\u00e9able<\/p>\n","protected":false},"excerpt":{"rendered":"<p>Dessus: Cuir pleine fleur, hydrophobe, respirant, \u00e9paisseur du cuir 2,0-2,2 mm, Sun Reflect r\u00e9duit leffet d\u00e9chauffement du cuir de dessus<\/p>\n","protected":false},"featured_media":797983,"template":"","meta":{"_seopress_robots_primary_cat":"","_seopress_titles_title":"","_seopress_titles_desc":"","_seopress_robots_index":""},"product_brand":[3638],"product_cat":[81],"product_tag":[],"class_list":{"0":"post-797982","1":"product","2":"type-product","3":"status-publish","4":"has-post-thumbnail","6":"product_brand-haix-fr","7":"product_cat-vetements","8":"sws-gruppo-no-gruppo-fr","9":"sws-categoria-sito-fr","10":"sws-conto-ricavi-merci-rivendita-calzature-fr","11":"sws-gruppo-iva-iva81-fr","13":"first","14":"instock","15":"shipping-taxable","16":"purchasable","17":"product-type-variable","18":"has-default-attributes"},"_links":{"self":[{"href":"https:\/\/lucacastelli.com\/fr\/wp-json\/wp\/v2\/product\/797982","targetHints":{"allow":["GET"]}}],"collection":[{"href":"https:\/\/lucacastelli.com\/fr\/wp-json\/wp\/v2\/product"}],"about":[{"href":"https:\/\/lucacastelli.com\/fr\/wp-json\/wp\/v2\/types\/product"}],"wp:featuredmedia":[{"embeddable":true,"href":"https:\/\/lucacastelli.com\/fr\/wp-json\/wp\/v2\/media\/797983"}],"wp:attachment":[{"href":"https:\/\/lucacastelli.com\/fr\/wp-json\/wp\/v2\/media?parent=797982"}],"wp:term":[{"taxonomy":"product_brand","embeddable":true,"href":"https:\/\/lucacastelli.com\/fr\/wp-json\/wp\/v2\/product_brand?post=797982"},{"taxonomy":"product_cat","embeddable":true,"href":"https:\/\/lucacastelli.com\/fr\/wp-json\/wp\/v2\/product_cat?post=797982"},{"taxonomy":"product_tag","embeddable":true,"href":"https:\/\/lucacastelli.com\/fr\/wp-json\/wp\/v2\/product_tag?post=797982"}],"curies":[{"name":"wp","href":"https:\/\/api.w.org\/{rel}","templated":true}]}}