{"id":797865,"date":"2026-03-14T14:47:21","date_gmt":"2026-03-14T13:47:21","guid":{"rendered":"https:\/\/lucacastelli.com\/?post_type=product&#038;p=797865"},"modified":"2026-03-14T15:00:20","modified_gmt":"2026-03-14T14:00:20","slug":"short-helly-hansen-thalia-2-0-junior-copia-copia-copia","status":"publish","type":"product","link":"https:\/\/lucacastelli.com\/fr\/produit\/short-helly-hansen-thalia-2-0-junior-copia-copia-copia\/","title":{"rendered":"Helly Hansen Juniors HH Quick Dry Cargo Shorts"},"content":{"rendered":"<div class=\"productDetailsSection_productDescriptionSection__FDg0y\">\n<div class=\"productDescription_productDescription__sJIE6\" data-mt-type=\"product-description\">\n<div class=\"richtext_wrapper__3MzTU productDescription_productDescriptionContent__0A3VB\">Con\u00e7us pour les jeunes qui aiment les aventures en plein air, les shorts HH Quick Dry Cargo Shorts ont \u00e9t\u00e9 cr\u00e9\u00e9s pour les journ\u00e9es d\u00e9t\u00e9 les plus dynamiques. Avec protection solaire UPF 50+ et tissu ripstop extensible \u00e0 s\u00e9chage rapide, ils sont id\u00e9aux pour les aventures sous le soleil. Confortables et pratiques, ils sont dot\u00e9s de deux poches pour les mains et dune poche suppl\u00e9mentaire sur la jambe, qui assurent un grand espace de rangement, ainsi que dune taille ajustable qui permet un ajustement personnalis\u00e9. Ces shorts, inspir\u00e9s de la version homme la plus vendue, sont parfaits pour les randonn\u00e9es, la vie en bord de mer ou lusage quotidien.   <\/div>\n<\/div>\n<\/div>\n<div>\nComposition des fibres :<\/p>\n<div class=\"richtext_wrapper__3MzTU blocks_root__vE_15\">Shell : 92 % polyamide (recycl\u00e9), 8 % \u00e9lasthanne<\/div>\n<\/div>\n","protected":false},"excerpt":{"rendered":"<p>Con\u00e7us pour les jeunes qui aiment les aventures en plein air, les shorts HH Quick Dry Cargo Shorts ont \u00e9t\u00e9<\/p>\n","protected":false},"featured_media":797919,"template":"","meta":{"_seopress_robots_primary_cat":"none","_seopress_titles_title":"","_seopress_titles_desc":"","_seopress_robots_index":""},"product_brand":[3425],"product_cat":[21,189,685],"product_tag":[],"class_list":{"0":"post-797865","1":"product","2":"type-product","3":"status-publish","4":"has-post-thumbnail","6":"product_brand-helly-hansen","7":"product_cat-abbigliamento","8":"product_cat-abbigliamento-per-il-tempo-libero","9":"product_cat-abbigliamento-da-bambino","10":"sws-gruppo-abb-libero-fr","11":"sws-conto-ricavi-merci-rivendita-abbigliamento-fr","12":"sws-gruppo-iva-iva81-fr","14":"first","15":"instock","16":"shipping-taxable","17":"purchasable","18":"product-type-variable","19":"has-default-attributes"},"_links":{"self":[{"href":"https:\/\/lucacastelli.com\/fr\/wp-json\/wp\/v2\/product\/797865","targetHints":{"allow":["GET"]}}],"collection":[{"href":"https:\/\/lucacastelli.com\/fr\/wp-json\/wp\/v2\/product"}],"about":[{"href":"https:\/\/lucacastelli.com\/fr\/wp-json\/wp\/v2\/types\/product"}],"wp:featuredmedia":[{"embeddable":true,"href":"https:\/\/lucacastelli.com\/fr\/wp-json\/wp\/v2\/media\/797919"}],"wp:attachment":[{"href":"https:\/\/lucacastelli.com\/fr\/wp-json\/wp\/v2\/media?parent=797865"}],"wp:term":[{"taxonomy":"product_brand","embeddable":true,"href":"https:\/\/lucacastelli.com\/fr\/wp-json\/wp\/v2\/product_brand?post=797865"},{"taxonomy":"product_cat","embeddable":true,"href":"https:\/\/lucacastelli.com\/fr\/wp-json\/wp\/v2\/product_cat?post=797865"},{"taxonomy":"product_tag","embeddable":true,"href":"https:\/\/lucacastelli.com\/fr\/wp-json\/wp\/v2\/product_tag?post=797865"}],"curies":[{"name":"wp","href":"https:\/\/api.w.org\/{rel}","templated":true}]}}