{"id":797798,"date":"2026-03-14T14:38:30","date_gmt":"2026-03-14T13:38:30","guid":{"rendered":"https:\/\/lucacastelli.com\/?post_type=product&#038;p=797798"},"modified":"2026-03-14T14:58:20","modified_gmt":"2026-03-14T13:58:20","slug":"short-helly-hansen-thalia-2-0-junior-copia-copia","status":"publish","type":"product","link":"https:\/\/lucacastelli.com\/fr\/produit\/short-helly-hansen-thalia-2-0-junior-copia-copia\/","title":{"rendered":"T-shirt graphique HH Helly Hansen pour juniors"},"content":{"rendered":"<div class=\"productDetailsSection_productDescriptionSection__FDg0y\">\n<div class=\"productDescription_productDescription__sJIE6\" data-mt-type=\"product-description\">\n<div class=\"richtext_wrapper__3MzTU productDescription_productDescriptionContent__0A3VB\">Le t-shirt graphique HH pour juniors est con\u00e7u pour un usage quotidien et pour faciliter la superposition. Fabriqu\u00e9 en coton doux et respirant, il est id\u00e9al \u00e0 porter seul lors des chaudes journ\u00e9es d\u00e9t\u00e9 ou comme couche de base. Avec son col rond classique et ses superbes imprim\u00e9s graphiques sur le devant, ce t-shirt allie confort et style. Vous pouvez le porter pour aller \u00e0 l\u00e9cole, vous d\u00e9tendre \u00e0 la maison ou sortir avec des amis ; cest un v\u00e9ritable indispensable de la garde-robe.   <\/div>\n<\/div>\n<\/div>\n<div class=\"productDetailsSection_productUseForSection__jiMZL\">\n<div class=\"Collapsible accordion_accordionContainerOpen__CclY2 accordion_accordionContainer__onjDO\">\n<p>&nbsp;<\/p>\n<div id=\"collapsible-content-_r_0_\" class=\"Collapsible__contentOuter\" role=\"region\" aria-labelledby=\"collapsible-trigger-_r_0_\">\n<div class=\"productUseFor_listItem__bOFv_ productUseFor_listItemRight__oPxip\">Composition : Ext\u00e9rieur : 100 % coton<\/div>\n<div>poids : 70 g<\/div>\n<\/div>\n<\/div>\n<\/div>\n","protected":false},"excerpt":{"rendered":"<p>Le t-shirt graphique HH pour juniors est con\u00e7u pour un usage quotidien et pour faciliter la superposition. Fabriqu\u00e9 en coton<\/p>\n","protected":false},"featured_media":797840,"template":"","meta":{"_seopress_robots_primary_cat":"none","_seopress_titles_title":"","_seopress_titles_desc":"","_seopress_robots_index":""},"product_brand":[3646],"product_cat":[81,981,1384],"product_tag":[],"class_list":{"0":"post-797798","1":"product","2":"type-product","3":"status-publish","4":"has-post-thumbnail","6":"product_brand-helly-hansen-fr","7":"product_cat-vetements","8":"product_cat-vetements-de-loisirs","9":"product_cat-vetements-pour-enfants","10":"sws-gruppo-abb-libero-fr","11":"sws-conto-ricavi-merci-rivendita-abbigliamento-fr","12":"sws-gruppo-iva-iva81-fr","14":"first","15":"instock","16":"shipping-taxable","17":"purchasable","18":"product-type-variable","19":"has-default-attributes"},"_links":{"self":[{"href":"https:\/\/lucacastelli.com\/fr\/wp-json\/wp\/v2\/product\/797798","targetHints":{"allow":["GET"]}}],"collection":[{"href":"https:\/\/lucacastelli.com\/fr\/wp-json\/wp\/v2\/product"}],"about":[{"href":"https:\/\/lucacastelli.com\/fr\/wp-json\/wp\/v2\/types\/product"}],"wp:featuredmedia":[{"embeddable":true,"href":"https:\/\/lucacastelli.com\/fr\/wp-json\/wp\/v2\/media\/797840"}],"wp:attachment":[{"href":"https:\/\/lucacastelli.com\/fr\/wp-json\/wp\/v2\/media?parent=797798"}],"wp:term":[{"taxonomy":"product_brand","embeddable":true,"href":"https:\/\/lucacastelli.com\/fr\/wp-json\/wp\/v2\/product_brand?post=797798"},{"taxonomy":"product_cat","embeddable":true,"href":"https:\/\/lucacastelli.com\/fr\/wp-json\/wp\/v2\/product_cat?post=797798"},{"taxonomy":"product_tag","embeddable":true,"href":"https:\/\/lucacastelli.com\/fr\/wp-json\/wp\/v2\/product_tag?post=797798"}],"curies":[{"name":"wp","href":"https:\/\/api.w.org\/{rel}","templated":true}]}}