{"id":797563,"date":"2026-03-14T13:01:58","date_gmt":"2026-03-14T12:01:58","guid":{"rendered":"https:\/\/lucacastelli.com\/prodotto\/short-helly-hansen-thalia-2-0-junior\/"},"modified":"2026-03-14T13:01:58","modified_gmt":"2026-03-14T12:01:58","slug":"short-helly-hansen-thalia-2-0-junior","status":"publish","type":"product","link":"https:\/\/lucacastelli.com\/fr\/produit\/short-helly-hansen-thalia-2-0-junior\/","title":{"rendered":"Short Helly Hansen Thalia 2.0 Junior"},"content":{"rendered":"<div class=\"productDetailsSection_productDescriptionSection__FDg0y\">\n<div class=\"productDescription_productDescription__sJIE6\" data-mt-type=\"product-description\">\n<div class=\"richtext_wrapper__3MzTU productDescription_productDescriptionContent__0A3VB\">Confectionn\u00e9 dans un tissu respirant qui \u00e9vacue lhumidit\u00e9, le short Thalia 2.0 pour fille est id\u00e9al pour les jeunes athl\u00e8tes. Il offre une libert\u00e9 de mouvement totale gr\u00e2ce \u00e0 sa taille \u00e9lastique et son tissu extensible dans quatre directions, tout en b\u00e9n\u00e9ficiant dune finition respirante. Et en plus, il a des poches ! Ce short est un produit certifi\u00e9 bluesign et contient des mat\u00e9riaux recycl\u00e9s Ocean Bound, collect\u00e9s \u00e0 moins de 50 km des c\u00f4tes ou le long des principaux cours deau dans les r\u00e9gions \u00e0 risque de pollution plastique. Consultez la composition pour plus de d\u00e9tails.    <\/div>\n<\/div>\n<\/div>\n<div><\/div>\n<div><\/div>\n<div class=\"productUseFor_listItem__bOFv_ productUseFor_listItemRight__oPxip\">\n<p>Composition des fibres :<\/p>\n<div class=\"richtext_wrapper__3MzTU blocks_root__vE_15\">Ext\u00e9rieur : 86 % polyester (recycl\u00e9), 14 % \u00e9lasthanne<\/div>\n<\/div>\n","protected":false},"excerpt":{"rendered":"<p>Confectionn\u00e9 dans un tissu respirant qui \u00e9vacue lhumidit\u00e9, le short Thalia 2.0 pour fille est id\u00e9al pour les jeunes athl\u00e8tes.<\/p>\n","protected":false},"featured_media":797422,"template":"","meta":{"_seopress_robots_primary_cat":"none","_seopress_titles_title":"","_seopress_titles_desc":"","_seopress_robots_index":""},"product_brand":[3646],"product_cat":[81,981,1384],"product_tag":[],"class_list":{"0":"post-797563","1":"product","2":"type-product","3":"status-publish","4":"has-post-thumbnail","6":"product_brand-helly-hansen-fr","7":"product_cat-vetements","8":"product_cat-vetements-de-loisirs","9":"product_cat-vetements-pour-enfants","10":"sws-gruppo-abb-libero-fr","11":"sws-conto-ricavi-merci-rivendita-abbigliamento-fr","12":"sws-gruppo-iva-iva81-fr","14":"first","15":"instock","16":"shipping-taxable","17":"purchasable","18":"product-type-variable","19":"has-default-attributes"},"_links":{"self":[{"href":"https:\/\/lucacastelli.com\/fr\/wp-json\/wp\/v2\/product\/797563","targetHints":{"allow":["GET"]}}],"collection":[{"href":"https:\/\/lucacastelli.com\/fr\/wp-json\/wp\/v2\/product"}],"about":[{"href":"https:\/\/lucacastelli.com\/fr\/wp-json\/wp\/v2\/types\/product"}],"wp:featuredmedia":[{"embeddable":true,"href":"https:\/\/lucacastelli.com\/fr\/wp-json\/wp\/v2\/media\/797422"}],"wp:attachment":[{"href":"https:\/\/lucacastelli.com\/fr\/wp-json\/wp\/v2\/media?parent=797563"}],"wp:term":[{"taxonomy":"product_brand","embeddable":true,"href":"https:\/\/lucacastelli.com\/fr\/wp-json\/wp\/v2\/product_brand?post=797563"},{"taxonomy":"product_cat","embeddable":true,"href":"https:\/\/lucacastelli.com\/fr\/wp-json\/wp\/v2\/product_cat?post=797563"},{"taxonomy":"product_tag","embeddable":true,"href":"https:\/\/lucacastelli.com\/fr\/wp-json\/wp\/v2\/product_tag?post=797563"}],"curies":[{"name":"wp","href":"https:\/\/api.w.org\/{rel}","templated":true}]}}