{"id":797547,"date":"2026-03-14T13:08:36","date_gmt":"2026-03-14T12:08:36","guid":{"rendered":"https:\/\/lucacastelli.com\/prodotto\/helly-hansen-juniors-vidda-pants\/"},"modified":"2026-03-14T13:08:36","modified_gmt":"2026-03-14T12:08:36","slug":"helly-hansen-juniors-vidda-pants","status":"publish","type":"product","link":"https:\/\/lucacastelli.com\/fr\/produit\/helly-hansen-juniors-vidda-pants\/","title":{"rendered":"Helly Hansen Juniors Vidda Pants"},"content":{"rendered":"<p>Con\u00e7us pour les randonn\u00e9es et autres aventures en plein air, nos pantalons Vidda pour enfants peuvent \u00eatre port\u00e9s toute lann\u00e9e. Ces pantalons pr\u00e9sentent des empi\u00e8cements \u00e9lastiques aux genoux et \u00e0 lassise pour garantir des mouvements ais\u00e9s et confortables, tandis que le tissu r\u00e9siste \u00e0 la pluie l\u00e9g\u00e8re. La taille est r\u00e9glable pour trouver la coupe la plus confortable, et lourlet du pantalon est \u00e9galement r\u00e9glable pour sadapter parfaitement aux chaussures de randonn\u00e9e ou aux chaussures.  <\/p>\n<p>&nbsp;<\/p>\n<p>Composition des fibres :<\/p>\n<div class=\"richtext_wrapper__3MzTU blocks_root__vE_15\">Ext\u00e9rieur : 41 % polyester (recycl\u00e9), 37 % polyester, 22 % coton &#8211; Ext\u00e9rieur 2 : 47 % polyamide (recycl\u00e9), 41 % polyamide, 12 % \u00e9lasthanne<\/div>\n","protected":false},"excerpt":{"rendered":"<p>Con\u00e7us pour les randonn\u00e9es et autres aventures en plein air, nos pantalons Vidda pour enfants peuvent \u00eatre port\u00e9s toute lann\u00e9e.<\/p>\n","protected":false},"featured_media":797548,"template":"","meta":{"_seopress_robots_primary_cat":"none","_seopress_titles_title":"","_seopress_titles_desc":"","_seopress_robots_index":""},"product_brand":[3646],"product_cat":[81,981,1384],"product_tag":[],"class_list":{"0":"post-797547","1":"product","2":"type-product","3":"status-publish","4":"has-post-thumbnail","6":"product_brand-helly-hansen-fr","7":"product_cat-vetements","8":"product_cat-vetements-de-loisirs","9":"product_cat-vetements-pour-enfants","10":"sws-gruppo-abb-libero-fr","11":"sws-conto-ricavi-merci-rivendita-abbigliamento-fr","12":"sws-gruppo-iva-iva81-fr","14":"first","15":"instock","16":"shipping-taxable","17":"purchasable","18":"product-type-variable","19":"has-default-attributes"},"_links":{"self":[{"href":"https:\/\/lucacastelli.com\/fr\/wp-json\/wp\/v2\/product\/797547","targetHints":{"allow":["GET"]}}],"collection":[{"href":"https:\/\/lucacastelli.com\/fr\/wp-json\/wp\/v2\/product"}],"about":[{"href":"https:\/\/lucacastelli.com\/fr\/wp-json\/wp\/v2\/types\/product"}],"wp:featuredmedia":[{"embeddable":true,"href":"https:\/\/lucacastelli.com\/fr\/wp-json\/wp\/v2\/media\/797548"}],"wp:attachment":[{"href":"https:\/\/lucacastelli.com\/fr\/wp-json\/wp\/v2\/media?parent=797547"}],"wp:term":[{"taxonomy":"product_brand","embeddable":true,"href":"https:\/\/lucacastelli.com\/fr\/wp-json\/wp\/v2\/product_brand?post=797547"},{"taxonomy":"product_cat","embeddable":true,"href":"https:\/\/lucacastelli.com\/fr\/wp-json\/wp\/v2\/product_cat?post=797547"},{"taxonomy":"product_tag","embeddable":true,"href":"https:\/\/lucacastelli.com\/fr\/wp-json\/wp\/v2\/product_tag?post=797547"}],"curies":[{"name":"wp","href":"https:\/\/api.w.org\/{rel}","templated":true}]}}