{"id":796167,"date":"2026-03-13T11:49:00","date_gmt":"2026-03-13T10:49:00","guid":{"rendered":"https:\/\/lucacastelli.com\/prodotto\/bonnet-a-revers-noir-milwaukee\/"},"modified":"2026-03-13T11:49:00","modified_gmt":"2026-03-13T10:49:00","slug":"bonnet-a-revers-noir-milwaukee","status":"publish","type":"product","link":"https:\/\/lucacastelli.com\/fr\/produit\/bonnet-a-revers-noir-milwaukee\/","title":{"rendered":"Bonnet \u00e0 revers noir Milwaukee"},"content":{"rendered":"<p>Le bonnet \u00e0 revers noir Milwaukee est con\u00e7u pour vous maintenir au chaud et \u00e0 laise par temps froid. Fabriqu\u00e9 en maille \u00e9paisse \u00e0 double couche, il retient efficacement la chaleur, tandis que le mat\u00e9riau doux 100 % acrylique offre un confort sans d\u00e9mangeaisons au contact de la peau. Sa conception en maille flexible garantit un ajustement s\u00fbr qui sadapte \u00e0 diff\u00e9rentes tailles de t\u00eate sans perdre sa forme. Id\u00e9al pour les chantiers ou pour un usage quotidien, ce bonnet est \u00e9galement disponible dans dautres couleurs pour sadapter \u00e0 votre style.   <\/p>\n<p>&nbsp;<\/p>\n<p>Sp\u00e9cifications<br \/>\nCouleur : Noir<br \/>\nMat\u00e9riau : 100 % acrylique<br \/>\nTaille : Taille unique<\/p>\n","protected":false},"excerpt":{"rendered":"<p>Le bonnet \u00e0 revers noir Milwaukee est con\u00e7u pour vous maintenir au chaud et \u00e0 laise par temps froid. Fabriqu\u00e9<\/p>\n","protected":false},"featured_media":795221,"template":"","meta":{"_seopress_robots_primary_cat":"none","_seopress_titles_title":"","_seopress_titles_desc":"","_seopress_robots_index":""},"product_brand":[3658],"product_cat":[1390,81],"product_tag":[],"class_list":{"0":"post-796167","1":"product","2":"type-product","3":"status-publish","4":"has-post-thumbnail","6":"product_brand-milwaukee-fr","7":"product_cat-accessoires-dhabillement","8":"product_cat-vetements","9":"sws-gruppo-abb-libero-fr","10":"sws-conto-ricavi-merci-rivendita-abbigliamento-fr","11":"sws-gruppo-iva-iva81-fr","13":"first","14":"instock","15":"shipping-taxable","16":"purchasable","17":"product-type-simple"},"_links":{"self":[{"href":"https:\/\/lucacastelli.com\/fr\/wp-json\/wp\/v2\/product\/796167","targetHints":{"allow":["GET"]}}],"collection":[{"href":"https:\/\/lucacastelli.com\/fr\/wp-json\/wp\/v2\/product"}],"about":[{"href":"https:\/\/lucacastelli.com\/fr\/wp-json\/wp\/v2\/types\/product"}],"wp:featuredmedia":[{"embeddable":true,"href":"https:\/\/lucacastelli.com\/fr\/wp-json\/wp\/v2\/media\/795221"}],"wp:attachment":[{"href":"https:\/\/lucacastelli.com\/fr\/wp-json\/wp\/v2\/media?parent=796167"}],"wp:term":[{"taxonomy":"product_brand","embeddable":true,"href":"https:\/\/lucacastelli.com\/fr\/wp-json\/wp\/v2\/product_brand?post=796167"},{"taxonomy":"product_cat","embeddable":true,"href":"https:\/\/lucacastelli.com\/fr\/wp-json\/wp\/v2\/product_cat?post=796167"},{"taxonomy":"product_tag","embeddable":true,"href":"https:\/\/lucacastelli.com\/fr\/wp-json\/wp\/v2\/product_tag?post=796167"}],"curies":[{"name":"wp","href":"https:\/\/api.w.org\/{rel}","templated":true}]}}