{"id":786822,"date":"2026-03-11T19:21:55","date_gmt":"2026-03-11T18:21:55","guid":{"rendered":"https:\/\/lucacastelli.com\/?post_type=product&#038;p=786822"},"modified":"2026-04-13T22:03:22","modified_gmt":"2026-04-13T20:03:22","slug":"la-sportiva-tx4-evo-copia","status":"publish","type":"product","link":"https:\/\/lucacastelli.com\/fr\/produit\/la-sportiva-tx4-evo-copia\/","title":{"rendered":"LA SPORTIVA TX4 EVO"},"content":{"rendered":"<p>TX4 Evo est la chaussure en cuir d\u00e9velopp\u00e9e pour garantir une stabilit\u00e9 et une adh\u00e9rence maximales, m\u00eame sur les terrains les plus accident\u00e9s. Id\u00e9ale pour les marches d\u2019approche techniques et les passages d\u2019escalade faciles, elle offre un confort in\u00e9gal\u00e9 gr\u00e2ce aux mat\u00e9riaux de la tige et aux volumes internes g\u00e9n\u00e9reux. La semelle d\u2019usure avec m\u00e9lange Vibram\u00ae MegaGrip et structure de crampons brevet\u00e9e Impact Brake System\u2122 permet de b\u00e9n\u00e9ficier d\u2019une stabilit\u00e9 maximale en descente et d\u2019un contr\u00f4le parfait de la traction en mont\u00e9e. La large Climbing Zone \u00e0 la pointe garantit pr\u00e9cision et grande adh\u00e9rence lors de l\u2019escalade et des passages les plus d\u00e9licats. La semelle interm\u00e9diaire sp\u00e9ciale avec insert brevet\u00e9 Resole Platform\u2122 permet de ressemeler la TX4 Evo sans alt\u00e9rer ses caract\u00e9ristiques techniques et de confort. Ressemeler ses chaussures signifie<br \/>\nprolonger leur cycle de vie et ainsi \u00e9viter le gaspillage.     <\/p>\n<p>PLUS<br \/>\n+ Syst\u00e8me de la\u00e7age d\u00e9riv\u00e9 de l\u2019escalade pour un r\u00e9glage optimal des volumes<br \/>\n+ Tissu de protection appliqu\u00e9 sur la partie m\u00e9diane avant de l\u2019intercalaire pour la prot\u00e9ger de l\u2019abrasion<br \/>\n+ Resole Platform\u2122 : le bloc semelle est con\u00e7u pour un ressemelage facile et rapide gr\u00e2ce au remplacement de la semelle d\u2019usure avec des composants originaux fournis par La Sportiva<\/p>\n<p>TECH INFO<\/p>\n<p>Tige : Cuir su\u00e9d\u00e9 + bord de protection en caoutchouc et pointe de protection en caoutchouc<br \/>\nDoublure : Mesh<br \/>\nSemelle int\u00e9rieure : Ortholite\u00ae Hybrid Approach 4 mm<br \/>\nSemelle interm\u00e9diaire : EVA \u00e0 compression<br \/>\nSemelle : Vibram\u00ae MegaGrip avec IBS<br \/>\nBrevets : Resole Platform\u2122 &#8211; Impact Brake System\u2122<\/p>\n","protected":false},"excerpt":{"rendered":"<p>TX4 Evo est la chaussure en cuir d\u00e9velopp\u00e9e pour garantir une stabilit\u00e9 et une adh\u00e9rence maximales, m\u00eame sur les terrains<\/p>\n","protected":false},"featured_media":787003,"template":"","meta":{"_seopress_robots_primary_cat":"none","_seopress_titles_title":"","_seopress_titles_desc":"","_seopress_robots_index":""},"product_brand":[3648],"product_cat":[173,1420,1432],"product_tag":[],"class_list":{"0":"post-786822","1":"product","2":"type-product","3":"status-publish","4":"has-post-thumbnail","6":"product_brand-la-sportiva-fr","7":"product_cat-chaussures","8":"product_cat-chaussures-de-loisirs","9":"product_cat-chaussures-pour-hommes","10":"sws-gruppo-abb-libero-fr","11":"sws-conto-ricavi-merci-rivendita-abbigliamento-fr","12":"sws-gruppo-iva-iva81-fr","14":"first","15":"instock","16":"shipping-taxable","17":"purchasable","18":"product-type-variable","19":"has-default-attributes"},"_links":{"self":[{"href":"https:\/\/lucacastelli.com\/fr\/wp-json\/wp\/v2\/product\/786822","targetHints":{"allow":["GET"]}}],"collection":[{"href":"https:\/\/lucacastelli.com\/fr\/wp-json\/wp\/v2\/product"}],"about":[{"href":"https:\/\/lucacastelli.com\/fr\/wp-json\/wp\/v2\/types\/product"}],"wp:featuredmedia":[{"embeddable":true,"href":"https:\/\/lucacastelli.com\/fr\/wp-json\/wp\/v2\/media\/787003"}],"wp:attachment":[{"href":"https:\/\/lucacastelli.com\/fr\/wp-json\/wp\/v2\/media?parent=786822"}],"wp:term":[{"taxonomy":"product_brand","embeddable":true,"href":"https:\/\/lucacastelli.com\/fr\/wp-json\/wp\/v2\/product_brand?post=786822"},{"taxonomy":"product_cat","embeddable":true,"href":"https:\/\/lucacastelli.com\/fr\/wp-json\/wp\/v2\/product_cat?post=786822"},{"taxonomy":"product_tag","embeddable":true,"href":"https:\/\/lucacastelli.com\/fr\/wp-json\/wp\/v2\/product_tag?post=786822"}],"curies":[{"name":"wp","href":"https:\/\/api.w.org\/{rel}","templated":true}]}}