{"id":779818,"date":"2026-03-10T16:34:41","date_gmt":"2026-03-10T15:34:41","guid":{"rendered":"https:\/\/lucacastelli.com\/prodotto\/la-sportiva-spire-woman-gtx\/"},"modified":"2026-03-10T16:34:41","modified_gmt":"2026-03-10T15:34:41","slug":"la-sportiva-spire-woman-gtx","status":"publish","type":"product","link":"https:\/\/lucacastelli.com\/fr\/produit\/la-sportiva-spire-woman-gtx\/","title":{"rendered":"La Sportiva Spire Woman GTX"},"content":{"rendered":"<p>Chaussure basse de nouvelle g\u00e9n\u00e9ration pour les randonn\u00e9es rapides. Elle utilise des solutions issues de l\u2019ADN de La Sportiva et les combine avec des concepts et technologies du monde du mountain running, pour un produit polyvalent et imperm\u00e9able gr\u00e2ce \u00e0 la nouvelle technologie GORE-TEX SURROUND\u00ae. <\/p>\n<p>Spire est une chaussure de montagne de nouvelle g\u00e9n\u00e9ration pour les randonn\u00e9es rapides. Elle utilise des solutions issues de l\u2019ADN de La Sportiva et les combine avec des concepts et technologies du monde du mountain running pour un produit polyvalent et imperm\u00e9able gr\u00e2ce \u00e0 la nouvelle technologie GORE-TEX SURROUND\u00ae : une solution exclusive qui garantit une respirabilit\u00e9 totale, gr\u00e2ce \u00e0 l\u2019augmentation de la surface de ventilation de la tige, de la semelle int\u00e9rieure et de l\u2019intersemelle en EVA et TPU perfor\u00e9 lat\u00e9ralement. Les canaux de ventilation, visibles sur le c\u00f4t\u00e9 long de l\u2019intersemelle, sont prot\u00e9g\u00e9s par un petit filet en nylon monofilament tr\u00e8s r\u00e9sistant pour \u00e9viter l\u2019entr\u00e9e de petits cailloux et d\u2019impuret\u00e9s. La tige mid-cut a \u00e9t\u00e9 r\u00e9alis\u00e9e avec la structure Nano-Cells 2.0\u2122, compos\u00e9e de petites cellules super respirantes qui interagissent avec le GORE-TEX SURROUND\u00ae pour une respirabilit\u00e9 accrue. La partie inf\u00e9rieure de la chaussure a \u00e9t\u00e9 int\u00e9gr\u00e9e avec le Stability Control System\u2122, qui offre une stabilisation anti-torsion et int\u00e8gre les canaux de ventilation de la technologie GORE-TEX SURROUND\u00ae. Le profil de la chaussure avec le m\u00e9lange Vibram XS Trek offre une adh\u00e9rence optimale sur les terrains durs, meubles et boueux. Respirabilit\u00e9 et confort 24 heures sur 24.      <\/p>\n<h3>Informations techniques<\/h3>\n<p><b>Membrane imperm\u00e9able : <\/b>GORE-TEX Surround\u00ae<\/p>\n<p><b>Hauteur semelle (mm) &#8211; Talon : <\/b>32<\/p>\n<p><b>Hauteur semelle (mm) &#8211; Avant-pied : <\/b>26<\/p>\n<p><b>Drop (mm) : <\/b>6<\/p>\n<p><b>Hauteur crampons (mm) : <\/b>5<\/p>\n<p><b>Coupe large : <\/b>Non<\/p>\n<p><b>Semelle int\u00e9rieure : <\/b>Ortholite\u00ae Hybrid Mountain Hiking 5 mm<\/p>\n<p><b>Doublure : <\/b>GORE-TEX Surround\u00ae.<\/p>\n<p><b>Intersemelle : <\/b>EVA compress\u00e9e amortissante avec parois en TPU et canaux d\u2019a\u00e9ration en GORE-TEX Surround\u00ae<\/p>\n<p><b>Semelle : <\/b>Vibram\u00ae XS Trek avec IBS<\/p>\n<p><b>Tige : <\/b>Mesh respirant hautement r\u00e9sistant \u00e0 l\u2019abrasion avec structure Nano Cell 2.0\u2122 et pointe et talon en PU-Tech Lite\u2122<\/p>\n","protected":false},"excerpt":{"rendered":"<p>Chaussure basse de nouvelle g\u00e9n\u00e9ration pour les randonn\u00e9es rapides. Elle utilise des solutions issues de l\u2019ADN de La Sportiva et<\/p>\n","protected":false},"featured_media":779771,"template":"","meta":{"_seopress_robots_primary_cat":"none","_seopress_titles_title":"","_seopress_titles_desc":"","_seopress_robots_index":""},"product_brand":[3648],"product_cat":[173,1420,1429],"product_tag":[],"class_list":{"0":"post-779818","1":"product","2":"type-product","3":"status-publish","4":"has-post-thumbnail","6":"product_brand-la-sportiva-fr","7":"product_cat-chaussures","8":"product_cat-chaussures-de-loisirs","9":"product_cat-chaussures-pour-femmes","10":"sws-gruppo-abb-libero-fr","11":"sws-conto-ricavi-merci-rivendita-abbigliamento-fr","12":"sws-gruppo-iva-iva81-fr","14":"first","15":"instock","16":"shipping-taxable","17":"purchasable","18":"product-type-variable","19":"has-default-attributes"},"_links":{"self":[{"href":"https:\/\/lucacastelli.com\/fr\/wp-json\/wp\/v2\/product\/779818","targetHints":{"allow":["GET"]}}],"collection":[{"href":"https:\/\/lucacastelli.com\/fr\/wp-json\/wp\/v2\/product"}],"about":[{"href":"https:\/\/lucacastelli.com\/fr\/wp-json\/wp\/v2\/types\/product"}],"wp:featuredmedia":[{"embeddable":true,"href":"https:\/\/lucacastelli.com\/fr\/wp-json\/wp\/v2\/media\/779771"}],"wp:attachment":[{"href":"https:\/\/lucacastelli.com\/fr\/wp-json\/wp\/v2\/media?parent=779818"}],"wp:term":[{"taxonomy":"product_brand","embeddable":true,"href":"https:\/\/lucacastelli.com\/fr\/wp-json\/wp\/v2\/product_brand?post=779818"},{"taxonomy":"product_cat","embeddable":true,"href":"https:\/\/lucacastelli.com\/fr\/wp-json\/wp\/v2\/product_cat?post=779818"},{"taxonomy":"product_tag","embeddable":true,"href":"https:\/\/lucacastelli.com\/fr\/wp-json\/wp\/v2\/product_tag?post=779818"}],"curies":[{"name":"wp","href":"https:\/\/api.w.org\/{rel}","templated":true}]}}