{"id":776051,"date":"2026-03-09T04:59:00","date_gmt":"2026-03-09T03:59:00","guid":{"rendered":"https:\/\/lucacastelli.com\/prodotto\/la-sportiva-boulder-x-mid-gtx\/"},"modified":"2026-03-09T04:59:00","modified_gmt":"2026-03-09T03:59:00","slug":"la-sportiva-boulder-x-mid-gtx","status":"publish","type":"product","link":"https:\/\/lucacastelli.com\/fr\/produit\/la-sportiva-boulder-x-mid-gtx\/","title":{"rendered":"La Sportiva Boulder X Mid GTX"},"content":{"rendered":"<p>Mod\u00e8le l\u00e9ger \u00e0 tige moyenne, imperm\u00e9able et respirant, recommand\u00e9 pour les approches techniques et le trekking. Particuli\u00e8rement adapt\u00e9 aux activit\u00e9s de guide de montagne et de secours en montagne. <\/p>\n<p>La tige est prot\u00e9g\u00e9e sur tout le p\u00e9rim\u00e8tre par un rebord en caoutchouc qui garantit une protection contre les chocs accidentels. La doublure en GORE-TEX garantit un confort climatique optimal, m\u00eame apr\u00e8s de nombreuses heures. Le syst\u00e8me de la\u00e7age est brevet\u00e9 et d\u00e9rive du projet Mythos. L&#8217;insert plantaire en EVA de 2 mm favorise l&#8217;amorti en cas d&#8217;impact avec le sol et contribue au confort g\u00e9n\u00e9ral de la chaussure. La semelle Vibram\u00ae avec Impact Brake System est dot\u00e9e d&#8217;une zone d&#8217;escalade pour garantir une adh\u00e9rence maximale durant l&#8217;escalade.    <\/p>\n<h3>infos techniques<\/h3>\n<p><b>Membrane imperm\u00e9able : <\/b>GORE-TEX Extended Comfort<\/p>\n<p><b>Hauteur de la semelle (mm) &#8211; Talon : <\/b>31<\/p>\n<p><b>Hauteur de la semelle (mm) &#8211; Avant-pied : <\/b>23<\/p>\n<p><b>Drop (mm) : <\/b>8<\/p>\n<p><b>Hauteur du talon (mm) : <\/b>6<\/p>\n<p><b>Coupe large : <\/b>Non<\/p>\n<p><b>Semelle int\u00e9rieure : <\/b>A003 La Sportiva Approach Insole<\/p>\n<p><b>Doublure : <\/b>GORE-TEX Extended Comfort<\/p>\n<p><b>Semelle interm\u00e9diaire : <\/b>Semelle interm\u00e9diaire microporeuse gradu\u00e9e<\/p>\n","protected":false},"excerpt":{"rendered":"<p>Mod\u00e8le l\u00e9ger \u00e0 tige moyenne, imperm\u00e9able et respirant, recommand\u00e9 pour les approches techniques et le trekking. Particuli\u00e8rement adapt\u00e9 aux activit\u00e9s<\/p>\n","protected":false},"featured_media":776011,"template":"","meta":{"_seopress_robots_primary_cat":"","_seopress_titles_title":"","_seopress_titles_desc":"","_seopress_robots_index":""},"product_brand":[3648],"product_cat":[21],"product_tag":[],"class_list":{"0":"post-776051","1":"product","2":"type-product","3":"status-publish","4":"has-post-thumbnail","6":"product_brand-la-sportiva-fr","7":"product_cat-abbigliamento","8":"sws-gruppo-abb-libero-fr","9":"sws-conto-ricavi-merci-rivendita-abbigliamento-fr","10":"sws-gruppo-iva-iva81-fr","12":"first","13":"instock","14":"shipping-taxable","15":"purchasable","16":"product-type-variable","17":"has-default-attributes"},"_links":{"self":[{"href":"https:\/\/lucacastelli.com\/fr\/wp-json\/wp\/v2\/product\/776051","targetHints":{"allow":["GET"]}}],"collection":[{"href":"https:\/\/lucacastelli.com\/fr\/wp-json\/wp\/v2\/product"}],"about":[{"href":"https:\/\/lucacastelli.com\/fr\/wp-json\/wp\/v2\/types\/product"}],"wp:featuredmedia":[{"embeddable":true,"href":"https:\/\/lucacastelli.com\/fr\/wp-json\/wp\/v2\/media\/776011"}],"wp:attachment":[{"href":"https:\/\/lucacastelli.com\/fr\/wp-json\/wp\/v2\/media?parent=776051"}],"wp:term":[{"taxonomy":"product_brand","embeddable":true,"href":"https:\/\/lucacastelli.com\/fr\/wp-json\/wp\/v2\/product_brand?post=776051"},{"taxonomy":"product_cat","embeddable":true,"href":"https:\/\/lucacastelli.com\/fr\/wp-json\/wp\/v2\/product_cat?post=776051"},{"taxonomy":"product_tag","embeddable":true,"href":"https:\/\/lucacastelli.com\/fr\/wp-json\/wp\/v2\/product_tag?post=776051"}],"curies":[{"name":"wp","href":"https:\/\/api.w.org\/{rel}","templated":true}]}}