{"id":774633,"date":"2026-03-08T11:32:39","date_gmt":"2026-03-08T10:32:39","guid":{"rendered":"https:\/\/lucacastelli.com\/prodotto\/la-sportiva-stream-woman-gtx\/"},"modified":"2026-03-08T11:32:39","modified_gmt":"2026-03-08T10:32:39","slug":"la-sportiva-stream-woman-gtx","status":"publish","type":"product","link":"https:\/\/lucacastelli.com\/fr\/produit\/la-sportiva-stream-woman-gtx\/","title":{"rendered":"La Sportiva Stream Woman GTX"},"content":{"rendered":"<p>Stream est la chaussure de randonn\u00e9e rapide mid-cut de nouvelle g\u00e9n\u00e9ration pour la randonn\u00e9e dynamique. Elle adopte des solutions qui font partie de l&#8217;ADN montagne de La Sportiva en les combinant avec des technologies et concepts issus du Mountain Running pour un produit polyvalent, imperm\u00e9able et super respirant gr\u00e2ce \u00e0 la nouvelle technologie GORE-TEX SURROUND\u00ae : solution exclusive qui permet une respirabilit\u00e9 totale gr\u00e2ce \u00e0 la surface d&#8217;a\u00e9ration accrue qui comprend la tige, la semelle de propret\u00e9 et la semelle interm\u00e9diaire en EVA et TPU perfor\u00e9e lat\u00e9ralement. Les canaux d&#8217;a\u00e9ration visibles le long du profil de la semelle interm\u00e9diaire sont prot\u00e9g\u00e9s par un filet en nylon mono-filament tr\u00e8s r\u00e9sistant pour \u00e9viter l&#8217;entr\u00e9e de cailloux et d&#8217;impuret\u00e9s. La tige mid-cut est r\u00e9alis\u00e9e avec une structure Nano-Cells 2.0\u2122 compos\u00e9e de cellules super respirantes qui travaillent en synergie avec la membrane GORE-TEX SURROUND\u00ae pour une respirabilit\u00e9 accrue sans pr\u00e9c\u00e9dent. La partie inf\u00e9rieure de la chaussure int\u00e8gre le Stability Control System\u2122, syst\u00e8me de stabilisation anti-torsion qui int\u00e8gre les trous d&#8217;a\u00e9ration de la technologie GORE-TEX SURROUND\u00ae. La semelle d&#8217;usure est en gomme Vibram XS Trek pour une excellente adh\u00e9rence sur terrains durs, mous et boueux. Respirabilit\u00e9 et confort \u00e0 360 degr\u00e9s.      <\/p>\n<p>&nbsp;<\/p>\n<div class=\"data item title\" tabindex=\"0\" data-role=\"title\" aria-expanded=\"true\" aria-selected=\"true\">\n<h3 id=\"tab-label-techinfo\" class=\"switch-title\" data-uw-rm-heading=\"prs\">Infos techniques<\/h3>\n<\/div>\n<div class=\"data item content\" aria-labelledby=\"tab-label-techinfo\" data-role=\"content\" aria-hidden=\"false\">\n<div class=\"techinfo-container\">\n<div class=\"techinfo-description\"><b>Membrane imperm\u00e9able : <\/b>GORE-TEX Surround\u00ae<br \/>\n<b>Compos\u00e9 de la semelle interm\u00e9diaire : <\/b>EVA compress\u00e9e<br \/>\n<b>Compos\u00e9 de la semelle d&#8217;usure : <\/b>Vibram XS Trek<br \/>\n<b>Hauteur de semelle (mm) &#8211; Talon : <\/b>32<br \/>\n<b>Hauteur de semelle (mm) &#8211; Avant-pied : <\/b>26<br \/>\n<b>Drop (mm) : <\/b>6<br \/>\n<b>Hauteur des crampons (mm) : <\/b>5<br \/>\n<b>Coupe large : <\/b>Non<br \/>\n<b>Semelle de propret\u00e9 : <\/b>H003 La Sportiva Mountain Hiking 5 mm<br \/>\n<b>Doublure : <\/b>GORE-TEX Surround\u00ae<br \/>\n<b>Semelle interm\u00e9diaire : <\/b>EVA compress\u00e9e absorbant les chocs avec c\u00f4t\u00e9s en TPU et canaux d&#8217;a\u00e9ration GORE-TEX Surround\u00ae<br \/>\n<b>Semelle : <\/b>Vibram\u00ae XS Trek avec IBS<br \/>\n<b>Tige : <\/b>Mesh r\u00e9sistant \u00e0 l&#8217;abrasion + structure Nano Cell 2.0\u2122 + embout et talon en PU-Tech Lite\u2122<\/div>\n<\/div>\n<\/div>\n","protected":false},"excerpt":{"rendered":"<p>Stream est la chaussure de randonn\u00e9e rapide mid-cut de nouvelle g\u00e9n\u00e9ration pour la randonn\u00e9e dynamique. Elle adopte des solutions qui<\/p>\n","protected":false},"featured_media":774599,"template":"","meta":{"_seopress_robots_primary_cat":"none","_seopress_titles_title":"","_seopress_titles_desc":"","_seopress_robots_index":""},"product_brand":[3648],"product_cat":[173,1420,1429],"product_tag":[],"class_list":{"0":"post-774633","1":"product","2":"type-product","3":"status-publish","4":"has-post-thumbnail","6":"product_brand-la-sportiva-fr","7":"product_cat-chaussures","8":"product_cat-chaussures-de-loisirs","9":"product_cat-chaussures-pour-femmes","10":"sws-gruppo-abb-libero-fr","11":"sws-conto-ricavi-merci-rivendita-abbigliamento-fr","12":"sws-gruppo-iva-iva81-fr","14":"first","15":"instock","16":"shipping-taxable","17":"purchasable","18":"product-type-variable","19":"has-default-attributes"},"_links":{"self":[{"href":"https:\/\/lucacastelli.com\/fr\/wp-json\/wp\/v2\/product\/774633","targetHints":{"allow":["GET"]}}],"collection":[{"href":"https:\/\/lucacastelli.com\/fr\/wp-json\/wp\/v2\/product"}],"about":[{"href":"https:\/\/lucacastelli.com\/fr\/wp-json\/wp\/v2\/types\/product"}],"wp:featuredmedia":[{"embeddable":true,"href":"https:\/\/lucacastelli.com\/fr\/wp-json\/wp\/v2\/media\/774599"}],"wp:attachment":[{"href":"https:\/\/lucacastelli.com\/fr\/wp-json\/wp\/v2\/media?parent=774633"}],"wp:term":[{"taxonomy":"product_brand","embeddable":true,"href":"https:\/\/lucacastelli.com\/fr\/wp-json\/wp\/v2\/product_brand?post=774633"},{"taxonomy":"product_cat","embeddable":true,"href":"https:\/\/lucacastelli.com\/fr\/wp-json\/wp\/v2\/product_cat?post=774633"},{"taxonomy":"product_tag","embeddable":true,"href":"https:\/\/lucacastelli.com\/fr\/wp-json\/wp\/v2\/product_tag?post=774633"}],"curies":[{"name":"wp","href":"https:\/\/api.w.org\/{rel}","templated":true}]}}