{"id":774283,"date":"2026-03-08T08:49:05","date_gmt":"2026-03-08T07:49:05","guid":{"rendered":"https:\/\/lucacastelli.com\/prodotto\/la-sportiva-helios-iii-2\/"},"modified":"2026-03-08T08:49:05","modified_gmt":"2026-03-08T07:49:05","slug":"la-sportiva-helios-iii-2","status":"publish","type":"product","link":"https:\/\/lucacastelli.com\/fr\/produit\/la-sportiva-helios-iii-2\/","title":{"rendered":"La Sportiva Helios III"},"content":{"rendered":"<p>Helios III est la chaussure \u00ab door to trail \u00bb con\u00e7ue pour les entra\u00eenements et les courses sur terrains durs hors-piste. C\u2019est un produit \u00e0 vocation Athleisure avec une tige l\u00e9g\u00e8re et respirante r\u00e9alis\u00e9e avec une combinaison unique et thermocoll\u00e9e de tissu rip-stop, de maille monofilament, de sandwich mesh et renforc\u00e9e en TPU. Le chaussant est extr\u00eamement confortable et enveloppant, d\u00e9riv\u00e9 du mod\u00e8le Helios SR. La pr\u00e9sence du contrefort au talon \u00e9vite les \u00e9crasements lors de l\u2019enfilage, tandis que le collier enveloppant et souple avec coussinets 3D Foam garantit un confort de chaussant parfait. La semelle ext\u00e9rieure est en compos\u00e9 \u00e0 haute durabilit\u00e9 FriXion Blue : id\u00e9ale pour une utilisation sur terrains durs et rocheux. Le pare-pierres thermoform\u00e9 contribue \u00e0 la l\u00e9g\u00e8ret\u00e9 g\u00e9n\u00e9rale du produit tout en prot\u00e9geant contre les chocs frontaux. L\u2019interselle en EVA inject\u00e9e avec technologie MorphoDynamic garantit l\u2019amorti \u00e9lev\u00e9 typique du mod\u00e8le Helios depuis ses d\u00e9buts, tandis que l\u2019insert Cushioning Platform augmente ses propri\u00e9t\u00e9s amortissantes et le confort g\u00e9n\u00e9ral. Helios III : time to fly, again.      <\/p>\n<p>&nbsp;<\/p>\n<p><strong>infos techniques<\/strong><br \/>\n<strong>Tige :<\/strong><br \/>\nMaille monofilament + tissu rip-stop + sandwich mesh + renforts en TPU<br \/>\n<strong>Doublure :<\/strong><br \/>\nMesh antid\u00e9rapant<br \/>\n<strong>Interselle :<\/strong><br \/>\nMEMElex EVA inject\u00e9e et insert Cushioning Platform<br \/>\n<strong>Semelle :<\/strong><br \/>\nFriXion\u00ae Blue avec Impact Brake System<br \/>\n<strong>Poids :<\/strong><br \/>\n219 g (la demi-paire)<br \/>\n<strong>Semelle int\u00e9rieure :<\/strong><br \/>\nOrtholite\u00ae Mountain Running Ergonomic 4 mm<br \/>\nDrop :<br \/>\n4 mm<\/p>\n","protected":false},"excerpt":{"rendered":"<p>Helios III est la chaussure \u00ab door to trail \u00bb con\u00e7ue pour les entra\u00eenements et les courses sur terrains durs<\/p>\n","protected":false},"featured_media":774190,"template":"","meta":{"_seopress_robots_primary_cat":"","_seopress_titles_title":"","_seopress_titles_desc":"","_seopress_robots_index":""},"product_brand":[3648],"product_cat":[173,1420,1432],"product_tag":[],"class_list":{"0":"post-774283","1":"product","2":"type-product","3":"status-publish","4":"has-post-thumbnail","6":"product_brand-la-sportiva-fr","7":"product_cat-chaussures","8":"product_cat-chaussures-de-loisirs","9":"product_cat-chaussures-pour-hommes","10":"sws-gruppo-abb-libero-fr","11":"sws-conto-ricavi-merci-rivendita-abbigliamento-fr","12":"sws-gruppo-iva-iva81-fr","14":"first","15":"instock","16":"shipping-taxable","17":"purchasable","18":"product-type-variable"},"_links":{"self":[{"href":"https:\/\/lucacastelli.com\/fr\/wp-json\/wp\/v2\/product\/774283","targetHints":{"allow":["GET"]}}],"collection":[{"href":"https:\/\/lucacastelli.com\/fr\/wp-json\/wp\/v2\/product"}],"about":[{"href":"https:\/\/lucacastelli.com\/fr\/wp-json\/wp\/v2\/types\/product"}],"wp:featuredmedia":[{"embeddable":true,"href":"https:\/\/lucacastelli.com\/fr\/wp-json\/wp\/v2\/media\/774190"}],"wp:attachment":[{"href":"https:\/\/lucacastelli.com\/fr\/wp-json\/wp\/v2\/media?parent=774283"}],"wp:term":[{"taxonomy":"product_brand","embeddable":true,"href":"https:\/\/lucacastelli.com\/fr\/wp-json\/wp\/v2\/product_brand?post=774283"},{"taxonomy":"product_cat","embeddable":true,"href":"https:\/\/lucacastelli.com\/fr\/wp-json\/wp\/v2\/product_cat?post=774283"},{"taxonomy":"product_tag","embeddable":true,"href":"https:\/\/lucacastelli.com\/fr\/wp-json\/wp\/v2\/product_tag?post=774283"}],"curies":[{"name":"wp","href":"https:\/\/api.w.org\/{rel}","templated":true}]}}