{"id":767100,"date":"2026-03-04T15:14:28","date_gmt":"2026-03-04T14:14:28","guid":{"rendered":"https:\/\/lucacastelli.com\/prodotto\/la-sportiva-akyra-ii\/"},"modified":"2026-03-04T15:14:28","modified_gmt":"2026-03-04T14:14:28","slug":"la-sportiva-akyra-ii","status":"publish","type":"product","link":"https:\/\/lucacastelli.com\/fr\/produit\/la-sportiva-akyra-ii\/","title":{"rendered":"La Sportiva Akyra II"},"content":{"rendered":"<p>L&#8217;Akyra II est la chaussure parfaite pour ceux qui recherchent protection et maintien sans renoncer \u00e0 la mobilit\u00e9 et \u00e0 la vitesse. Le 3D Grid\u2122 en KPU sur la tige et la semelle dot\u00e9e de l&#8217;Impact Brake System\u2122 garantissent stabilit\u00e9 et protection, tandis que le Trail Rocker\u2122, combin\u00e9 \u00e0 un chaussant confortable et flexible, apporte du dynamisme \u00e0 chaque pas. <\/p>\n<ul>\n<li>Stabilit\u00e9 et protection du pied garanties gr\u00e2ce au 3D Grid\u2122 en KPU<\/li>\n<li>Confort et respirabilit\u00e9 gr\u00e2ce \u00e0 la structure 3 couches de la tige<\/li>\n<li>Semelle avec le syst\u00e8me exclusif Trail Rocker\u2122 : favorise le mouvement naturel du pied<\/li>\n<\/ul>\n","protected":false},"excerpt":{"rendered":"<p>L&#8217;Akyra II est la chaussure parfaite pour ceux qui recherchent protection et maintien sans renoncer \u00e0 la mobilit\u00e9 et \u00e0<\/p>\n","protected":false},"featured_media":767032,"template":"","meta":{"_seopress_robots_primary_cat":"none","_seopress_titles_title":"","_seopress_titles_desc":"","_seopress_robots_index":""},"product_brand":[3648],"product_cat":[173,1420,1432],"product_tag":[],"class_list":{"0":"post-767100","1":"product","2":"type-product","3":"status-publish","4":"has-post-thumbnail","6":"product_brand-la-sportiva-fr","7":"product_cat-chaussures","8":"product_cat-chaussures-de-loisirs","9":"product_cat-chaussures-pour-hommes","10":"sws-gruppo-abb-libero-fr","11":"sws-conto-ricavi-merci-rivendita-calzature-fr","12":"sws-gruppo-iva-iva81-fr","14":"first","15":"instock","16":"shipping-taxable","17":"purchasable","18":"product-type-variable","19":"has-default-attributes"},"_links":{"self":[{"href":"https:\/\/lucacastelli.com\/fr\/wp-json\/wp\/v2\/product\/767100","targetHints":{"allow":["GET"]}}],"collection":[{"href":"https:\/\/lucacastelli.com\/fr\/wp-json\/wp\/v2\/product"}],"about":[{"href":"https:\/\/lucacastelli.com\/fr\/wp-json\/wp\/v2\/types\/product"}],"wp:featuredmedia":[{"embeddable":true,"href":"https:\/\/lucacastelli.com\/fr\/wp-json\/wp\/v2\/media\/767032"}],"wp:attachment":[{"href":"https:\/\/lucacastelli.com\/fr\/wp-json\/wp\/v2\/media?parent=767100"}],"wp:term":[{"taxonomy":"product_brand","embeddable":true,"href":"https:\/\/lucacastelli.com\/fr\/wp-json\/wp\/v2\/product_brand?post=767100"},{"taxonomy":"product_cat","embeddable":true,"href":"https:\/\/lucacastelli.com\/fr\/wp-json\/wp\/v2\/product_cat?post=767100"},{"taxonomy":"product_tag","embeddable":true,"href":"https:\/\/lucacastelli.com\/fr\/wp-json\/wp\/v2\/product_tag?post=767100"}],"curies":[{"name":"wp","href":"https:\/\/api.w.org\/{rel}","templated":true}]}}