{"id":764684,"date":"2026-03-03T09:53:36","date_gmt":"2026-03-03T08:53:36","guid":{"rendered":"https:\/\/lucacastelli.com\/prodotto\/metre-a-ruban-milwaukee-30-m\/"},"modified":"2026-04-14T03:18:41","modified_gmt":"2026-04-14T01:18:41","slug":"metre-a-ruban-milwaukee-30-m","status":"publish","type":"product","link":"https:\/\/lucacastelli.com\/fr\/produit\/metre-a-ruban-milwaukee-30-m\/","title":{"rendered":"M\u00e8tre \u00e0 ruban Milwaukee 30 m"},"content":{"rendered":"<ul>\n<li>Racloir anti-salet\u00e9 GRIME GUARD<\/li>\n<li>Poign\u00e9e m\u00e9tallique renforc\u00e9e<\/li>\n<li>Engrenage plan\u00e9taire avec transmission 3:1<\/li>\n<li>Ruban en acier avec rev\u00eatement en nylon<\/li>\n<li>Ruban en acier avec rev\u00eatement en nylon (couche protectrice en nylon extra \u00e9paisse) pour une longue dur\u00e9e de vie.<\/li>\n<li>Pr\u00e9cision exceptionnelle gr\u00e2ce \u00e0 un allongement inf\u00e9rieur de 50 % par rapport aux m\u00e8tres \u00e0 ruban en fibre de verre.<\/li>\n<li>Design tr\u00e8s r\u00e9sistant : poign\u00e9e m\u00e9tallique renforc\u00e9e.<\/li>\n<li>Enroulement plus rapide gr\u00e2ce \u00e0 la transmission 3:1 pour une dur\u00e9e de vie jusqu&#8217;\u00e0 10 fois sup\u00e9rieure du r\u00e9ducteur plan\u00e9taire.<\/li>\n<li>Le racloir GRIME GUARD maintient le ruban propre.<\/li>\n<li>Classe de pr\u00e9cision II.<\/li>\n<li>Graduation des deux c\u00f4t\u00e9s avec \u00e9chelle m\u00e9trique sur la face sup\u00e9rieure et en pouces sur la face inf\u00e9rieure du ruban.<\/li>\n<\/ul>\n","protected":false},"excerpt":{"rendered":"<p>Racloir anti-salet\u00e9 GRIME GUARD Poign\u00e9e m\u00e9tallique renforc\u00e9e Engrenage plan\u00e9taire avec transmission 3:1 Ruban en acier avec rev\u00eatement en nylon Ruban<\/p>\n","protected":false},"featured_media":764686,"template":"","meta":{"_seopress_robots_primary_cat":"none","_seopress_titles_title":"","_seopress_titles_desc":"","_seopress_robots_index":""},"product_brand":[3407],"product_cat":[29,514,551,33,537,822],"product_tag":[],"class_list":{"0":"post-764684","1":"product","2":"type-product","3":"status-publish","4":"has-post-thumbnail","6":"product_brand-milwaukee","7":"product_cat-macchinari","8":"product_cat-altri-dispositivi","9":"product_cat-apparecchi-di-misurazione","10":"product_cat-attrezzature","11":"product_cat-attrezzatura-da-lavoro","12":"product_cat-altro-attrezzatura-da-lavoro","13":"sws-gruppo-macchinari-fr","14":"sws-conto-ricavi-merci-rivendita-macchinari-fr","15":"sws-gruppo-iva-iva81-fr","17":"first","18":"instock","19":"sale","20":"shipping-taxable","21":"purchasable","22":"product-type-simple"},"_links":{"self":[{"href":"https:\/\/lucacastelli.com\/fr\/wp-json\/wp\/v2\/product\/764684","targetHints":{"allow":["GET"]}}],"collection":[{"href":"https:\/\/lucacastelli.com\/fr\/wp-json\/wp\/v2\/product"}],"about":[{"href":"https:\/\/lucacastelli.com\/fr\/wp-json\/wp\/v2\/types\/product"}],"wp:featuredmedia":[{"embeddable":true,"href":"https:\/\/lucacastelli.com\/fr\/wp-json\/wp\/v2\/media\/764686"}],"wp:attachment":[{"href":"https:\/\/lucacastelli.com\/fr\/wp-json\/wp\/v2\/media?parent=764684"}],"wp:term":[{"taxonomy":"product_brand","embeddable":true,"href":"https:\/\/lucacastelli.com\/fr\/wp-json\/wp\/v2\/product_brand?post=764684"},{"taxonomy":"product_cat","embeddable":true,"href":"https:\/\/lucacastelli.com\/fr\/wp-json\/wp\/v2\/product_cat?post=764684"},{"taxonomy":"product_tag","embeddable":true,"href":"https:\/\/lucacastelli.com\/fr\/wp-json\/wp\/v2\/product_tag?post=764684"}],"curies":[{"name":"wp","href":"https:\/\/api.w.org\/{rel}","templated":true}]}}