{"id":763563,"date":"2026-03-02T20:54:21","date_gmt":"2026-03-02T19:54:21","guid":{"rendered":"https:\/\/lucacastelli.com\/prodotto\/la-sportiva-boulder-x\/"},"modified":"2026-03-09T00:37:16","modified_gmt":"2026-03-08T23:37:16","slug":"la-sportiva-boulder-x","status":"publish","type":"product","link":"https:\/\/lucacastelli.com\/fr\/produit\/la-sportiva-boulder-x\/","title":{"rendered":"LA SPORTIVA Boulder X"},"content":{"rendered":"<p>Gr\u00e2ce \u00e0 sa semelle extra adh\u00e9rente et \u00e0 sa zone d&#8217;escalade \u00e0 l&#8217;avant, ce mod\u00e8le est particuli\u00e8rement adapt\u00e9 aux approches techniques et aux via ferrata et peut \u00e9galement \u00eatre utilis\u00e9 en paroi.<\/p>\n<p>La tige est r\u00e9alis\u00e9e en cuir su\u00e9d\u00e9 avec un bord de protection en caoutchouc sur tout le p\u00e9rim\u00e8tre pour une protection maximale contre l&#8217;usure pendant l&#8217;escalade. Le syst\u00e8me de la\u00e7age a \u00e9t\u00e9 d\u00e9velopp\u00e9 sur la base de la chaussure d&#8217;escalade Mythos et permet un ajustement personnalis\u00e9 au pied. <\/p>\n<p>La semelle Vibram\u00ae est dot\u00e9e d&#8217;un syst\u00e8me Impact Brake System. Celui-ci offre une meilleure adh\u00e9rence lors de la descente. La semelle interm\u00e9diaire en EVA de 2 mm d&#8217;\u00e9paisseur conf\u00e8re \u00e0 la chaussure des propri\u00e9t\u00e9s amortissantes.  <\/p>\n","protected":false},"excerpt":{"rendered":"<p>Gr\u00e2ce \u00e0 sa semelle extra adh\u00e9rente et \u00e0 sa zone d&#8217;escalade \u00e0 l&#8217;avant, ce mod\u00e8le est particuli\u00e8rement adapt\u00e9 aux approches<\/p>\n","protected":false},"featured_media":763484,"template":"","meta":{"_seopress_robots_primary_cat":"","_seopress_titles_title":"","_seopress_titles_desc":"","_seopress_robots_index":""},"product_brand":[3419],"product_cat":[28,568,569],"product_tag":[],"class_list":{"0":"post-763563","1":"product","2":"type-product","3":"status-publish","4":"has-post-thumbnail","6":"product_brand-la-sportiva","7":"product_cat-calzature","8":"product_cat-calzature-per-il-tempo-libero","9":"product_cat-calzature-da-uomo","10":"sws-gruppo-abb-libero-fr","11":"sws-conto-ricavi-merci-rivendita-abbigliamento-fr","12":"sws-gruppo-iva-iva81-fr","14":"first","15":"instock","16":"shipping-taxable","17":"purchasable","18":"product-type-variable","19":"has-default-attributes"},"_links":{"self":[{"href":"https:\/\/lucacastelli.com\/fr\/wp-json\/wp\/v2\/product\/763563","targetHints":{"allow":["GET"]}}],"collection":[{"href":"https:\/\/lucacastelli.com\/fr\/wp-json\/wp\/v2\/product"}],"about":[{"href":"https:\/\/lucacastelli.com\/fr\/wp-json\/wp\/v2\/types\/product"}],"wp:featuredmedia":[{"embeddable":true,"href":"https:\/\/lucacastelli.com\/fr\/wp-json\/wp\/v2\/media\/763484"}],"wp:attachment":[{"href":"https:\/\/lucacastelli.com\/fr\/wp-json\/wp\/v2\/media?parent=763563"}],"wp:term":[{"taxonomy":"product_brand","embeddable":true,"href":"https:\/\/lucacastelli.com\/fr\/wp-json\/wp\/v2\/product_brand?post=763563"},{"taxonomy":"product_cat","embeddable":true,"href":"https:\/\/lucacastelli.com\/fr\/wp-json\/wp\/v2\/product_cat?post=763563"},{"taxonomy":"product_tag","embeddable":true,"href":"https:\/\/lucacastelli.com\/fr\/wp-json\/wp\/v2\/product_tag?post=763563"}],"curies":[{"name":"wp","href":"https:\/\/api.w.org\/{rel}","templated":true}]}}