{"id":762822,"date":"2026-03-01T10:30:03","date_gmt":"2026-03-01T09:30:03","guid":{"rendered":"https:\/\/lucacastelli.com\/prodotto\/stihl-ahb-050-bac-de-ramassage-robuste-de-50-litres\/"},"modified":"2026-04-14T03:18:21","modified_gmt":"2026-04-14T01:18:21","slug":"stihl-ahb-050-bac-de-ramassage-robuste-de-50-litres","status":"publish","type":"product","link":"https:\/\/lucacastelli.com\/fr\/produit\/stihl-ahb-050-bac-de-ramassage-robuste-de-50-litres\/","title":{"rendered":"STIHL AHB 050 Bac de ramassage robuste de 50 litres"},"content":{"rendered":"<p>Bac de ramassage AHB 050 : ramassage et transport faciles du mat\u00e9riau broy\u00e9<br \/>\nLe bac de ramassage STIHL AHB 050 peut \u00eatre positionn\u00e9 directement sous le broyeur de jardin STIHL pour recueillir le mat\u00e9riau broy\u00e9 pendant l&#8217;op\u00e9ration de broyage. Le bac de ramassage robuste repose fermement sur le sol et a une capacit\u00e9 allant jusqu&#8217;\u00e0 50 l. Cela permet de gagner du temps et de transporter facilement le mat\u00e9riau broy\u00e9 collect\u00e9.<br \/>\nLe bac de ramassage STIHL AHB 050, installable ult\u00e9rieurement, peut \u00eatre utilis\u00e9 avec tous les broyeurs de jardin STIHL, \u00e0 l&#8217;exception des mod\u00e8les suivants : les broyeurs de jardin \u00e9lectriques STIHL GHE 135 L et GHE 140 L et les broyeurs de jardin \u00e0 essence STIHL GH 420, GH 450, GH 460 et GH 460 C.  <\/p>\n","protected":false},"excerpt":{"rendered":"<p>Bac de ramassage AHB 050 : ramassage et transport faciles du mat\u00e9riau broy\u00e9 Le bac de ramassage STIHL AHB 050<\/p>\n","protected":false},"featured_media":762823,"template":"","meta":{"_seopress_robots_primary_cat":"none","_seopress_titles_title":"","_seopress_titles_desc":"","_seopress_robots_index":""},"product_brand":[3366],"product_cat":[29,529,530,531],"product_tag":[],"class_list":{"0":"post-762822","1":"product","2":"type-product","3":"status-publish","4":"has-post-thumbnail","6":"product_brand-stihl","7":"product_cat-macchinari","8":"product_cat-biotrituratori","9":"product_cat-biotrituratori-a-motore","10":"product_cat-biotrituratori-elettrici","11":"sws-gruppo-macchinari-fr","12":"sws-conto-ricavi-merci-rivendita-macchinari-fr","13":"sws-gruppo-iva-iva81-fr","15":"first","16":"instock","17":"shipping-taxable","18":"purchasable","19":"product-type-simple"},"_links":{"self":[{"href":"https:\/\/lucacastelli.com\/fr\/wp-json\/wp\/v2\/product\/762822","targetHints":{"allow":["GET"]}}],"collection":[{"href":"https:\/\/lucacastelli.com\/fr\/wp-json\/wp\/v2\/product"}],"about":[{"href":"https:\/\/lucacastelli.com\/fr\/wp-json\/wp\/v2\/types\/product"}],"wp:featuredmedia":[{"embeddable":true,"href":"https:\/\/lucacastelli.com\/fr\/wp-json\/wp\/v2\/media\/762823"}],"wp:attachment":[{"href":"https:\/\/lucacastelli.com\/fr\/wp-json\/wp\/v2\/media?parent=762822"}],"wp:term":[{"taxonomy":"product_brand","embeddable":true,"href":"https:\/\/lucacastelli.com\/fr\/wp-json\/wp\/v2\/product_brand?post=762822"},{"taxonomy":"product_cat","embeddable":true,"href":"https:\/\/lucacastelli.com\/fr\/wp-json\/wp\/v2\/product_cat?post=762822"},{"taxonomy":"product_tag","embeddable":true,"href":"https:\/\/lucacastelli.com\/fr\/wp-json\/wp\/v2\/product_tag?post=762822"}],"curies":[{"name":"wp","href":"https:\/\/api.w.org\/{rel}","templated":true}]}}