{"id":761810,"date":"2026-03-02T09:34:17","date_gmt":"2026-03-02T08:34:17","guid":{"rendered":"https:\/\/lucacastelli.com\/?post_type=product&#038;p=761810"},"modified":"2026-03-02T10:52:57","modified_gmt":"2026-03-02T09:52:57","slug":"la-sportiva-aequilibrium-st-woman-gtx-copia","status":"publish","type":"product","link":"https:\/\/lucacastelli.com\/fr\/produit\/la-sportiva-aequilibrium-st-woman-gtx-copia\/","title":{"rendered":"La Sportiva Akyra II Woman"},"content":{"rendered":"<p>Akyra II Woman est la chaussure parfaite pour celles qui recherchent protection et soutien sans renoncer \u00e0 l\u2019agilit\u00e9 et \u00e0 la vitesse. Le 3D Grid\u2122 en KPU de l\u2019empeigne et la semelle \u00e9quip\u00e9e de l\u2019Impact Brake System\u2122 assurent stabilit\u00e9 et protection, tandis que le Trail Rocker\u2122, associ\u00e9 \u00e0 un chaussant confortable et flexible, apporte du dynamisme \u00e0 chaque pas. <\/p>\n<p>&nbsp;<\/p>\n<div class=\"data item title\" tabindex=\"0\" data-role=\"title\" aria-expanded=\"true\" aria-selected=\"true\"><\/div>\n<div class=\"data item content\" aria-labelledby=\"tab-label-techinfo\" data-role=\"content\" aria-hidden=\"false\">\n<div class=\"techinfo-container\">\n<div class=\"techinfo-description\"><strong>Infos techniques<\/strong><br \/>\n<strong>Poids :<\/strong><br \/>\n305 1\/2 PAIRE<br \/>\n<strong>Semelle :<\/strong><br \/>\nDual Compound Frixion XT Red avec Trail Rocker+ Impact Brake System Mountain Running<br \/>\n<strong>Semelle int\u00e9rieure :<\/strong><br \/>\nOrtholite 5 mm hiking<br \/>\n<strong>Semelle interm\u00e9diaire :<\/strong><br \/>\nEVA \u00e0 injection avec composants BIO-based (Braskem)<br \/>\n<strong>Empeigne :<\/strong><br \/>\nconstruction empeigne 3 couches + construction 3D Grid\u2122 en KPU<br \/>\n<strong>Doublure :<\/strong><br \/>\nMesh antid\u00e9rapant<\/div>\n<\/div>\n<\/div>\n<p>&nbsp;<\/p>\n<p>&nbsp;<\/p>\n","protected":false},"excerpt":{"rendered":"<p>Akyra II Woman est la chaussure parfaite pour celles qui recherchent protection et soutien sans renoncer \u00e0 l\u2019agilit\u00e9 et \u00e0<\/p>\n","protected":false},"featured_media":762024,"template":"","meta":{"_seopress_robots_primary_cat":"none","_seopress_titles_title":"","_seopress_titles_desc":"","_seopress_robots_index":""},"product_brand":[3648],"product_cat":[173,1420,1429],"product_tag":[],"class_list":{"0":"post-761810","1":"product","2":"type-product","3":"status-publish","4":"has-post-thumbnail","6":"product_brand-la-sportiva-fr","7":"product_cat-chaussures","8":"product_cat-chaussures-de-loisirs","9":"product_cat-chaussures-pour-femmes","10":"sws-gruppo-abb-libero-fr","11":"sws-conto-ricavi-merci-rivendita-abbigliamento-fr","12":"sws-gruppo-iva-iva81-fr","14":"first","15":"instock","16":"shipping-taxable","17":"purchasable","18":"product-type-variable","19":"has-default-attributes"},"_links":{"self":[{"href":"https:\/\/lucacastelli.com\/fr\/wp-json\/wp\/v2\/product\/761810","targetHints":{"allow":["GET"]}}],"collection":[{"href":"https:\/\/lucacastelli.com\/fr\/wp-json\/wp\/v2\/product"}],"about":[{"href":"https:\/\/lucacastelli.com\/fr\/wp-json\/wp\/v2\/types\/product"}],"wp:featuredmedia":[{"embeddable":true,"href":"https:\/\/lucacastelli.com\/fr\/wp-json\/wp\/v2\/media\/762024"}],"wp:attachment":[{"href":"https:\/\/lucacastelli.com\/fr\/wp-json\/wp\/v2\/media?parent=761810"}],"wp:term":[{"taxonomy":"product_brand","embeddable":true,"href":"https:\/\/lucacastelli.com\/fr\/wp-json\/wp\/v2\/product_brand?post=761810"},{"taxonomy":"product_cat","embeddable":true,"href":"https:\/\/lucacastelli.com\/fr\/wp-json\/wp\/v2\/product_cat?post=761810"},{"taxonomy":"product_tag","embeddable":true,"href":"https:\/\/lucacastelli.com\/fr\/wp-json\/wp\/v2\/product_tag?post=761810"}],"curies":[{"name":"wp","href":"https:\/\/api.w.org\/{rel}","templated":true}]}}