{"id":759931,"date":"2026-02-28T21:23:04","date_gmt":"2026-02-28T20:23:04","guid":{"rendered":"https:\/\/lucacastelli.com\/prodotto\/stihl-fsa-60-r-debroussailleuse-sans-fil-ak-system-machine-seule\/"},"modified":"2026-03-04T15:05:34","modified_gmt":"2026-03-04T14:05:34","slug":"stihl-fsa-60-r-debroussailleuse-sans-fil-ak-system-machine-seule","status":"publish","type":"product","link":"https:\/\/lucacastelli.com\/fr\/produit\/stihl-fsa-60-r-debroussailleuse-sans-fil-ak-system-machine-seule\/","title":{"rendered":"STIHL FSA 60 R d\u00e9broussailleuse \u00e0 batterie &#8211; AK System (machine seule)"},"content":{"rendered":"<p>D\u00e9broussailleuse \u00e0 batterie FSA 60 R : silencieuse, confortable et efficace<br \/>\nSi vous souhaitez couper rapidement de l\u2019herbe de hauteur moyenne, entretenir des zones difficiles d\u2019acc\u00e8s ou des bordures de pelouse dans un cadre priv\u00e9, la d\u00e9broussailleuse \u00e0 batterie STIHL FSA 60 R est le choix id\u00e9al. Avec la l\u00e9g\u00e8re FSA 60 R, vous pouvez couper l\u2019herbe le long des haies et autour des plantes ou des objets, et entretenir les bordures de pelouse. Un confort particulier est garanti par le syst\u00e8me Rapid Click, qui permet de retirer facilement et rapidement la t\u00eate de coupe d\u2019une simple pression sur un bouton. Avec l\u2019Advanced EasySpool, il est possible d\u2019enrouler confortablement le nouveau fil \u00e0 la main.   <\/p>\n<p>Le moteur EC efficace fonctionne avec des batteries lithium-ion du syst\u00e8me STIHL AK et offre des performances constantes. La vitesse peut \u00eatre r\u00e9gl\u00e9e directement sur la poign\u00e9e, avec deux niveaux disponibles. Choisissez une vitesse plus basse en mode ECO (niveau 1) pour les travaux simples. Pour les t\u00e2ches plus exigeantes, vous pouvez utiliser la vitesse maximale en passant au niveau 2 via le curseur. Le fonctionnement silencieux permet de travailler sans protection acoustique, m\u00eame dans les zones sensibles au bruit.    <\/p>\n<p>Le poids r\u00e9duit et l\u2019\u00e9quilibrage optimal de la machine permettent des sessions de travail prolong\u00e9es. L\u2019\u00e9trier de protection \u00e9vite d\u2019endommager les plantes, les pots ou les objets ainsi que la d\u00e9broussailleuse elle-m\u00eame. La poign\u00e9e r\u00e9glable sans outil permet une adaptation simple \u00e0 votre taille, garantissant une posture ergonomique \u00e0 tout moment. De s\u00e9rie, la FSA 60 R est fournie avec la t\u00eate AutoCut C 12-2 rechargeable sans outil. Le simple r\u00e9enroulement du fil en frappant la t\u00eate semi-automatique au sol permet un travail rapide et efficace.    <\/p>\n<p>&nbsp;<\/p>\n<p>&nbsp;<\/p>\n<p>&nbsp;<\/p>\n<table data-test-id=\"pdp-spec-tech-table\">\n<tbody>\n<tr>\n<td>Tension nominale<\/td>\n<td>36 V<\/td>\n<\/tr>\n<tr>\n<td>Tension max.<\/td>\n<td>40 V<\/td>\n<\/tr>\n<tr>\n<td>Puissance absorb\u00e9e<\/td>\n<td>0,80 kW<\/td>\n<\/tr>\n<tr>\n<td>Puissance<\/td>\n<td>0,60 kW<\/td>\n<\/tr>\n<tr>\n<td>Syst\u00e8me \u00e0 batterie<\/td>\n<td>AK<\/td>\n<\/tr>\n<tr>\n<td>Batterie conseill\u00e9e<\/td>\n<td>AK 20<\/td>\n<\/tr>\n<tr>\n<td>Poids de l\u2019appareil sans batterie<\/td>\n<td>3 kg<\/td>\n<\/tr>\n<tr>\n<td>Diam\u00e8tre de coupe<\/td>\n<td>350 mm<\/td>\n<\/tr>\n<tr>\n<td>Indice de protection IP<\/td>\n<td>N\/A<\/td>\n<\/tr>\n<tr>\n<td>Autonomie maximale de la batterie AK 10 avec t\u00eate faucheuse \u00e0 fil<\/td>\n<td>13 min<\/td>\n<\/tr>\n<tr>\n<td>Autonomie maximale de la batterie AK 10 avec couteau en plastique<\/td>\n<td>25 min<\/td>\n<\/tr>\n<tr>\n<td>Autonomie maximale de la batterie AK 20 avec t\u00eate faucheuse \u00e0 fil<\/td>\n<td>30 min<\/td>\n<\/tr>\n<tr>\n<td>Autonomie maximale de la batterie AK 20 avec couteau en plastique<\/td>\n<td>55 min<\/td>\n<\/tr>\n<tr>\n<td>Autonomie maximale de la batterie AK 30 avec t\u00eate faucheuse \u00e0 fil<\/td>\n<td>35 min<\/td>\n<\/tr>\n<tr>\n<td>Autonomie maximale de la batterie AK 30 avec couteau en plastique<\/td>\n<td>60 min<\/td>\n<\/tr>\n<tr>\n<td>Autonomie maximale de la batterie AK 30 S avec t\u00eate faucheuse \u00e0 fil<\/td>\n<td>35 min<\/td>\n<\/tr>\n<tr>\n<td>Autonomie maximale de la batterie AK 30 S avec couteau en plastique<\/td>\n<td>60 min<\/td>\n<\/tr>\n<tr>\n<td>Surface maximale par charge de batterie AK 10<\/td>\n<td>100 m\u00b2<\/td>\n<\/tr>\n<tr>\n<td>Surface maximale par charge de batterie AK 20<\/td>\n<td>250 m\u00b2<\/td>\n<\/tr>\n<tr>\n<td>Surface max. par charge de batterie AK 30<\/td>\n<td>300 m\u00b2<\/td>\n<\/tr>\n<tr>\n<td>Surface maximale par charge de batterie AK 30 S<\/td>\n<td>300 m\u00b2<\/td>\n<\/tr>\n<tr>\n<td>Bordure de pelouse max. par charge de batterie AK 10<\/td>\n<td>500 m<\/td>\n<\/tr>\n<tr>\n<td>Bordure de pelouse max. par charge de batterie AK 20<\/td>\n<td>1250 m<\/td>\n<\/tr>\n<tr>\n<td>Bordure de pelouse max. par charge de batterie AK 30<\/td>\n<td>1500 m<\/td>\n<\/tr>\n<tr>\n<td>Bordure de pelouse max. par charge de batterie AK 30 S<\/td>\n<td>1500 m<\/td>\n<\/tr>\n<tr>\n<td>Longueur de l\u2019appareil sans outil de coupe<\/td>\n<td>166 cm<\/td>\n<\/tr>\n<tr>\n<td>Niveau de pression sonore<\/td>\n<td>76 dB(A)<\/td>\n<\/tr>\n<tr>\n<td>Niveau de puissance acoustique<\/td>\n<td>90 dB(A)<\/td>\n<\/tr>\n<tr>\n<td>Niveau de vibration gauche<\/td>\n<td>3,5 m\/s\u00b2<\/td>\n<\/tr>\n<tr>\n<td>Niveau de vibration gauche<\/td>\n<td>2,3 m\/s\u00b2<\/td>\n<\/tr>\n<tr>\n<td>Niveau de vibration droit<\/td>\n<td>1,3 m\/s\u00b2<\/td>\n<\/tr>\n<tr>\n<td>Niveau de vibration droit<\/td>\n<td>1,1 m\/s\u00b2<\/td>\n<\/tr>\n<\/tbody>\n<\/table>\n","protected":false},"excerpt":{"rendered":"<p>D\u00e9broussailleuse \u00e0 batterie FSA 60 R : silencieuse, confortable et efficace Si vous souhaitez couper rapidement de l\u2019herbe de hauteur<\/p>\n","protected":false},"featured_media":759198,"template":"","meta":{"_seopress_robots_primary_cat":"","_seopress_titles_title":"","_seopress_titles_desc":"","_seopress_robots_index":""},"product_brand":[3555],"product_cat":[167,1586,1601],"product_tag":[],"class_list":{"0":"post-759931","1":"product","2":"type-product","3":"status-publish","4":"has-post-thumbnail","6":"product_brand-stihl-fr","7":"product_cat-machines","8":"product_cat-debroussailleuses-et-coupe-bordures","9":"product_cat-debroussailleuses-et-coupe-herbes-a-batterie","10":"sws-gruppo-macchinari-fr","11":"sws-conto-ricavi-merci-rivendita-macchinari-fr","12":"sws-gruppo-iva-iva81-fr","14":"first","15":"instock","16":"shipping-taxable","17":"purchasable","18":"product-type-simple"},"_links":{"self":[{"href":"https:\/\/lucacastelli.com\/fr\/wp-json\/wp\/v2\/product\/759931","targetHints":{"allow":["GET"]}}],"collection":[{"href":"https:\/\/lucacastelli.com\/fr\/wp-json\/wp\/v2\/product"}],"about":[{"href":"https:\/\/lucacastelli.com\/fr\/wp-json\/wp\/v2\/types\/product"}],"wp:featuredmedia":[{"embeddable":true,"href":"https:\/\/lucacastelli.com\/fr\/wp-json\/wp\/v2\/media\/759198"}],"wp:attachment":[{"href":"https:\/\/lucacastelli.com\/fr\/wp-json\/wp\/v2\/media?parent=759931"}],"wp:term":[{"taxonomy":"product_brand","embeddable":true,"href":"https:\/\/lucacastelli.com\/fr\/wp-json\/wp\/v2\/product_brand?post=759931"},{"taxonomy":"product_cat","embeddable":true,"href":"https:\/\/lucacastelli.com\/fr\/wp-json\/wp\/v2\/product_cat?post=759931"},{"taxonomy":"product_tag","embeddable":true,"href":"https:\/\/lucacastelli.com\/fr\/wp-json\/wp\/v2\/product_tag?post=759931"}],"curies":[{"name":"wp","href":"https:\/\/api.w.org\/{rel}","templated":true}]}}