{"id":759910,"date":"2026-03-01T08:18:56","date_gmt":"2026-03-01T07:18:56","guid":{"rendered":"https:\/\/lucacastelli.com\/prodotto\/jeu-de-buses-ulv-stihl\/"},"modified":"2026-03-01T08:18:56","modified_gmt":"2026-03-01T07:18:56","slug":"jeu-de-buses-ulv-stihl","status":"publish","type":"product","link":"https:\/\/lucacastelli.com\/fr\/produit\/jeu-de-buses-ulv-stihl\/","title":{"rendered":"Jeu de buses ULV STIHL"},"content":{"rendered":"<p>Jeu de buses ULV : pulv\u00e9rise avec pr\u00e9cision de tr\u00e8s petites quantit\u00e9s de liquide<br \/>\nLe jeu de buses ULV STIHL est l\u2019accessoire id\u00e9al pour les atomiseurs et pulv\u00e9risateurs afin d\u2019appliquer avec pr\u00e9cision de tr\u00e8s petites quantit\u00e9s de liquide sur les plantes. Avec le jeu de buses ULV, les produits pulv\u00e9ris\u00e9s sont atomis\u00e9s tr\u00e8s finement, permettant aux agriculteurs, arboriculteurs ou viticulteurs de traiter de mani\u00e8re cibl\u00e9e des plantes individuelles \u00e0 des endroits pr\u00e9cis avec une quantit\u00e9 r\u00e9duite de produit lors d\u2019interventions professionnelles avec des atomiseurs \u00e0 dos STIHL.<br \/>\nLa buse ULV STIHL convient aux atomiseurs \u00e0 dos suivants :<br \/>\n(r\u00e9f. 42440071022) pour STIHL SR 430 et STIHL SR 450<br \/>\n(r\u00e9f. 42410071009) pour STIHL SR 200 <\/p>\n","protected":false},"excerpt":{"rendered":"<p>Jeu de buses ULV : pulv\u00e9rise avec pr\u00e9cision de tr\u00e8s petites quantit\u00e9s de liquide Le jeu de buses ULV STIHL<\/p>\n","protected":false},"featured_media":759638,"template":"","meta":{"_seopress_robots_primary_cat":"","_seopress_titles_title":"","_seopress_titles_desc":"","_seopress_robots_index":""},"product_brand":[3555],"product_cat":[167,1567,1570,1573],"product_tag":[],"class_list":{"0":"post-759910","1":"product","2":"type-product","3":"status-publish","4":"has-post-thumbnail","6":"product_brand-stihl-fr","7":"product_cat-machines","8":"product_cat-brumisateurs-et-pulverisateurs","9":"product_cat-accessoires-et-consommables-fr-2","10":"product_cat-pulverisateurs-a-moteur","11":"sws-gruppo-macchinari-fr","12":"sws-conto-ricavi-merci-rivendita-macchinari-fr","13":"sws-gruppo-iva-iva81-fr","15":"first","16":"instock","17":"shipping-taxable","18":"purchasable","19":"product-type-simple"},"_links":{"self":[{"href":"https:\/\/lucacastelli.com\/fr\/wp-json\/wp\/v2\/product\/759910","targetHints":{"allow":["GET"]}}],"collection":[{"href":"https:\/\/lucacastelli.com\/fr\/wp-json\/wp\/v2\/product"}],"about":[{"href":"https:\/\/lucacastelli.com\/fr\/wp-json\/wp\/v2\/types\/product"}],"wp:featuredmedia":[{"embeddable":true,"href":"https:\/\/lucacastelli.com\/fr\/wp-json\/wp\/v2\/media\/759638"}],"wp:attachment":[{"href":"https:\/\/lucacastelli.com\/fr\/wp-json\/wp\/v2\/media?parent=759910"}],"wp:term":[{"taxonomy":"product_brand","embeddable":true,"href":"https:\/\/lucacastelli.com\/fr\/wp-json\/wp\/v2\/product_brand?post=759910"},{"taxonomy":"product_cat","embeddable":true,"href":"https:\/\/lucacastelli.com\/fr\/wp-json\/wp\/v2\/product_cat?post=759910"},{"taxonomy":"product_tag","embeddable":true,"href":"https:\/\/lucacastelli.com\/fr\/wp-json\/wp\/v2\/product_tag?post=759910"}],"curies":[{"name":"wp","href":"https:\/\/api.w.org\/{rel}","templated":true}]}}