{"id":759900,"date":"2026-03-01T09:01:00","date_gmt":"2026-03-01T08:01:00","guid":{"rendered":"https:\/\/lucacastelli.com\/prodotto\/stihl-bga-100-souffleur-a-batterie-ap-system-appareil-seul\/"},"modified":"2026-03-01T09:01:00","modified_gmt":"2026-03-01T08:01:00","slug":"stihl-bga-100-souffleur-a-batterie-ap-system-appareil-seul","status":"publish","type":"product","link":"https:\/\/lucacastelli.com\/fr\/produit\/stihl-bga-100-souffleur-a-batterie-ap-system-appareil-seul\/","title":{"rendered":"STIHL BGA 100 souffleur \u00e0 batterie &#8211; AP-System (appareil seul)"},"content":{"rendered":"<p>Nettement plus puissant et silencieux<br \/>\nDans les zones sensibles au bruit, comme les jardins d&#8217;h\u00f4pitaux, les cr\u00e8ches ou les zones r\u00e9sidentielles, le puissant souffleur \u00e0 batterie STIHL BGA 100 offre des performances \u00e9lev\u00e9es et un fonctionnement silencieux et sans \u00e9missions pour un usage professionnel. Sur l&#8217;unit\u00e9 de commande centrale du souffleur STIHL BGA 100, vous pouvez r\u00e9gler la puissance de soufflage sur 3 niveaux selon la t\u00e2che. Le niveau de puissance du souffleur \u00e0 batterie est indiqu\u00e9 par des LED. Quel que soit le niveau de puissance choisi, vous pouvez activer une fonction Boost suppl\u00e9mentaire en appuyant simplement sur le bouton de commande. Le moteur EC, pratiquement exempt d&#8217;usure m\u00e9canique, garantit une conversion efficace de la puissance.    <\/p>\n<p>Le souffleur STIHL BGA 100 p\u00e8se 2,5 kg (sans batterie). Gr\u00e2ce au tube de soufflage r\u00e9glable rapidement, vous pouvez r\u00e9gler sa longueur sur trois positions et le raccourcir ou l&#8217;allonger selon le travail \u00e0 effectuer. Vous pouvez ainsi \u00e9liminer les feuilles et d\u00e9bris m\u00eame sur de grandes surfaces de mani\u00e8re efficace. Le souffleur \u00e0 batterie STIHL BGA 100 fonctionne avec les batteries du syst\u00e8me STIHL AP. Pour un travail confortable, sont disponibles en option la sacoche de ceinture STIHL AP avec c\u00e2ble de connexion, un syst\u00e8me de portage STIHL et un coussinet d&#8217;appui STIHL. Le coussinet d&#8217;appui peut \u00eatre accroch\u00e9 directement \u00e0 l&#8217;\u0153illet de l&#8217;appareil. Pour des intervalles de travail plus longs, l&#8217;utilisation d&#8217;une batterie dorsale est recommand\u00e9e, comme par exemple la batterie STIHL AR 3000 L.      <\/p>\n<p>Dans notre aper\u00e7u des temps de fonctionnement et de charge des batteries STIHL, vous pouvez voir combien de temps vous pouvez travailler avec votre souffleur \u00e0 batterie STIHL BGA 100 et combien de temps la batterie choisie met \u00e0 se recharger.<\/p>\n<p>Tous les appareils \u00e0 batterie du syst\u00e8me STIHL AP sont con\u00e7us pour les utilisateurs professionnels et pour un usage quotidien m\u00eame dans des conditions m\u00e9t\u00e9orologiques d\u00e9favorables. Ils disposent donc d&#8217;une protection contre les projections d&#8217;eau test\u00e9e. L&#8217;efficacit\u00e9 est d\u00e9montr\u00e9e par des tests internes rigoureux. Le test de protection contre les projections d&#8217;eau se base, entre autres, sur la norme IPX4.   <\/p>\n<p>&nbsp;<\/p>\n<p>&nbsp;<\/p>\n<table data-test-id=\"pdp-spec-tech-table\">\n<tbody>\n<tr>\n<td>Tension nominale<\/td>\n<td>36 V<\/td>\n<\/tr>\n<tr>\n<td>Tension max<\/td>\n<td>40 V<\/td>\n<\/tr>\n<tr>\n<td>Syst\u00e8me \u00e0 batterie<\/td>\n<td>AP<\/td>\n<\/tr>\n<tr>\n<td>Batterie recommand\u00e9e<\/td>\n<td>AR 3000 L<\/td>\n<\/tr>\n<tr>\n<td>Poids de l&#8217;appareil sans batterie<\/td>\n<td>2,5 kg<\/td>\n<\/tr>\n<tr>\n<td>Vitesse d&#8217;air max. avec buse ronde<\/td>\n<td>75 m\/s<\/td>\n<\/tr>\n<tr>\n<td>Vitesse d&#8217;air max. avec buse ronde<\/td>\n<td>168 mph<\/td>\n<\/tr>\n<tr>\n<td>Vitesse d&#8217;air max. avec buse plate<\/td>\n<td>81 m\/s<\/td>\n<\/tr>\n<tr>\n<td>Vitesse d&#8217;air max. avec buse plate<\/td>\n<td>182 mph<\/td>\n<\/tr>\n<tr>\n<td>D\u00e9bit d&#8217;air avec buse ronde<\/td>\n<td>840 m\u00b3\/h<\/td>\n<\/tr>\n<tr>\n<td>D\u00e9bit d&#8217;air avec buse plate<\/td>\n<td>760 m\u00b3\/h<\/td>\n<\/tr>\n<tr>\n<td>Degr\u00e9 de protection IP<\/td>\n<td>IPX4<\/td>\n<\/tr>\n<tr>\n<td>Temps de fonctionnement minimum de la batterie AP 100<\/td>\n<td>8 min<\/td>\n<\/tr>\n<tr>\n<td>Temps de fonctionnement maximum de la batterie AP 100<\/td>\n<td>32 min<\/td>\n<\/tr>\n<tr>\n<td>Temps de fonctionnement minimum de la batterie AP 200<\/td>\n<td>12 min<\/td>\n<\/tr>\n<tr>\n<td>Temps de fonctionnement maximum de la batterie AP 200<\/td>\n<td>66 min<\/td>\n<\/tr>\n<tr>\n<td>Temps de fonctionnement minimum de la batterie AP 200 S<\/td>\n<td>12 min<\/td>\n<\/tr>\n<tr>\n<td>Temps de fonctionnement maximum de la batterie AP 200 S<\/td>\n<td>66 min<\/td>\n<\/tr>\n<tr>\n<td>Temps de fonctionnement minimum de la batterie AP 300<\/td>\n<td>16 min<\/td>\n<\/tr>\n<tr>\n<td>Temps de fonctionnement maximum de la batterie AP 300<\/td>\n<td>83 min<\/td>\n<\/tr>\n<tr>\n<td>Temps de fonctionnement minimum de la batterie AP 300 S<\/td>\n<td>20 min<\/td>\n<\/tr>\n<tr>\n<td>Temps de fonctionnement maximum de la batterie AP 300 S<\/td>\n<td>103 min<\/td>\n<\/tr>\n<tr>\n<td>Temps de fonctionnement minimum de la batterie AP 500 S<\/td>\n<td>24 min<\/td>\n<\/tr>\n<tr>\n<td>Temps de fonctionnement maximum de la batterie AP 500 S<\/td>\n<td>123 min<\/td>\n<\/tr>\n<tr>\n<td>Temps de fonctionnement minimum de la batterie AR 1000<\/td>\n<td>45 min<\/td>\n<\/tr>\n<tr>\n<td>Temps de fonctionnement maximum de la batterie AR 1000<\/td>\n<td>225 min<\/td>\n<\/tr>\n<tr>\n<td>Temps de fonctionnement minimum de la batterie AR 2000<\/td>\n<td>60 min<\/td>\n<\/tr>\n<tr>\n<td>Temps de fonctionnement maximum de la batterie AR 2000<\/td>\n<td>300 min<\/td>\n<\/tr>\n<tr>\n<td>Temps de fonctionnement minimum de la batterie AR 2000 L<\/td>\n<td>80 min<\/td>\n<\/tr>\n<tr>\n<td>Temps de fonctionnement maximum de la batterie AR 2000 L<\/td>\n<td>400 min<\/td>\n<\/tr>\n<tr>\n<td>Temps de fonctionnement minimum de la batterie AR 3000<\/td>\n<td>75 min<\/td>\n<\/tr>\n<tr>\n<td>Temps de fonctionnement maximum de la batterie AR 3000<\/td>\n<td>395 min<\/td>\n<\/tr>\n<tr>\n<td>Temps de fonctionnement minimum de la batterie AR 3000 L<\/td>\n<td>110 min<\/td>\n<\/tr>\n<tr>\n<td>Temps de fonctionnement maximum de la batterie AR 3000 L<\/td>\n<td>595 min<\/td>\n<\/tr>\n<tr>\n<td>Niveau de pression acoustique<\/td>\n<td>80 dB(A)<\/td>\n<\/tr>\n<tr>\n<td>Niveau de pression sonore \u00e0 15 m de distance<\/td>\n<td>56 dB(A)<\/td>\n<\/tr>\n<tr>\n<td>Niveau de puissance acoustique<\/td>\n<td>90 dB(A)<\/td>\n<\/tr>\n<tr>\n<td>Valeur vibratoire droite<\/td>\n<td>0,9 m\/s\u00b2<\/td>\n<\/tr>\n<\/tbody>\n<\/table>\n","protected":false},"excerpt":{"rendered":"<p>Nettement plus puissant et silencieux Dans les zones sensibles au bruit, comme les jardins d&#8217;h\u00f4pitaux, les cr\u00e8ches ou les zones<\/p>\n","protected":false},"featured_media":759674,"template":"","meta":{"_seopress_robots_primary_cat":"","_seopress_titles_title":"","_seopress_titles_desc":"","_seopress_robots_index":""},"product_brand":[3555],"product_cat":[167,1643,1651],"product_tag":[],"class_list":{"0":"post-759900","1":"product","2":"type-product","3":"status-publish","4":"has-post-thumbnail","6":"product_brand-stihl-fr","7":"product_cat-machines","8":"product_cat-souffleurs-et-aspirateurs","9":"product_cat-souffleurs-a-batterie","10":"sws-gruppo-macchinari-fr","11":"sws-conto-ricavi-merci-rivendita-macchinari-fr","12":"sws-gruppo-iva-iva81-fr","14":"first","15":"instock","16":"shipping-taxable","17":"purchasable","18":"product-type-simple"},"_links":{"self":[{"href":"https:\/\/lucacastelli.com\/fr\/wp-json\/wp\/v2\/product\/759900","targetHints":{"allow":["GET"]}}],"collection":[{"href":"https:\/\/lucacastelli.com\/fr\/wp-json\/wp\/v2\/product"}],"about":[{"href":"https:\/\/lucacastelli.com\/fr\/wp-json\/wp\/v2\/types\/product"}],"wp:featuredmedia":[{"embeddable":true,"href":"https:\/\/lucacastelli.com\/fr\/wp-json\/wp\/v2\/media\/759674"}],"wp:attachment":[{"href":"https:\/\/lucacastelli.com\/fr\/wp-json\/wp\/v2\/media?parent=759900"}],"wp:term":[{"taxonomy":"product_brand","embeddable":true,"href":"https:\/\/lucacastelli.com\/fr\/wp-json\/wp\/v2\/product_brand?post=759900"},{"taxonomy":"product_cat","embeddable":true,"href":"https:\/\/lucacastelli.com\/fr\/wp-json\/wp\/v2\/product_cat?post=759900"},{"taxonomy":"product_tag","embeddable":true,"href":"https:\/\/lucacastelli.com\/fr\/wp-json\/wp\/v2\/product_tag?post=759900"}],"curies":[{"name":"wp","href":"https:\/\/api.w.org\/{rel}","templated":true}]}}