{"id":759877,"date":"2026-03-01T09:09:11","date_gmt":"2026-03-01T08:09:11","guid":{"rendered":"https:\/\/lucacastelli.com\/prodotto\/stihl-bra-200-souffleur-dorsal-a-batterie-ap-system-appareil-seul\/"},"modified":"2026-03-01T09:09:11","modified_gmt":"2026-03-01T08:09:11","slug":"stihl-bra-200-souffleur-dorsal-a-batterie-ap-system-appareil-seul","status":"publish","type":"product","link":"https:\/\/lucacastelli.com\/fr\/produit\/stihl-bra-200-souffleur-dorsal-a-batterie-ap-system-appareil-seul\/","title":{"rendered":"STIHL BRA 200 souffleur dorsal \u00e0 batterie &#8211; AP-System (appareil seul)"},"content":{"rendered":"<p>Souffleur \u00e0 batterie BRA 200, ultra-l\u00e9ger et dorsal : \u00e9quilibre id\u00e9al entre poids r\u00e9duit et longue autonomie pour des travaux de nettoyage professionnels.<br \/>\nLe souffleur \u00e0 batterie dorsal STIHL BRA 200 offre une excellente combinaison d&#8217;autonomie prolong\u00e9e et de poids de travail tr\u00e8s r\u00e9duit. Parfait pour les professionnels de l&#8217;entretien des espaces verts, du paysage et des communes, il permet de nettoyer sentiers et routes avec une fatigue minimale. Avec une force maximale de 21 N, il \u00e9limine rapidement feuilles, herbe et d\u00e9bris en maintenant une puissance constante pendant toute la dur\u00e9e de la batterie. Son fonctionnement silencieux le rend id\u00e9al pour les zones urbaines sensibles au bruit.   <\/p>\n<p>Le BRA 200 peut \u00eatre utilis\u00e9 avec une ou deux batteries du syst\u00e8me STIHL AP ; m\u00eame avec deux AP 200, il reste plus l\u00e9ger qu&#8217;un souffleur thermique dorsal de puissance \u00e9quivalente. La puissance est r\u00e9glable via la g\u00e2chette des gaz, avec fonction Boost pour un rendement maximal. <\/p>\n<p>Les bretelles confortables r\u00e9partissent le poids de mani\u00e8re uniforme. Pour des performances optimales, STIHL recommande deux batteries AP 300 S ou sup\u00e9rieures. <\/p>\n<p>Certifi\u00e9 IPX4, il est prot\u00e9g\u00e9 contre les projections d&#8217;eau et utilisable m\u00eame sous la pluie.<\/p>\n<p>&nbsp;<\/p>\n<p>&nbsp;<\/p>\n<table data-test-id=\"pdp-spec-tech-table\">\n<tbody>\n<tr>\n<td>Tension nominale<\/td>\n<td>36 V<\/td>\n<\/tr>\n<tr>\n<td>Tension max<\/td>\n<td>40 V<\/td>\n<\/tr>\n<tr>\n<td>Syst\u00e8me \u00e0 batterie<\/td>\n<td>AP<\/td>\n<\/tr>\n<tr>\n<td>Batterie recommand\u00e9e<\/td>\n<td>AP 500 S<\/td>\n<\/tr>\n<tr>\n<td>Poids de l&#8217;appareil sans batterie<\/td>\n<td>7,1 kg<\/td>\n<\/tr>\n<tr>\n<td>Vitesse d&#8217;air max. avec buse ronde<\/td>\n<td>83 m\/s<\/td>\n<\/tr>\n<tr>\n<td>Vitesse d&#8217;air max. avec buse ronde<\/td>\n<td>185 mph<\/td>\n<\/tr>\n<tr>\n<td>D\u00e9bit d&#8217;air avec buse ronde<\/td>\n<td>867 m\u00b3\/h<\/td>\n<\/tr>\n<tr>\n<td>Autonomie minimale avec batterie AP 200 S<\/td>\n<td>10 min<\/td>\n<\/tr>\n<tr>\n<td>Autonomie maximale avec batterie AP 200 S<\/td>\n<td>65 min<\/td>\n<\/tr>\n<tr>\n<td>Autonomie minimale avec batterie AP 300<\/td>\n<td>14 min<\/td>\n<\/tr>\n<tr>\n<td>Autonomie maximale avec batterie AP 300<\/td>\n<td>77 min<\/td>\n<\/tr>\n<tr>\n<td>Autonomie minimale avec batterie AP 300 S<\/td>\n<td>14 min<\/td>\n<\/tr>\n<tr>\n<td>Autonomie maximale avec batterie AP 300 S<\/td>\n<td>97 min<\/td>\n<\/tr>\n<tr>\n<td>Autonomie minimale avec batterie AP 500 S<\/td>\n<td>16 min<\/td>\n<\/tr>\n<tr>\n<td>Autonomie maximale avec batterie AP 500 S<\/td>\n<td>115 min<\/td>\n<\/tr>\n<tr>\n<td>Niveau de pression acoustique<\/td>\n<td>86 dB(A)<\/td>\n<\/tr>\n<tr>\n<td>Niveau de pression sonore \u00e0 15 m de distance<\/td>\n<td>64 dB(A)<\/td>\n<\/tr>\n<tr>\n<td>Niveau de puissance acoustique<\/td>\n<td>94 dB(A)<\/td>\n<\/tr>\n<tr>\n<td>Valeur vibratoire droite<\/td>\n<td>0,2 m\/s\u00b2<\/td>\n<\/tr>\n<\/tbody>\n<\/table>\n","protected":false},"excerpt":{"rendered":"<p>Souffleur \u00e0 batterie BRA 200, ultra-l\u00e9ger et dorsal : \u00e9quilibre id\u00e9al entre poids r\u00e9duit et longue autonomie pour des travaux<\/p>\n","protected":false},"featured_media":759689,"template":"","meta":{"_seopress_robots_primary_cat":"none","_seopress_titles_title":"","_seopress_titles_desc":"","_seopress_robots_index":""},"product_brand":[3555],"product_cat":[167,1643,1651],"product_tag":[],"class_list":{"0":"post-759877","1":"product","2":"type-product","3":"status-publish","4":"has-post-thumbnail","6":"product_brand-stihl-fr","7":"product_cat-machines","8":"product_cat-souffleurs-et-aspirateurs","9":"product_cat-souffleurs-a-batterie","10":"sws-gruppo-macchinari-fr","11":"sws-conto-ricavi-merci-rivendita-macchinari-fr","12":"sws-gruppo-iva-iva81-fr","14":"first","15":"instock","16":"shipping-taxable","17":"purchasable","18":"product-type-simple"},"_links":{"self":[{"href":"https:\/\/lucacastelli.com\/fr\/wp-json\/wp\/v2\/product\/759877","targetHints":{"allow":["GET"]}}],"collection":[{"href":"https:\/\/lucacastelli.com\/fr\/wp-json\/wp\/v2\/product"}],"about":[{"href":"https:\/\/lucacastelli.com\/fr\/wp-json\/wp\/v2\/types\/product"}],"wp:featuredmedia":[{"embeddable":true,"href":"https:\/\/lucacastelli.com\/fr\/wp-json\/wp\/v2\/media\/759689"}],"wp:attachment":[{"href":"https:\/\/lucacastelli.com\/fr\/wp-json\/wp\/v2\/media?parent=759877"}],"wp:term":[{"taxonomy":"product_brand","embeddable":true,"href":"https:\/\/lucacastelli.com\/fr\/wp-json\/wp\/v2\/product_brand?post=759877"},{"taxonomy":"product_cat","embeddable":true,"href":"https:\/\/lucacastelli.com\/fr\/wp-json\/wp\/v2\/product_cat?post=759877"},{"taxonomy":"product_tag","embeddable":true,"href":"https:\/\/lucacastelli.com\/fr\/wp-json\/wp\/v2\/product_tag?post=759877"}],"curies":[{"name":"wp","href":"https:\/\/api.w.org\/{rel}","templated":true}]}}