{"id":759868,"date":"2026-03-01T09:17:57","date_gmt":"2026-03-01T08:17:57","guid":{"rendered":"https:\/\/lucacastelli.com\/prodotto\/stihl-bra-280-souffleur-a-dos-a-batterie-ap-system\/"},"modified":"2026-03-01T09:17:57","modified_gmt":"2026-03-01T08:17:57","slug":"stihl-bra-280-souffleur-a-dos-a-batterie-ap-system","status":"publish","type":"product","link":"https:\/\/lucacastelli.com\/fr\/produit\/stihl-bra-280-souffleur-a-dos-a-batterie-ap-system\/","title":{"rendered":"STIHL BRA 280 souffleur \u00e0 dos \u00e0 batterie &#8211; AP-System"},"content":{"rendered":"<p>Souffleur \u00e0 dos \u00e0 batterie BRA 280 B : l\u00e9ger et performant pour professionnels<br \/>\nLe souffleur \u00e0 dos STIHL BRA 280 B offre un excellent \u00e9quilibre, un poids r\u00e9duit et des performances constantes. Id\u00e9al pour parcs, pelouses, all\u00e9es et zones urbaines sensibles au bruit. Avec une force d&#8217;air jusqu&#8217;\u00e0 26 N, il balaie rapidement feuilles, herbe et d\u00e9bris.  <\/p>\n<p>Compatible avec une ou deux batteries du syst\u00e8me STIHL AP, avec commutation automatique sur la seconde batterie. Contr\u00f4le via HMI Premium PLUS et STIHL Smart Connector pour optimiser la consommation \u00e9nerg\u00e9tique. Tube r\u00e9glable rapidement et syst\u00e8me de portage ergonomique.  <\/p>\n<p>Certifi\u00e9 IPX4 pour utilisation sous la pluie.<\/p>\n<p>&nbsp;<\/p>\n<table data-test-id=\"pdp-spec-tech-table\">\n<tbody>\n<tr>\n<td>Tension nominale<\/td>\n<td>36 V<\/td>\n<\/tr>\n<tr>\n<td>Tension max<\/td>\n<td>40 V<\/td>\n<\/tr>\n<tr>\n<td>Syst\u00e8me \u00e0 batterie<\/td>\n<td>AP<\/td>\n<\/tr>\n<tr>\n<td>Batterie recommand\u00e9e<\/td>\n<td>AP 500 S<\/td>\n<\/tr>\n<tr>\n<td>Poids de l&#8217;appareil sans batterie<\/td>\n<td>7,3 kg<\/td>\n<\/tr>\n<tr>\n<td>Vitesse d&#8217;air max. avec buse ronde<\/td>\n<td>86 m\/s<\/td>\n<\/tr>\n<tr>\n<td>Vitesse d&#8217;air max. avec buse ronde<\/td>\n<td>192 mph<\/td>\n<\/tr>\n<tr>\n<td>D\u00e9bit d&#8217;air avec buse ronde<\/td>\n<td>970 m\u00b3\/h<\/td>\n<\/tr>\n<tr>\n<td>Autonomie minimale de la batterie AP 200 S<\/td>\n<td>13 min<\/td>\n<\/tr>\n<tr>\n<td>Autonomie maximale de la batterie AP 200 S<\/td>\n<td>16 min<\/td>\n<\/tr>\n<tr>\n<td>Autonomie minimale de la batterie AP 300<\/td>\n<td>8 min<\/td>\n<\/tr>\n<tr>\n<td>Autonomie maximale de la batterie AP 300<\/td>\n<td>20 min<\/td>\n<\/tr>\n<tr>\n<td>Autonomie minimale de la batterie AP 300 S<\/td>\n<td>10 min<\/td>\n<\/tr>\n<tr>\n<td>Autonomie maximale de la batterie AP 300 S<\/td>\n<td>25 min<\/td>\n<\/tr>\n<tr>\n<td>Temps de fonctionnement minimum de la batterie AP 500 S<\/td>\n<td>12 min<\/td>\n<\/tr>\n<tr>\n<td>Autonomie maximale de la batterie AP 500 S<\/td>\n<td>30 min<\/td>\n<\/tr>\n<tr>\n<td>Niveau de pression acoustique<\/td>\n<td>88 dB(A)<\/td>\n<\/tr>\n<tr>\n<td>Niveau de pression sonore \u00e0 15 m de distance<\/td>\n<td>65 dB(A)<\/td>\n<\/tr>\n<tr>\n<td>Niveau de puissance acoustique<\/td>\n<td>96 dB(A)<\/td>\n<\/tr>\n<tr>\n<td>Valeur vibratoire droite<\/td>\n<td>0,3 m\/s\u00b2<\/td>\n<\/tr>\n<\/tbody>\n<\/table>\n","protected":false},"excerpt":{"rendered":"<p>Souffleur \u00e0 dos \u00e0 batterie BRA 280 B : l\u00e9ger et performant pour professionnels Le souffleur \u00e0 dos STIHL BRA<\/p>\n","protected":false},"featured_media":759708,"template":"","meta":{"_seopress_robots_primary_cat":"","_seopress_titles_title":"","_seopress_titles_desc":"","_seopress_robots_index":""},"product_brand":[3555],"product_cat":[167,1643,1651],"product_tag":[],"class_list":{"0":"post-759868","1":"product","2":"type-product","3":"status-publish","4":"has-post-thumbnail","6":"product_brand-stihl-fr","7":"product_cat-machines","8":"product_cat-souffleurs-et-aspirateurs","9":"product_cat-souffleurs-a-batterie","10":"sws-gruppo-macchinari-fr","11":"sws-conto-ricavi-merci-rivendita-macchinari-fr","12":"sws-gruppo-iva-iva81-fr","14":"first","15":"instock","16":"shipping-taxable","17":"purchasable","18":"product-type-simple"},"_links":{"self":[{"href":"https:\/\/lucacastelli.com\/fr\/wp-json\/wp\/v2\/product\/759868","targetHints":{"allow":["GET"]}}],"collection":[{"href":"https:\/\/lucacastelli.com\/fr\/wp-json\/wp\/v2\/product"}],"about":[{"href":"https:\/\/lucacastelli.com\/fr\/wp-json\/wp\/v2\/types\/product"}],"wp:featuredmedia":[{"embeddable":true,"href":"https:\/\/lucacastelli.com\/fr\/wp-json\/wp\/v2\/media\/759708"}],"wp:attachment":[{"href":"https:\/\/lucacastelli.com\/fr\/wp-json\/wp\/v2\/media?parent=759868"}],"wp:term":[{"taxonomy":"product_brand","embeddable":true,"href":"https:\/\/lucacastelli.com\/fr\/wp-json\/wp\/v2\/product_brand?post=759868"},{"taxonomy":"product_cat","embeddable":true,"href":"https:\/\/lucacastelli.com\/fr\/wp-json\/wp\/v2\/product_cat?post=759868"},{"taxonomy":"product_tag","embeddable":true,"href":"https:\/\/lucacastelli.com\/fr\/wp-json\/wp\/v2\/product_tag?post=759868"}],"curies":[{"name":"wp","href":"https:\/\/api.w.org\/{rel}","templated":true}]}}