{"id":759737,"date":"2026-02-28T21:29:05","date_gmt":"2026-02-28T20:29:05","guid":{"rendered":"https:\/\/lucacastelli.com\/prodotto\/stihl-fsa-110-r-debroussailleuse-a-batterie-ap-system-machine-seule\/"},"modified":"2026-04-14T03:18:13","modified_gmt":"2026-04-14T01:18:13","slug":"stihl-fsa-110-r-debroussailleuse-a-batterie-ap-system-machine-seule","status":"publish","type":"product","link":"https:\/\/lucacastelli.com\/fr\/produit\/stihl-fsa-110-r-debroussailleuse-a-batterie-ap-system-machine-seule\/","title":{"rendered":"STIHL FSA 110 R d\u00e9broussailleuse \u00e0 batterie &#8211; AP System (machine seule)"},"content":{"rendered":"<p>D\u00e9broussailleuse \u00e0 batterie FSA 110 R : silencieuse, l\u00e9g\u00e8re et puissante pour les travaux de coupe professionnels et les applications priv\u00e9es exigeantes<br \/>\nLa puissante d\u00e9broussailleuse \u00e0 batterie STIHL FSA 110 R du syst\u00e8me STIHL AP est adapt\u00e9e aux travaux de fauchage professionnels dans les petites entreprises, par exemple dans la gestion des b\u00e2timents, et pour les travaux exigeants dans le domaine priv\u00e9. Elle convainc gr\u00e2ce \u00e0 la combinaison d&#8217;une bonne capacit\u00e9 de coupe et d&#8217;un poids r\u00e9duit, par exemple pour faucher l&#8217;herbe de hauteur moyenne, finir les zones difficiles d&#8217;acc\u00e8s et couper les bordures de pelouse. La STIHL FSA 110 R offre un confort particulier gr\u00e2ce au syst\u00e8me Rapid Click, qui vous permet de retirer facilement et rapidement la t\u00eate de coupe par simple pression d&#8217;un bouton. Avec Advanced EasySpool, vous pouvez enrouler confortablement le fil dans la t\u00eate de coupe \u00e0 la main.   <\/p>\n<p>Le moteur EC sans balais peut \u00eatre contr\u00f4l\u00e9 directement depuis la poign\u00e9e via une r\u00e9gulation de vitesse variable avec 2 niveaux de vitesse. Pour les t\u00e2ches plus simples, comme finir les bordures de pelouse, choisissez une vitesse inf\u00e9rieure en mode ECO (niveau 1). Vous b\u00e9n\u00e9ficierez ainsi d&#8217;une consommation d&#8217;\u00e9nergie r\u00e9duite et pourrez prolonger l&#8217;autonomie de la batterie. Pour les travaux plus exigeants, comme faucher l&#8217;herbe dense, vous pouvez utiliser la vitesse maximale en passant simplement au niveau 2 via l&#8217;interrupteur \u00e0 glissi\u00e8re. La vitesse s&#8217;adapte automatiquement \u00e0 l&#8217;outil de coupe mont\u00e9 et peut \u00eatre r\u00e9gl\u00e9e en continu. De plus, l&#8217;\u00e9lectronique intelligente permet \u00e0 la FSA 110 R de fonctionner constamment \u00e0 hautes performances, ind\u00e9pendamment de l&#8217;\u00e9tat de charge de la batterie.     <\/p>\n<p>Compacte et bien \u00e9quilibr\u00e9e, la STIHL FSA 110 R permet un travail flexible avec beaucoup de libert\u00e9 de mouvement gr\u00e2ce \u00e0 la poign\u00e9e circulaire avec composant souple. Cela est particuli\u00e8rement \u00e9vident lors des travaux de finition dans les espaces restreints, lorsque vous fauchez entre les arbres et arbustes ou dans d&#8217;autres zones \u00e9troites. De plus, la poign\u00e9e circulaire r\u00e9glable sans outils permet un ajustement facile en fonction de votre taille, vous garantissant toujours une posture de travail ergonomique.  <\/p>\n<p>La d\u00e9broussailleuse \u00e0 batterie FSA 110 R est si silencieuse qu&#8217;elle peut \u00eatre utilis\u00e9e sans protections auditives et m\u00eame dans les zones sensibles au bruit, comme les \u00e9coles, les h\u00f4pitaux ou les parcs urbains.<\/p>\n<p>Pour les travaux de fauchage, nous recommandons l&#8217;utilisation du fil de coupe rond d&#8217;un diam\u00e8tre de 2,4 mm. En accessoire optionnel, la t\u00eate de coupe STIHL PolyCut 12-2 avec lames en plastique est \u00e9galement disponible, elle aussi rempla\u00e7able sans outils. Gr\u00e2ce \u00e0 l&#8217;\u0153illet de suspension pratique, vous pouvez accrocher la STIHL FSA 110 R au mur. <\/p>\n<p>Tous les appareils \u00e0 batterie du syst\u00e8me STIHL AP sont con\u00e7us pour une utilisation professionnelle r\u00e9guli\u00e8re m\u00eame dans des conditions m\u00e9t\u00e9orologiques d\u00e9favorables. Ils sont donc dot\u00e9s d&#8217;une protection contre les projections d&#8217;eau test\u00e9e. L&#8217;efficacit\u00e9 est d\u00e9montr\u00e9e par des tests internes rigoureux. Le test de projections d&#8217;eau se base, entre autres, sur la norme IPX4. La d\u00e9broussailleuse \u00e0 batterie FSA 110 R est \u00e9galement adapt\u00e9e pour les travaux sous la pluie.    <\/p>\n<p>&nbsp;<\/p>\n<p>&nbsp;<\/p>\n<table data-test-id=\"pdp-spec-tech-table\">\n<tbody>\n<tr>\n<td>Tension nominale<\/td>\n<td>36 V<\/td>\n<\/tr>\n<tr>\n<td>Tension max.<\/td>\n<td>40 V<\/td>\n<\/tr>\n<tr>\n<td>Consommation \u00e9lectrique<\/td>\n<td>1 kW<\/td>\n<\/tr>\n<tr>\n<td>Puissance<\/td>\n<td>0,80 kW<\/td>\n<\/tr>\n<tr>\n<td>Syst\u00e8me \u00e0 batterie<\/td>\n<td>AP<\/td>\n<\/tr>\n<tr>\n<td>Batterie recommand\u00e9e<\/td>\n<td>AP 200 S<\/td>\n<\/tr>\n<tr>\n<td>Poids de l&#8217;appareil sans batterie<\/td>\n<td>3,2 kg<\/td>\n<\/tr>\n<tr>\n<td>Diam\u00e8tre circonf\u00e9rence de coupe<\/td>\n<td>380 mm<\/td>\n<\/tr>\n<tr>\n<td>Degr\u00e9 de protection IP<\/td>\n<td>IPX4<\/td>\n<\/tr>\n<tr>\n<td>Autonomie minimale de la batterie AP 100 avec t\u00eate de coupe \u00e0 fil<\/td>\n<td>20 min<\/td>\n<\/tr>\n<tr>\n<td>Autonomie maximale de la batterie AP 100 avec t\u00eate de coupe \u00e0 fil<\/td>\n<td>30 min<\/td>\n<\/tr>\n<tr>\n<td>Autonomie minimale de la batterie AP 200 avec t\u00eate de coupe \u00e0 fil<\/td>\n<td>30 min<\/td>\n<\/tr>\n<tr>\n<td>Autonomie maximale de la batterie AP 200 avec t\u00eate de coupe \u00e0 fil<\/td>\n<td>60 min<\/td>\n<\/tr>\n<tr>\n<td>Autonomie minimale de la batterie AP 200 avec lame en plastique<\/td>\n<td>60 min<\/td>\n<\/tr>\n<tr>\n<td>Autonomie maximale de la batterie AP 200 avec lame en plastique<\/td>\n<td>120 min<\/td>\n<\/tr>\n<tr>\n<td>Autonomie minimale de la batterie AP 200 S avec t\u00eate de coupe \u00e0 fil<\/td>\n<td>30 min<\/td>\n<\/tr>\n<tr>\n<td>Autonomie maximale de la batterie AP 200 S avec t\u00eate de coupe \u00e0 fil<\/td>\n<td>60 min<\/td>\n<\/tr>\n<tr>\n<td>Autonomie minimale de la batterie AP 200 S avec lame en plastique<\/td>\n<td>60 min<\/td>\n<\/tr>\n<tr>\n<td>Autonomie maximale de la batterie AP 200 S avec lame en plastique<\/td>\n<td>120 min<\/td>\n<\/tr>\n<tr>\n<td>Autonomie minimale de la batterie AP 300 avec t\u00eate de coupe \u00e0 fil<\/td>\n<td>40 min<\/td>\n<\/tr>\n<tr>\n<td>Autonomie maximale de la batterie AP 300 avec t\u00eate de coupe \u00e0 fil<\/td>\n<td>80 min<\/td>\n<\/tr>\n<tr>\n<td>Autonomie minimale de la batterie AP 300 avec lame en plastique<\/td>\n<td>80 min<\/td>\n<\/tr>\n<tr>\n<td>Autonomie maximale de la batterie AP 300 avec lame en plastique<\/td>\n<td>160 min<\/td>\n<\/tr>\n<tr>\n<td>Autonomie minimale de la batterie AP 300 S avec t\u00eate de coupe \u00e0 fil<\/td>\n<td>50 min<\/td>\n<\/tr>\n<tr>\n<td>Autonomie maximale de la batterie AP 300 S avec t\u00eate de coupe \u00e0 fil<\/td>\n<td>100 min<\/td>\n<\/tr>\n<tr>\n<td>Autonomie minimale de la batterie AP 300 S avec lame en plastique<\/td>\n<td>100 min<\/td>\n<\/tr>\n<tr>\n<td>Autonomie maximale de la batterie AP 300 S avec lame en plastique<\/td>\n<td>200 min<\/td>\n<\/tr>\n<tr>\n<td>Autonomie minimale de la batterie AP 500 avec t\u00eate de coupe \u00e0 fil<\/td>\n<td>60 min<\/td>\n<\/tr>\n<tr>\n<td>Autonomie maximale de la batterie AP 500 avec t\u00eate de coupe \u00e0 fil<\/td>\n<td>120 min<\/td>\n<\/tr>\n<tr>\n<td>Autonomie minimale de la batterie AP 500 avec lame en plastique<\/td>\n<td>120 min<\/td>\n<\/tr>\n<tr>\n<td>Autonomie maximale de la batterie AP 500 avec lame en plastique<\/td>\n<td>240 min<\/td>\n<\/tr>\n<tr>\n<td>Autonomie minimale de la batterie AR 2000 L avec t\u00eate de coupe \u00e0 fil<\/td>\n<td>210 min<\/td>\n<\/tr>\n<tr>\n<td>Autonomie maximale de la batterie AR 2000 L avec t\u00eate de coupe \u00e0 fil<\/td>\n<td>400 min<\/td>\n<\/tr>\n<tr>\n<td>Autonomie minimale de la batterie AR 2000 L avec lame en plastique<\/td>\n<td>420 min<\/td>\n<\/tr>\n<tr>\n<td>Autonomie maximale de la batterie AR 2000 L avec lame en plastique<\/td>\n<td>800 min<\/td>\n<\/tr>\n<tr>\n<td>Autonomie minimale de la batterie AR 3000 L avec t\u00eate de coupe \u00e0 fil<\/td>\n<td>290 min<\/td>\n<\/tr>\n<tr>\n<td>Autonomie maximale de la batterie AR 3000 L avec t\u00eate de coupe \u00e0 fil<\/td>\n<td>570 min<\/td>\n<\/tr>\n<tr>\n<td>Autonomie minimale de la batterie AR 3000 L avec lame en plastique<\/td>\n<td>580 min<\/td>\n<\/tr>\n<tr>\n<td>Autonomie maximale de la batterie AR 3000 L avec lame en plastique<\/td>\n<td>1140 min<\/td>\n<\/tr>\n<tr>\n<td>Longueur de l&#8217;appareil sans outil de coupe<\/td>\n<td>171 cm<\/td>\n<\/tr>\n<tr>\n<td>Niveau de pression sonore<\/td>\n<td>76 dB(A)<\/td>\n<\/tr>\n<tr>\n<td>Niveau de puissance acoustique<\/td>\n<td>91 dB(A)<\/td>\n<\/tr>\n<tr>\n<td>Valeur vibratoire gauche avec la main droite<\/td>\n<td>4,9 m\/s\u00b2<\/td>\n<\/tr>\n<tr>\n<td>Valeur vibratoire gauche avec la main droite<\/td>\n<td>3,8 m\/s\u00b2<\/td>\n<\/tr>\n<tr>\n<td>Valeur vibratoire droite avec la main droite<\/td>\n<td>2 m\/s\u00b2<\/td>\n<\/tr>\n<tr>\n<td>Valeur vibratoire droite avec la main droite<\/td>\n<td>2 m\/s\u00b2<\/td>\n<\/tr>\n<\/tbody>\n<\/table>\n","protected":false},"excerpt":{"rendered":"<p>D\u00e9broussailleuse \u00e0 batterie FSA 110 R : silencieuse, l\u00e9g\u00e8re et puissante pour les travaux de coupe professionnels et les applications<\/p>\n","protected":false},"featured_media":759744,"template":"","meta":{"_seopress_robots_primary_cat":"none","_seopress_titles_title":"","_seopress_titles_desc":"","_seopress_robots_index":""},"product_brand":[3555],"product_cat":[167,1586,1601],"product_tag":[],"class_list":{"0":"post-759737","1":"product","2":"type-product","3":"status-publish","4":"has-post-thumbnail","6":"product_brand-stihl-fr","7":"product_cat-machines","8":"product_cat-debroussailleuses-et-coupe-bordures","9":"product_cat-debroussailleuses-et-coupe-herbes-a-batterie","10":"sws-gruppo-macchinari-fr","11":"sws-conto-ricavi-merci-rivendita-macchinari-fr","12":"sws-gruppo-iva-iva81-fr","14":"first","15":"instock","16":"shipping-taxable","17":"purchasable","18":"product-type-simple"},"_links":{"self":[{"href":"https:\/\/lucacastelli.com\/fr\/wp-json\/wp\/v2\/product\/759737","targetHints":{"allow":["GET"]}}],"collection":[{"href":"https:\/\/lucacastelli.com\/fr\/wp-json\/wp\/v2\/product"}],"about":[{"href":"https:\/\/lucacastelli.com\/fr\/wp-json\/wp\/v2\/types\/product"}],"wp:featuredmedia":[{"embeddable":true,"href":"https:\/\/lucacastelli.com\/fr\/wp-json\/wp\/v2\/media\/759744"}],"wp:attachment":[{"href":"https:\/\/lucacastelli.com\/fr\/wp-json\/wp\/v2\/media?parent=759737"}],"wp:term":[{"taxonomy":"product_brand","embeddable":true,"href":"https:\/\/lucacastelli.com\/fr\/wp-json\/wp\/v2\/product_brand?post=759737"},{"taxonomy":"product_cat","embeddable":true,"href":"https:\/\/lucacastelli.com\/fr\/wp-json\/wp\/v2\/product_cat?post=759737"},{"taxonomy":"product_tag","embeddable":true,"href":"https:\/\/lucacastelli.com\/fr\/wp-json\/wp\/v2\/product_tag?post=759737"}],"curies":[{"name":"wp","href":"https:\/\/api.w.org\/{rel}","templated":true}]}}