{"id":758814,"date":"2026-02-28T18:22:33","date_gmt":"2026-02-28T17:22:33","guid":{"rendered":"https:\/\/lucacastelli.com\/prodotto\/tondeuse-thermique-stihl-rm-2-rt\/"},"modified":"2026-02-28T18:22:33","modified_gmt":"2026-02-28T17:22:33","slug":"tondeuse-thermique-stihl-rm-2-rt","status":"publish","type":"product","link":"https:\/\/lucacastelli.com\/fr\/produit\/tondeuse-thermique-stihl-rm-2-rt\/","title":{"rendered":"Tondeuse thermique STIHL RM 2 RT"},"content":{"rendered":"<p>Tondeuse thermique mulching RM 2 RT : pour un mulching particuli\u00e8rement efficace gr\u00e2ce \u00e0 l\u2019entra\u00eenement \u00e0 1 vitesse<br \/>\nLa STIHL RM 2 RT avec une largeur de coupe de 46 cm est id\u00e9ale pour le mulching de pelouses de taille moyenne jusqu\u2019\u00e0 1 500 m\u00b2 dans le cadre priv\u00e9, tout en \u00e9conomisant vos efforts gr\u00e2ce \u00e0 l\u2019entra\u00eenement des roues. Sur les terrains irr\u00e9guliers ou en pente, la traction facilite le travail, tandis que la poign\u00e9e ergonomique Super-Soft assure une prise en main toujours confortable. <\/p>\n<p>Le puissant moteur OHV garantit un mulching efficace et constant, restituant l\u2019herbe coup\u00e9e directement sur la pelouse comme engrais naturel. La fonction de d\u00e9marrage facile simplifie la mise en marche du moteur et les roues \u00e0 roulement facile facilitent le d\u00e9placement. La hauteur de coupe est r\u00e9glable sur 4 niveaux de 28 \u00e0 85 mm. Pour le transport ou le stockage, le guidon se replie rapidement gr\u00e2ce au syst\u00e8me de serrage rapide Quick-Fix.  <\/p>\n<p>&nbsp;<\/p>\n<p>&nbsp;<\/p>\n<table data-test-id=\"pdp-spec-tech-table\">\n<tbody>\n<tr>\n<td>Cylindr\u00e9e<\/td>\n<td>139 cm\u00b3<\/td>\n<\/tr>\n<tr>\n<td>Transmission<\/td>\n<td>3,5 km\/h<\/td>\n<\/tr>\n<tr>\n<td>Type de moteur<\/td>\n<td>EVC 200.4<\/td>\n<\/tr>\n<tr>\n<td>Le CO2<\/td>\n<td>922 g\/kWh<\/td>\n<\/tr>\n<tr>\n<td>Poids de l\u2019appareil sans carburant<\/td>\n<td>25,8 kg<\/td>\n<\/tr>\n<tr>\n<td>Superficie de pelouse max.<\/td>\n<td>1 500 m\u00b2<\/td>\n<\/tr>\n<tr>\n<td>Largeur de coupe<\/td>\n<td>46 cm<\/td>\n<\/tr>\n<tr>\n<td>Hauteur de coupe<\/td>\n<td>28 &#8211; 85 mm<\/td>\n<\/tr>\n<tr>\n<td>R\u00e9gime nominal de l\u2019outil de travail<\/td>\n<td>2 800 tr\/min<\/td>\n<\/tr>\n<tr>\n<td>Largeur de l\u2019appareil sans accessoires<\/td>\n<td>50 cm<\/td>\n<\/tr>\n<tr>\n<td>Hauteur maximale de l\u2019appareil<\/td>\n<td>105 cm<\/td>\n<\/tr>\n<tr>\n<td>Diam\u00e8tre de la roue avant<\/td>\n<td>200 mm<\/td>\n<\/tr>\n<tr>\n<td>Diam\u00e8tre de la roue arri\u00e8re<\/td>\n<td>200 mm<\/td>\n<\/tr>\n<tr>\n<td>Niveau de pression sonore mesur\u00e9 LpA<\/td>\n<td>77 dB(A)<\/td>\n<\/tr>\n<tr>\n<td>Niveau de puissance acoustique garanti LWA<\/td>\n<td>92 dB(A)<\/td>\n<\/tr>\n<tr>\n<td>Facteur d&#8217;incertitude niveau de pression acoustique KpA<\/td>\n<td>2 dB(A)<\/td>\n<\/tr>\n<tr>\n<td>Vibrations au guidon ahw<\/td>\n<td>7 m\/s\u00b2<\/td>\n<\/tr>\n<tr>\n<td>Incertitude de vibrations K<\/td>\n<td>2,80 m\/s\u00b2<\/td>\n<\/tr>\n<\/tbody>\n<\/table>\n","protected":false},"excerpt":{"rendered":"<p>Tondeuse thermique mulching RM 2 RT : pour un mulching particuli\u00e8rement efficace gr\u00e2ce \u00e0 l\u2019entra\u00eenement \u00e0 1 vitesse La STIHL<\/p>\n","protected":false},"featured_media":758784,"template":"","meta":{"_seopress_robots_primary_cat":"","_seopress_titles_title":"","_seopress_titles_desc":"","_seopress_robots_index":""},"product_brand":[3366],"product_cat":[29,262,279],"product_tag":[],"class_list":{"0":"post-758814","1":"product","2":"type-product","3":"status-publish","4":"has-post-thumbnail","6":"product_brand-stihl","7":"product_cat-macchinari","8":"product_cat-tosaerba-e-robot","9":"product_cat-tosaerba-a-motore","10":"sws-gruppo-macchinari-fr","11":"sws-conto-ricavi-merci-rivendita-macchinari-fr","12":"sws-gruppo-iva-iva81-fr","14":"first","15":"instock","16":"shipping-taxable","17":"purchasable","18":"product-type-simple"},"_links":{"self":[{"href":"https:\/\/lucacastelli.com\/fr\/wp-json\/wp\/v2\/product\/758814","targetHints":{"allow":["GET"]}}],"collection":[{"href":"https:\/\/lucacastelli.com\/fr\/wp-json\/wp\/v2\/product"}],"about":[{"href":"https:\/\/lucacastelli.com\/fr\/wp-json\/wp\/v2\/types\/product"}],"wp:featuredmedia":[{"embeddable":true,"href":"https:\/\/lucacastelli.com\/fr\/wp-json\/wp\/v2\/media\/758784"}],"wp:attachment":[{"href":"https:\/\/lucacastelli.com\/fr\/wp-json\/wp\/v2\/media?parent=758814"}],"wp:term":[{"taxonomy":"product_brand","embeddable":true,"href":"https:\/\/lucacastelli.com\/fr\/wp-json\/wp\/v2\/product_brand?post=758814"},{"taxonomy":"product_cat","embeddable":true,"href":"https:\/\/lucacastelli.com\/fr\/wp-json\/wp\/v2\/product_cat?post=758814"},{"taxonomy":"product_tag","embeddable":true,"href":"https:\/\/lucacastelli.com\/fr\/wp-json\/wp\/v2\/product_tag?post=758814"}],"curies":[{"name":"wp","href":"https:\/\/api.w.org\/{rel}","templated":true}]}}