{"id":758654,"date":"2026-02-28T17:41:50","date_gmt":"2026-02-28T16:41:50","guid":{"rendered":"https:\/\/lucacastelli.com\/prodotto\/set-stihl-rma-443-pv-avec-batterie-ap-300-s-et-chargeur-al-301\/"},"modified":"2026-02-28T17:41:50","modified_gmt":"2026-02-28T16:41:50","slug":"set-stihl-rma-443-pv-avec-batterie-ap-300-s-et-chargeur-al-301","status":"publish","type":"product","link":"https:\/\/lucacastelli.com\/fr\/produit\/set-stihl-rma-443-pv-avec-batterie-ap-300-s-et-chargeur-al-301\/","title":{"rendered":"Set STIHL RMA 443 PV &#8211; avec batterie AP 300 S et chargeur AL 301"},"content":{"rendered":"<p>Description \/ Caract\u00e9ristiques<br \/>\nLa tondeuse \u00e0 batterie STIHL RMA 443 PV offre aux jardiniers amateurs une solution puissante et particuli\u00e8rement silencieuse pour les travaux de jardinage priv\u00e9s. Elle est donc id\u00e9ale pour une utilisation dans des zones r\u00e9sidentielles sensibles au bruit. L\u2019entra\u00eenement Vario facilite la tonte sur des pelouses de taille moyenne et des terrains en pente, tandis que la vitesse de travail peut \u00eatre r\u00e9gl\u00e9e individuellement entre 2 km\/h et 4,5 km\/h via le panneau de commande num\u00e9rique HMI. Gr\u00e2ce \u00e0 la d\u00e9charge s\u00e9quentielle des batteries, la RMA 443 PV passe automatiquement \u00e0 la deuxi\u00e8me batterie d\u00e8s que la premi\u00e8re est d\u00e9charg\u00e9e, \u00e9liminant ainsi le besoin de la remplacer manuellement et permettant de tondre de grandes surfaces de mani\u00e8re efficace.   <\/p>\n<p>Avec une largeur de coupe de 41 cm, la tondeuse est adapt\u00e9e pour tondre efficacement des surfaces de petite et moyenne taille. \u00c9quip\u00e9e d\u2019une lame biplan, d\u2019une fonction mulching int\u00e9gr\u00e9e et d\u2019une \u00e9jection lat\u00e9rale, elle peut \u00eatre utilis\u00e9e aussi bien pour la tonte que pour le mulching. L\u2019herbe coup\u00e9e peut \u00eatre ramass\u00e9e directement ou r\u00e9partie sur la pelouse via l\u2019\u00e9jection lat\u00e9rale.  <\/p>\n<p>Le guidon confortable, r\u00e9glable en hauteur et rabattable, garantit un guidage ergonomique et confortable de la tondeuse. Le r\u00e9glage central de la hauteur de coupe permet de d\u00e9finir la longueur d\u2019herbe souhait\u00e9e sur 7 niveaux, de 20 mm \u00e0 100 mm. Le bac de ramassage de 52 litres est facile \u00e0 replier, poss\u00e8de une grande capacit\u00e9 et peut \u00eatre vid\u00e9 sans effort. <\/p>\n<p>&nbsp;<\/p>\n<p>Set compos\u00e9 de :<\/p>\n<p>1 pce RMA 443 PV<\/p>\n<p>1 pce chargeur AL 301<\/p>\n<p>1 pce batterie AP 300 S<\/p>\n<p>&nbsp;<\/p>\n<p>&nbsp;<\/p>\n<table data-test-id=\"pdp-spec-tech-table\">\n<tbody>\n<tr>\n<td>Syst\u00e8me \u00e0 batterie<\/td>\n<td>AP<\/td>\n<\/tr>\n<tr>\n<td>Entra\u00eenement<\/td>\n<td>2,0 &#8211; 4,5 km\/h<\/td>\n<\/tr>\n<tr>\n<td>Batterie recommand\u00e9e<\/td>\n<td>AP 500 S<\/td>\n<\/tr>\n<tr>\n<td>Poids de l\u2019appareil sans batterie<\/td>\n<td>27 kg<\/td>\n<\/tr>\n<tr>\n<td>Largeur de coupe<\/td>\n<td>41 cm<\/td>\n<\/tr>\n<tr>\n<td>Hauteur de coupe<\/td>\n<td>20 &#8211; 100 mm<\/td>\n<\/tr>\n<tr>\n<td>R\u00e9gime nominal de l\u2019outil de travail<\/td>\n<td>3000 U\/min<\/td>\n<\/tr>\n<tr>\n<td>Degr\u00e9 de protection IP<\/td>\n<td>IPX4<\/td>\n<\/tr>\n<tr>\n<td>Surface maximale par charge de batterie AP 200<\/td>\n<td>360 m\u00b2<\/td>\n<\/tr>\n<tr>\n<td>Surface maximale par charge de batterie AP 200 S<\/td>\n<td>360 m\u00b2<\/td>\n<\/tr>\n<tr>\n<td>Surface maximale par charge de batterie AP 300 S<\/td>\n<td>530 m\u00b2<\/td>\n<\/tr>\n<tr>\n<td>Surface maximale par charge de batterie AP 500 S<\/td>\n<td>640 m\u00b2<\/td>\n<\/tr>\n<tr>\n<td>Capacit\u00e9 du bac \u00e0 herbe<\/td>\n<td>52 l<\/td>\n<\/tr>\n<tr>\n<td>Largeur de l\u2019appareil sans accessoires<\/td>\n<td>50 cm<\/td>\n<\/tr>\n<tr>\n<td>Hauteur maximale de l\u2019appareil<\/td>\n<td>108 cm<\/td>\n<\/tr>\n<tr>\n<td>Diam\u00e8tre de la roue avant<\/td>\n<td>190 mm<\/td>\n<\/tr>\n<tr>\n<td>Diam\u00e8tre de la roue arri\u00e8re<\/td>\n<td>215 mm<\/td>\n<\/tr>\n<tr>\n<td>Niveau de pression sonore mesur\u00e9 LpA<\/td>\n<td>75 dB(A)<\/td>\n<\/tr>\n<tr>\n<td>Niveau de puissance acoustique garanti LWA<\/td>\n<td>90 dB(A)<\/td>\n<\/tr>\n<tr>\n<td>Facteur d&#8217;incertitude niveau de pression acoustique KpA<\/td>\n<td>2 dB(A)<\/td>\n<\/tr>\n<tr>\n<td>Vibration guidon ahw<\/td>\n<td>1,40 m\/s\u00b2<\/td>\n<\/tr>\n<tr>\n<td>Vibrations incertitude K<\/td>\n<td>0,70 m\/s\u00b2<\/td>\n<\/tr>\n<\/tbody>\n<\/table>\n","protected":false},"excerpt":{"rendered":"<p>Description \/ Caract\u00e9ristiques La tondeuse \u00e0 batterie STIHL RMA 443 PV offre aux jardiniers amateurs une solution puissante et particuli\u00e8rement<\/p>\n","protected":false},"featured_media":758558,"template":"","meta":{"_seopress_robots_primary_cat":"","_seopress_titles_title":"","_seopress_titles_desc":"","_seopress_robots_index":""},"product_brand":[3555],"product_cat":[167,1670,1657],"product_tag":[],"class_list":{"0":"post-758654","1":"product","2":"type-product","3":"status-publish","4":"has-post-thumbnail","6":"product_brand-stihl-fr","7":"product_cat-machines","8":"product_cat-tondeuses-a-batterie","9":"product_cat-tondeuses-et-robots","10":"sws-gruppo-macchinari-fr","11":"sws-conto-ricavi-merci-rivendita-macchinari-fr","12":"sws-gruppo-iva-iva81-fr","14":"first","15":"instock","16":"shipping-taxable","17":"purchasable","18":"product-type-simple"},"_links":{"self":[{"href":"https:\/\/lucacastelli.com\/fr\/wp-json\/wp\/v2\/product\/758654","targetHints":{"allow":["GET"]}}],"collection":[{"href":"https:\/\/lucacastelli.com\/fr\/wp-json\/wp\/v2\/product"}],"about":[{"href":"https:\/\/lucacastelli.com\/fr\/wp-json\/wp\/v2\/types\/product"}],"wp:featuredmedia":[{"embeddable":true,"href":"https:\/\/lucacastelli.com\/fr\/wp-json\/wp\/v2\/media\/758558"}],"wp:attachment":[{"href":"https:\/\/lucacastelli.com\/fr\/wp-json\/wp\/v2\/media?parent=758654"}],"wp:term":[{"taxonomy":"product_brand","embeddable":true,"href":"https:\/\/lucacastelli.com\/fr\/wp-json\/wp\/v2\/product_brand?post=758654"},{"taxonomy":"product_cat","embeddable":true,"href":"https:\/\/lucacastelli.com\/fr\/wp-json\/wp\/v2\/product_cat?post=758654"},{"taxonomy":"product_tag","embeddable":true,"href":"https:\/\/lucacastelli.com\/fr\/wp-json\/wp\/v2\/product_tag?post=758654"}],"curies":[{"name":"wp","href":"https:\/\/api.w.org\/{rel}","templated":true}]}}