{"id":758576,"date":"2026-02-22T16:02:54","date_gmt":"2026-02-22T15:02:54","guid":{"rendered":"https:\/\/lucacastelli.com\/prodotto\/milwaukee-fraise-a-affleurer-a-roulement-avec-lames-reversibles-1-2-pouces\/"},"modified":"2026-02-22T16:02:54","modified_gmt":"2026-02-22T15:02:54","slug":"milwaukee-fraise-a-affleurer-a-roulement-avec-lames-reversibles-1-2-pouces","status":"publish","type":"product","link":"https:\/\/lucacastelli.com\/fr\/produit\/milwaukee-fraise-a-affleurer-a-roulement-avec-lames-reversibles-1-2-pouces\/","title":{"rendered":"MILWAUKEE Fraise \u00e0 affleurer \u00e0 roulement avec lames r\u00e9versibles 1\/2 pouces"},"content":{"rendered":"<p>FR RIF COL&amp;CUSC C2 S=12.7 D=19x50x110MM<br \/>\nFraises \u00e0 affleurer avec lames carbure extractibles<\/p>\n<p>4058546622473<\/p>\n","protected":false},"excerpt":{"rendered":"<p>FR RIF COL&amp;CUSC C2 S=12.7 D=19x50x110MM Fraises \u00e0 affleurer avec lames carbure extractibles 4058546622473<\/p>\n","protected":false},"featured_media":739995,"template":"","meta":{"_seopress_robots_primary_cat":"","_seopress_titles_title":"","_seopress_titles_desc":"","_seopress_robots_index":""},"product_brand":[3407],"product_cat":[5531,29,549,550],"product_tag":[6832],"class_list":{"0":"post-758576","1":"product","2":"type-product","3":"status-publish","4":"has-post-thumbnail","6":"product_brand-milwaukee","7":"product_cat-vari-macchinari-milwaukee","8":"product_cat-macchinari","9":"product_cat-trapani-e-avvitatori","10":"product_cat-accessori-per-trapani-ed-avvitatori","11":"product_tag-imp-26-mw_new","12":"sws-gruppo-macchinari-fr","13":"sws-conto-ricavi-merci-rivendita-macchinari-fr","14":"sws-gruppo-iva-iva81-fr","16":"first","17":"instock","18":"sale","19":"shipping-taxable","20":"purchasable","21":"product-type-simple"},"_links":{"self":[{"href":"https:\/\/lucacastelli.com\/fr\/wp-json\/wp\/v2\/product\/758576","targetHints":{"allow":["GET"]}}],"collection":[{"href":"https:\/\/lucacastelli.com\/fr\/wp-json\/wp\/v2\/product"}],"about":[{"href":"https:\/\/lucacastelli.com\/fr\/wp-json\/wp\/v2\/types\/product"}],"wp:featuredmedia":[{"embeddable":true,"href":"https:\/\/lucacastelli.com\/fr\/wp-json\/wp\/v2\/media\/739995"}],"wp:attachment":[{"href":"https:\/\/lucacastelli.com\/fr\/wp-json\/wp\/v2\/media?parent=758576"}],"wp:term":[{"taxonomy":"product_brand","embeddable":true,"href":"https:\/\/lucacastelli.com\/fr\/wp-json\/wp\/v2\/product_brand?post=758576"},{"taxonomy":"product_cat","embeddable":true,"href":"https:\/\/lucacastelli.com\/fr\/wp-json\/wp\/v2\/product_cat?post=758576"},{"taxonomy":"product_tag","embeddable":true,"href":"https:\/\/lucacastelli.com\/fr\/wp-json\/wp\/v2\/product_tag?post=758576"}],"curies":[{"name":"wp","href":"https:\/\/api.w.org\/{rel}","templated":true}]}}