{"id":758332,"date":"2026-02-28T17:04:18","date_gmt":"2026-02-28T16:04:18","guid":{"rendered":"https:\/\/lucacastelli.com\/prodotto\/tondeuse-a-batterie-stihl-rma-239-c-systeme-ak-machine-seule\/"},"modified":"2026-04-01T01:51:23","modified_gmt":"2026-03-31T23:51:23","slug":"tondeuse-a-batterie-stihl-rma-239-c-systeme-ak-machine-seule","status":"publish","type":"product","link":"https:\/\/lucacastelli.com\/fr\/produit\/tondeuse-a-batterie-stihl-rma-239-c-systeme-ak-machine-seule\/","title":{"rendered":"Tondeuse \u00e0 batterie STIHL RMA 239 C &#8211; Syst\u00e8me AK (machine seule)"},"content":{"rendered":"<p>Pour un travail efficace et confortable<br \/>\nSi, en tant que propri\u00e9taire de jardin, vous souhaitez entretenir votre pelouse \u00e0 domicile de mani\u00e8re confortable et sans \u00e9missions, la tondeuse \u00e0 batterie STIHL RMA 239 C avec une largeur de coupe de 37 cm est le choix id\u00e9al. Elle fonctionne avec les batteries du syst\u00e8me STIHL AK et convainc par son faible poids et sa grande efficacit\u00e9 pour la tonte de surfaces de pelouse de taille moyenne. <\/p>\n<p>Gr\u00e2ce \u00e0 sa lame \u00e0 flux d\u2019air optimis\u00e9, vous travaillez en \u00e9conomisant de l\u2019\u00e9nergie et obtenez un meilleur rendement de surface. Le carter en polym\u00e8re de la RMA 239 C est \u00e0 la fois l\u00e9ger et tr\u00e8s robuste. Le guidon confort ergonomique est r\u00e9glable en hauteur, ce qui rend le travail avec la tondeuse \u00e0 batterie confortable. Gr\u00e2ce au r\u00e9glage central de la hauteur de coupe, vous pouvez r\u00e9gler la longueur de pelouse souhait\u00e9e sur 5 niveaux, de 30 mm \u00e0 70 mm. Le retrait du bac de ramassage pliable de 40 litres est \u00e9galement facilit\u00e9. Le guidon confort pliable de la RMA 239 C est particuli\u00e8rement pratique pour le stockage et le transport de la tondeuse.    <\/p>\n<p>&nbsp;<\/p>\n<p>&nbsp;<\/p>\n<table data-test-id=\"pdp-spec-tech-table\">\n<tbody>\n<tr>\n<td>Syst\u00e8me \u00e0 batterie<\/td>\n<td>AK<\/td>\n<\/tr>\n<tr>\n<td>Transmission<\/td>\n<td>&#8212;<\/td>\n<\/tr>\n<tr>\n<td>Batterie recommand\u00e9e<\/td>\n<td>AK 20<\/td>\n<\/tr>\n<tr>\n<td>Poids de l\u2019appareil sans batterie<\/td>\n<td>15 kg<\/td>\n<\/tr>\n<tr>\n<td>Largeur de coupe<\/td>\n<td>37 cm<\/td>\n<\/tr>\n<tr>\n<td>Hauteur de coupe<\/td>\n<td>30 &#8211; 70 mm<\/td>\n<\/tr>\n<tr>\n<td>R\u00e9gime nominal outil de travail<\/td>\n<td>3350 tr\/min<\/td>\n<\/tr>\n<tr>\n<td>Surface maximale par charge de la batterie AK 10<\/td>\n<td>120 m\u00b2<\/td>\n<\/tr>\n<tr>\n<td>Surface maximale par charge de la batterie AK 20<\/td>\n<td>250 m\u00b2<\/td>\n<\/tr>\n<tr>\n<td>Surface max. par charge de la batterie AK 30<\/td>\n<td>330 m\u00b2<\/td>\n<\/tr>\n<tr>\n<td>Surface maximale par charge de la batterie AK 30 S<\/td>\n<td>330 m\u00b2<\/td>\n<\/tr>\n<tr>\n<td>Capacit\u00e9 du bac de ramassage de l\u2019herbe<\/td>\n<td>40 l<\/td>\n<\/tr>\n<tr>\n<td>Largeur de l\u2019appareil sans accessoires<\/td>\n<td>43 cm<\/td>\n<\/tr>\n<tr>\n<td>Hauteur maximale de l&#8217;appareil<\/td>\n<td>107 cm<\/td>\n<\/tr>\n<tr>\n<td>Diam\u00e8tre roue avant<\/td>\n<td>150 mm<\/td>\n<\/tr>\n<tr>\n<td>Diam\u00e8tre roue arri\u00e8re<\/td>\n<td>180 mm<\/td>\n<\/tr>\n<tr>\n<td>Niveau de pression acoustique mesur\u00e9 LpA<\/td>\n<td>76 dB(A)<\/td>\n<\/tr>\n<tr>\n<td>Niveau de puissance acoustique garanti LWA<\/td>\n<td>91 dB(A)<\/td>\n<\/tr>\n<tr>\n<td>Facteur d&#8217;incertitude niveau de pression acoustique KpA<\/td>\n<td>2 dB(A)<\/td>\n<\/tr>\n<tr>\n<td>Vibration guidon ahw<\/td>\n<td>1,40 m\/s\u00b2<\/td>\n<\/tr>\n<tr>\n<td>Vibrations incertitude K<\/td>\n<td>0,70 m\/s\u00b2<\/td>\n<\/tr>\n<\/tbody>\n<\/table>\n","protected":false},"excerpt":{"rendered":"<p>Pour un travail efficace et confortable Si, en tant que propri\u00e9taire de jardin, vous souhaitez entretenir votre pelouse \u00e0 domicile<\/p>\n","protected":false},"featured_media":758334,"template":"","meta":{"_seopress_robots_primary_cat":"none","_seopress_titles_title":"","_seopress_titles_desc":"","_seopress_robots_index":""},"product_brand":[3555],"product_cat":[167,1657,1670],"product_tag":[],"class_list":{"0":"post-758332","1":"product","2":"type-product","3":"status-publish","4":"has-post-thumbnail","6":"product_brand-stihl-fr","7":"product_cat-machines","8":"product_cat-tondeuses-et-robots","9":"product_cat-tondeuses-a-batterie","10":"sws-gruppo-macchinari-fr","11":"sws-conto-ricavi-merci-rivendita-macchinari-fr","12":"sws-gruppo-iva-iva81-fr","14":"first","15":"instock","16":"shipping-taxable","17":"purchasable","18":"product-type-simple"},"_links":{"self":[{"href":"https:\/\/lucacastelli.com\/fr\/wp-json\/wp\/v2\/product\/758332","targetHints":{"allow":["GET"]}}],"collection":[{"href":"https:\/\/lucacastelli.com\/fr\/wp-json\/wp\/v2\/product"}],"about":[{"href":"https:\/\/lucacastelli.com\/fr\/wp-json\/wp\/v2\/types\/product"}],"wp:featuredmedia":[{"embeddable":true,"href":"https:\/\/lucacastelli.com\/fr\/wp-json\/wp\/v2\/media\/758334"}],"wp:attachment":[{"href":"https:\/\/lucacastelli.com\/fr\/wp-json\/wp\/v2\/media?parent=758332"}],"wp:term":[{"taxonomy":"product_brand","embeddable":true,"href":"https:\/\/lucacastelli.com\/fr\/wp-json\/wp\/v2\/product_brand?post=758332"},{"taxonomy":"product_cat","embeddable":true,"href":"https:\/\/lucacastelli.com\/fr\/wp-json\/wp\/v2\/product_cat?post=758332"},{"taxonomy":"product_tag","embeddable":true,"href":"https:\/\/lucacastelli.com\/fr\/wp-json\/wp\/v2\/product_tag?post=758332"}],"curies":[{"name":"wp","href":"https:\/\/api.w.org\/{rel}","templated":true}]}}