{"id":756300,"date":"2026-02-22T11:25:10","date_gmt":"2026-02-22T10:25:10","guid":{"rendered":"https:\/\/lucacastelli.com\/prodotto\/stihl-disque-diamante-beton-pierre-dure-d-sb80n-o-230-mm-9\/"},"modified":"2026-02-22T11:25:10","modified_gmt":"2026-02-22T10:25:10","slug":"stihl-disque-diamante-beton-pierre-dure-d-sb80n-o-230-mm-9","status":"publish","type":"product","link":"https:\/\/lucacastelli.com\/fr\/produit\/stihl-disque-diamante-beton-pierre-dure-d-sb80n-o-230-mm-9\/","title":{"rendered":"STIHL Disque diamant\u00e9, b\u00e9ton\/pierre dure, D-SB80N, \u00d8 230 mm\/9&#8243;"},"content":{"rendered":"<p>Disque diamant\u00e9 D-SB80N, \u00d8 230 mm : utilisation universelle pour b\u00e9ton, b\u00e9ton fortement arm\u00e9 jusqu&#8217;\u00e0 pierre naturelle dure<\/p>\n<p>Avec les disques de tron\u00e7onnage STIHL, vous pouvez couper les mat\u00e9riaux les plus divers sur les chantiers. Ils sont parfaitement adapt\u00e9s aux tron\u00e7onneuses STIHL, particuli\u00e8rement robustes et convainquent par leur longue dur\u00e9e de vie, leur tr\u00e8s grande capacit\u00e9 de coupe et leur haute pr\u00e9cision de coupe. <\/p>\n<p>Le disque diamant\u00e9 D-SB80N, extr\u00eamement rapide, est id\u00e9al comme disque universel pour une large gamme de mat\u00e9riaux : b\u00e9ton, b\u00e9ton ancien, b\u00e9ton arm\u00e9 et fortement arm\u00e9, briques et pierre naturelle dure.<\/p>\n<p>Par rapport aux disques de tron\u00e7onnage STIHL traditionnels, l&#8217;\u00e9mission sonore du disque STIHL D-SB80N a \u00e9t\u00e9 consid\u00e9rablement r\u00e9duite. C&#8217;est pourquoi il est particuli\u00e8rement recommand\u00e9 pour l&#8217;utilisation avec des tron\u00e7onneuses \u00e0 batterie. <\/p>\n<p>Le disque diamant\u00e9 STIHL D-SB80N d&#8217;un diam\u00e8tre de 230 mm peut \u00eatre utilis\u00e9 avec la tron\u00e7onneuse suivante :<\/p>\n<p>STIHL TSA 230<\/p>\n","protected":false},"excerpt":{"rendered":"<p>Disque diamant\u00e9 D-SB80N, \u00d8 230 mm : utilisation universelle pour b\u00e9ton, b\u00e9ton fortement arm\u00e9 jusqu&#8217;\u00e0 pierre naturelle dure Avec les<\/p>\n","protected":false},"featured_media":756253,"template":"","meta":{"_seopress_robots_primary_cat":"none","_seopress_titles_title":"","_seopress_titles_desc":"","_seopress_robots_index":""},"product_brand":[3555],"product_cat":[167,1689,1688,1686],"product_tag":[],"class_list":{"0":"post-756300","1":"product","2":"type-product","3":"status-publish","4":"has-post-thumbnail","6":"product_brand-stihl-fr","7":"product_cat-machines","8":"product_cat-coupe-bordures-et-elagueurs","9":"product_cat-accessoires-et-consommables-fr-8","10":"product_cat-tronconneuses-fr","11":"sws-gruppo-macchinari-fr","12":"sws-conto-ricavi-merci-rivendita-macchinari-fr","13":"sws-gruppo-iva-iva81-fr","15":"first","16":"instock","17":"sale","18":"shipping-taxable","19":"purchasable","20":"product-type-simple"},"_links":{"self":[{"href":"https:\/\/lucacastelli.com\/fr\/wp-json\/wp\/v2\/product\/756300","targetHints":{"allow":["GET"]}}],"collection":[{"href":"https:\/\/lucacastelli.com\/fr\/wp-json\/wp\/v2\/product"}],"about":[{"href":"https:\/\/lucacastelli.com\/fr\/wp-json\/wp\/v2\/types\/product"}],"wp:featuredmedia":[{"embeddable":true,"href":"https:\/\/lucacastelli.com\/fr\/wp-json\/wp\/v2\/media\/756253"}],"wp:attachment":[{"href":"https:\/\/lucacastelli.com\/fr\/wp-json\/wp\/v2\/media?parent=756300"}],"wp:term":[{"taxonomy":"product_brand","embeddable":true,"href":"https:\/\/lucacastelli.com\/fr\/wp-json\/wp\/v2\/product_brand?post=756300"},{"taxonomy":"product_cat","embeddable":true,"href":"https:\/\/lucacastelli.com\/fr\/wp-json\/wp\/v2\/product_cat?post=756300"},{"taxonomy":"product_tag","embeddable":true,"href":"https:\/\/lucacastelli.com\/fr\/wp-json\/wp\/v2\/product_tag?post=756300"}],"curies":[{"name":"wp","href":"https:\/\/api.w.org\/{rel}","templated":true}]}}