{"id":756284,"date":"2026-02-22T11:17:49","date_gmt":"2026-02-22T10:17:49","guid":{"rendered":"https:\/\/lucacastelli.com\/prodotto\/stihl-disque-diamante-beton-pierre-dure-d-sb90-o-350mm-14\/"},"modified":"2026-02-22T11:17:49","modified_gmt":"2026-02-22T10:17:49","slug":"stihl-disque-diamante-beton-pierre-dure-d-sb90-o-350mm-14","status":"publish","type":"product","link":"https:\/\/lucacastelli.com\/fr\/produit\/stihl-disque-diamante-beton-pierre-dure-d-sb90-o-350mm-14\/","title":{"rendered":"STIHL Disque diamant\u00e9, b\u00e9ton\/pierre dure, D-SB90, \u00d8 350mm\/14&#8243;"},"content":{"rendered":"<h2 class=\"product-details__title\">Disque diamant\u00e9 D-SB90 350 mm usage universel pour b\u00e9ton, b\u00e9ton fortement arm\u00e9 jusqu\u2019\u00e0 la pierre naturelle dure<\/h2>\n<div class=\"product-details__description richtexteditor\">\n<p>Avec les disques \u00e0 d\u00e9couper STIHL, vous pouvez couper des mat\u00e9riaux tr\u00e8s divers sur les chantiers. Ils sont parfaitement adapt\u00e9s aux d\u00e9coupeuses \u00e0 disque STIHL, particuli\u00e8rement robustes et convainquent par leur longue dur\u00e9e de vie, leur capacit\u00e9 de coupe \u00e9lev\u00e9e et leur grande pr\u00e9cision lors de la coupe. <\/p>\n<p>Le disque diamant\u00e9 tr\u00e8s rapide D-SB90 est id\u00e9al comme disque universel pour diff\u00e9rents mat\u00e9riaux : b\u00e9ton, vieux b\u00e9ton, b\u00e9ton arm\u00e9, b\u00e9ton fortement arm\u00e9, briques et pierre naturelle dure.<\/p>\n<p>Le disque diamant\u00e9 STIHL D-SB90 d\u2019un diam\u00e8tre de 350 mm peut \u00eatre utilis\u00e9 avec les d\u00e9coupeuses \u00e0 disque suivantes :<\/p>\n<ul>\n<li>STIHL TS 420<\/li>\n<li>STIHL TS 440<\/li>\n<li>STIHL TS 500i<\/li>\n<li>STIHL TS 710i<\/li>\n<li>STIHL TSA 350<\/li>\n<li>STIHL TSA 500 B<\/li>\n<\/ul>\n<\/div>\n","protected":false},"excerpt":{"rendered":"<p>Disque diamant\u00e9 D-SB90 350 mm usage universel pour b\u00e9ton, b\u00e9ton fortement arm\u00e9 jusqu\u2019\u00e0 la pierre naturelle dure Avec les disques<\/p>\n","protected":false},"featured_media":738240,"template":"","meta":{"_seopress_robots_primary_cat":"","_seopress_titles_title":"","_seopress_titles_desc":"","_seopress_robots_index":""},"product_brand":[3555],"product_cat":[167,1689,1688,1686],"product_tag":[],"class_list":{"0":"post-756284","1":"product","2":"type-product","3":"status-publish","4":"has-post-thumbnail","6":"product_brand-stihl-fr","7":"product_cat-machines","8":"product_cat-coupe-bordures-et-elagueurs","9":"product_cat-accessoires-et-consommables-fr-8","10":"product_cat-tronconneuses-fr","11":"sws-gruppo-macchinari-fr","12":"sws-conto-ricavi-merci-rivendita-macchinari-fr","13":"sws-gruppo-iva-iva81-fr","15":"first","16":"instock","17":"sale","18":"shipping-taxable","19":"purchasable","20":"product-type-simple"},"_links":{"self":[{"href":"https:\/\/lucacastelli.com\/fr\/wp-json\/wp\/v2\/product\/756284","targetHints":{"allow":["GET"]}}],"collection":[{"href":"https:\/\/lucacastelli.com\/fr\/wp-json\/wp\/v2\/product"}],"about":[{"href":"https:\/\/lucacastelli.com\/fr\/wp-json\/wp\/v2\/types\/product"}],"wp:featuredmedia":[{"embeddable":true,"href":"https:\/\/lucacastelli.com\/fr\/wp-json\/wp\/v2\/media\/738240"}],"wp:attachment":[{"href":"https:\/\/lucacastelli.com\/fr\/wp-json\/wp\/v2\/media?parent=756284"}],"wp:term":[{"taxonomy":"product_brand","embeddable":true,"href":"https:\/\/lucacastelli.com\/fr\/wp-json\/wp\/v2\/product_brand?post=756284"},{"taxonomy":"product_cat","embeddable":true,"href":"https:\/\/lucacastelli.com\/fr\/wp-json\/wp\/v2\/product_cat?post=756284"},{"taxonomy":"product_tag","embeddable":true,"href":"https:\/\/lucacastelli.com\/fr\/wp-json\/wp\/v2\/product_tag?post=756284"}],"curies":[{"name":"wp","href":"https:\/\/api.w.org\/{rel}","templated":true}]}}