{"id":756281,"date":"2026-02-22T11:13:34","date_gmt":"2026-02-22T10:13:34","guid":{"rendered":"https:\/\/lucacastelli.com\/prodotto\/stihl-disque-diamante-d-sb90-300-mm-12\/"},"modified":"2026-02-22T11:13:34","modified_gmt":"2026-02-22T10:13:34","slug":"stihl-disque-diamante-d-sb90-300-mm-12","status":"publish","type":"product","link":"https:\/\/lucacastelli.com\/fr\/produit\/stihl-disque-diamante-d-sb90-300-mm-12\/","title":{"rendered":"STIHL Disque diamant\u00e9 D-SB90 &#8211; 300 mm \/ 12&#8243;"},"content":{"rendered":"<p>Aper\u00e7u :<br \/>\nLe disque diamant\u00e9 D-SB90 de STIHL est un produit d&#8217;origine STIHL haute performance, con\u00e7u sp\u00e9cifiquement pour la coupe de mat\u00e9riaux durs comme le b\u00e9ton et la pierre dure. Avec un diam\u00e8tre de 300 mm (12&#8243;), ce disque OEM (Original Equipment Manufacturer) avec code 0835 096 7008 est fabriqu\u00e9 en mat\u00e9riau extr\u00eamement r\u00e9sistant \u00e0 l&#8217;usure et aux temp\u00e9ratures. Con\u00e7u pour un usage professionnel sur les chantiers, les op\u00e9rations de d\u00e9blaiement et les travaux d&#8217;urgence, il est id\u00e9al pour une large gamme d&#8217;outils et de machines, garantissant une longue dur\u00e9e de vie et des performances de coupe exceptionnelles.  <\/p>\n<p>Caract\u00e9ristiques principales :<br \/>\n&#8211; Le produit d&#8217;origine STIHL garantit fiabilit\u00e9 et compatibilit\u00e9 optimale.<br \/>\n&#8211; Diam\u00e8tre de 300 mm (12&#8243;) pour une couverture de coupe substantielle et efficace.<br \/>\n&#8211; Fabriqu\u00e9 avec des mat\u00e9riaux exceptionnellement r\u00e9sistants \u00e0 l&#8217;usure et aux temp\u00e9ratures pour une durabilit\u00e9 accrue.<br \/>\n&#8211; Con\u00e7u pour la coupe tr\u00e8s rapide de mat\u00e9riaux durs, maximisant l&#8217;efficacit\u00e9 du travail.<br \/>\n&#8211; Adapt\u00e9 pour la coupe d&#8217;une vari\u00e9t\u00e9 de mat\u00e9riaux incluant briques, b\u00e9ton, blocs de b\u00e9ton, granit et acier de construction jusqu&#8217;\u00e0 10 mm.<br \/>\n&#8211; Offre une longue dur\u00e9e de vie et des performances de coupe \u00e9lev\u00e9es, r\u00e9duisant le besoin de remplacements fr\u00e9quents.<\/p>\n<p>Applications typiques :<br \/>\nCe disque diamant\u00e9 est utilis\u00e9 principalement par les professionnels du b\u00e2timent, des services de d\u00e9blaiement d&#8217;urgence et des travaux de nettoyage. Il est con\u00e7u pour la coupe de mat\u00e9riaux durs comme les briques, le b\u00e9ton, les blocs de b\u00e9ton, le granit et l&#8217;acier de construction jusqu&#8217;\u00e0 10 mm d&#8217;\u00e9paisseur, ce qui en fait un outil polyvalent pour diverses applications intensives. <\/p>\n","protected":false},"excerpt":{"rendered":"<p>Aper\u00e7u : Le disque diamant\u00e9 D-SB90 de STIHL est un produit d&#8217;origine STIHL haute performance, con\u00e7u sp\u00e9cifiquement pour la coupe<\/p>\n","protected":false},"featured_media":738202,"template":"","meta":{"_seopress_robots_primary_cat":"","_seopress_titles_title":"","_seopress_titles_desc":"","_seopress_robots_index":""},"product_brand":[3366],"product_cat":[29,495,512,496],"product_tag":[],"class_list":{"0":"post-756281","1":"product","2":"type-product","3":"status-publish","4":"has-post-thumbnail","6":"product_brand-stihl","7":"product_cat-macchinari","8":"product_cat-troncatrici-e-mototroncatrici","9":"product_cat-accessori-e-materiale-di-consumo-troncatrici-e-mototroncatrici","10":"product_cat-troncatrici","11":"sws-gruppo-macchinari-fr","12":"sws-conto-ricavi-merci-rivendita-macchinari-fr","13":"sws-gruppo-iva-iva81-fr","15":"first","16":"instock","17":"sale","18":"shipping-taxable","19":"purchasable","20":"product-type-simple"},"_links":{"self":[{"href":"https:\/\/lucacastelli.com\/fr\/wp-json\/wp\/v2\/product\/756281","targetHints":{"allow":["GET"]}}],"collection":[{"href":"https:\/\/lucacastelli.com\/fr\/wp-json\/wp\/v2\/product"}],"about":[{"href":"https:\/\/lucacastelli.com\/fr\/wp-json\/wp\/v2\/types\/product"}],"wp:featuredmedia":[{"embeddable":true,"href":"https:\/\/lucacastelli.com\/fr\/wp-json\/wp\/v2\/media\/738202"}],"wp:attachment":[{"href":"https:\/\/lucacastelli.com\/fr\/wp-json\/wp\/v2\/media?parent=756281"}],"wp:term":[{"taxonomy":"product_brand","embeddable":true,"href":"https:\/\/lucacastelli.com\/fr\/wp-json\/wp\/v2\/product_brand?post=756281"},{"taxonomy":"product_cat","embeddable":true,"href":"https:\/\/lucacastelli.com\/fr\/wp-json\/wp\/v2\/product_cat?post=756281"},{"taxonomy":"product_tag","embeddable":true,"href":"https:\/\/lucacastelli.com\/fr\/wp-json\/wp\/v2\/product_tag?post=756281"}],"curies":[{"name":"wp","href":"https:\/\/api.w.org\/{rel}","templated":true}]}}