{"id":756263,"date":"2026-02-22T11:23:59","date_gmt":"2026-02-22T10:23:59","guid":{"rendered":"https:\/\/lucacastelli.com\/prodotto\/stihl-disque-diamante-fonte-ductile-d-g80-o-350mm-14\/"},"modified":"2026-04-14T04:01:15","modified_gmt":"2026-04-14T02:01:15","slug":"stihl-disque-diamante-fonte-ductile-d-g80-o-350mm-14","status":"publish","type":"product","link":"https:\/\/lucacastelli.com\/fr\/produit\/stihl-disque-diamante-fonte-ductile-d-g80-o-350mm-14\/","title":{"rendered":"STIHL Disque diamant\u00e9, fonte ductile, D-G80, \u00d8 350mm\/14&#8243;"},"content":{"rendered":"<h2 class=\"product-details__title\">Disque diamant\u00e9 D-G80, 350 mm : pour tuyaux en fonte ductile, acier de construction et tuyaux en plastique<\/h2>\n<div class=\"product-details__description richtexteditor\">\n<p>Avec les disques de tron\u00e7onnage STIHL, vous pouvez couper une grande vari\u00e9t\u00e9 de mat\u00e9riaux sur les chantiers. Ils sont parfaitement compatibles avec les tron\u00e7onneuses STIHL, particuli\u00e8rement stables et convainquent par leur longue dur\u00e9e de vie, leur capacit\u00e9 de coupe \u00e9lev\u00e9e et leur haute pr\u00e9cision. <\/p>\n<p>Le disque diamant\u00e9 D-G80 est particuli\u00e8rement adapt\u00e9 pour les tuyaux en fonte ductile, l&#8217;acier de construction et les tuyaux en plastique.<\/p>\n<p>Le disque diamant\u00e9 STIHL D-G80 d&#8217;un diam\u00e8tre de 350 mm peut \u00eatre utilis\u00e9 avec les tron\u00e7onneuses :<\/p>\n<ul>\n<li>TS 420<\/li>\n<li>TS 440<\/li>\n<li>TS 500i<\/li>\n<li>TS 710i<\/li>\n<li>TSA 350<\/li>\n<li>TSA 500 B<\/li>\n<\/ul>\n<\/div>\n","protected":false},"excerpt":{"rendered":"<p>Disque diamant\u00e9 D-G80, 350 mm : pour tuyaux en fonte ductile, acier de construction et tuyaux en plastique Avec les<\/p>\n","protected":false},"featured_media":756264,"template":"","meta":{"_seopress_robots_primary_cat":"none","_seopress_titles_title":"","_seopress_titles_desc":"","_seopress_robots_index":""},"product_brand":[3555],"product_cat":[1688,1689,167,1686],"product_tag":[],"class_list":{"0":"post-756263","1":"product","2":"type-product","3":"status-publish","4":"has-post-thumbnail","6":"product_brand-stihl-fr","7":"product_cat-accessoires-et-consommables-fr-8","8":"product_cat-coupe-bordures-et-elagueurs","9":"product_cat-machines","10":"product_cat-tronconneuses-fr","11":"sws-gruppo-macchinari-fr","12":"sws-conto-ricavi-merci-rivendita-macchinari-fr","13":"sws-gruppo-iva-iva81-fr","15":"first","16":"instock","17":"sale","18":"shipping-taxable","19":"purchasable","20":"product-type-simple"},"_links":{"self":[{"href":"https:\/\/lucacastelli.com\/fr\/wp-json\/wp\/v2\/product\/756263","targetHints":{"allow":["GET"]}}],"collection":[{"href":"https:\/\/lucacastelli.com\/fr\/wp-json\/wp\/v2\/product"}],"about":[{"href":"https:\/\/lucacastelli.com\/fr\/wp-json\/wp\/v2\/types\/product"}],"wp:featuredmedia":[{"embeddable":true,"href":"https:\/\/lucacastelli.com\/fr\/wp-json\/wp\/v2\/media\/756264"}],"wp:attachment":[{"href":"https:\/\/lucacastelli.com\/fr\/wp-json\/wp\/v2\/media?parent=756263"}],"wp:term":[{"taxonomy":"product_brand","embeddable":true,"href":"https:\/\/lucacastelli.com\/fr\/wp-json\/wp\/v2\/product_brand?post=756263"},{"taxonomy":"product_cat","embeddable":true,"href":"https:\/\/lucacastelli.com\/fr\/wp-json\/wp\/v2\/product_cat?post=756263"},{"taxonomy":"product_tag","embeddable":true,"href":"https:\/\/lucacastelli.com\/fr\/wp-json\/wp\/v2\/product_tag?post=756263"}],"curies":[{"name":"wp","href":"https:\/\/api.w.org\/{rel}","templated":true}]}}