{"id":756252,"date":"2026-02-22T11:29:47","date_gmt":"2026-02-22T10:29:47","guid":{"rendered":"https:\/\/lucacastelli.com\/prodotto\/stihl-disque-diamante-beton-pierre-dure-d-sb90n-o-300mm-12\/"},"modified":"2026-02-22T11:29:47","modified_gmt":"2026-02-22T10:29:47","slug":"stihl-disque-diamante-beton-pierre-dure-d-sb90n-o-300mm-12","status":"publish","type":"product","link":"https:\/\/lucacastelli.com\/fr\/produit\/stihl-disque-diamante-beton-pierre-dure-d-sb90n-o-300mm-12\/","title":{"rendered":"STIHL Disque diamant\u00e9, b\u00e9ton\/pierre dure, D-SB90N, \u00d8 300mm\/12&#8243;"},"content":{"rendered":"<p>Disque diamant\u00e9 D-SB90N, diam\u00e8tre 300 mm : utilisation universelle du b\u00e9ton, b\u00e9ton fortement arm\u00e9 jusqu\u2019\u00e0 la pierre naturelle dure<br \/>\nAvec les disques \u00e0 d\u00e9couper STIHL, il est possible de couper une grande vari\u00e9t\u00e9 de mat\u00e9riaux sur les chantiers. Ils sont parfaitement compatibles avec les d\u00e9coupeuses STIHL, particuli\u00e8rement stables et convainquent par leur longue dur\u00e9e de vie, leur capacit\u00e9 de coupe \u00e9lev\u00e9e et leur haute pr\u00e9cision lors de la coupe. <\/p>\n<p>Le disque diamant\u00e9 D-SB90N, extr\u00eamement rapide, est un disque universel pour le b\u00e9ton, le vieux b\u00e9ton, le b\u00e9ton arm\u00e9, le b\u00e9ton fortement arm\u00e9, la ma\u00e7onnerie et la pierre naturelle dure.<\/p>\n<p>Les \u00e9missions sonores du disque STIHL D-SB90N ont \u00e9t\u00e9 consid\u00e9rablement r\u00e9duites par rapport aux disques STIHL traditionnels, ce qui le rend particuli\u00e8rement adapt\u00e9 aux d\u00e9coupeuses \u00e0 batterie.<\/p>\n<p>Le disque diamant\u00e9 STIHL D-SB90N d\u2019un diam\u00e8tre de 300 mm peut \u00eatre utilis\u00e9 avec les d\u00e9coupeuses suivantes :<\/p>\n<p>STIHL TS 410<br \/>\nSTIHL TS 480i<br \/>\nSTIHL TSA 300<\/p>\n","protected":false},"excerpt":{"rendered":"<p>Disque diamant\u00e9 D-SB90N, diam\u00e8tre 300 mm : utilisation universelle du b\u00e9ton, b\u00e9ton fortement arm\u00e9 jusqu\u2019\u00e0 la pierre naturelle dure Avec<\/p>\n","protected":false},"featured_media":756253,"template":"","meta":{"_seopress_robots_primary_cat":"none","_seopress_titles_title":"","_seopress_titles_desc":"","_seopress_robots_index":""},"product_brand":[3555],"product_cat":[1688,1689,167,1686],"product_tag":[],"class_list":{"0":"post-756252","1":"product","2":"type-product","3":"status-publish","4":"has-post-thumbnail","6":"product_brand-stihl-fr","7":"product_cat-accessoires-et-consommables-fr-8","8":"product_cat-coupe-bordures-et-elagueurs","9":"product_cat-machines","10":"product_cat-tronconneuses-fr","11":"sws-gruppo-macchinari-fr","12":"sws-conto-ricavi-merci-rivendita-macchinari-fr","13":"sws-gruppo-iva-iva81-fr","15":"first","16":"instock","17":"sale","18":"shipping-taxable","19":"purchasable","20":"product-type-simple"},"_links":{"self":[{"href":"https:\/\/lucacastelli.com\/fr\/wp-json\/wp\/v2\/product\/756252","targetHints":{"allow":["GET"]}}],"collection":[{"href":"https:\/\/lucacastelli.com\/fr\/wp-json\/wp\/v2\/product"}],"about":[{"href":"https:\/\/lucacastelli.com\/fr\/wp-json\/wp\/v2\/types\/product"}],"wp:featuredmedia":[{"embeddable":true,"href":"https:\/\/lucacastelli.com\/fr\/wp-json\/wp\/v2\/media\/756253"}],"wp:attachment":[{"href":"https:\/\/lucacastelli.com\/fr\/wp-json\/wp\/v2\/media?parent=756252"}],"wp:term":[{"taxonomy":"product_brand","embeddable":true,"href":"https:\/\/lucacastelli.com\/fr\/wp-json\/wp\/v2\/product_brand?post=756252"},{"taxonomy":"product_cat","embeddable":true,"href":"https:\/\/lucacastelli.com\/fr\/wp-json\/wp\/v2\/product_cat?post=756252"},{"taxonomy":"product_tag","embeddable":true,"href":"https:\/\/lucacastelli.com\/fr\/wp-json\/wp\/v2\/product_tag?post=756252"}],"curies":[{"name":"wp","href":"https:\/\/api.w.org\/{rel}","templated":true}]}}