{"id":756249,"date":"2026-02-22T11:58:44","date_gmt":"2026-02-22T10:58:44","guid":{"rendered":"https:\/\/lucacastelli.com\/prodotto\/stihl-disque-diamante-rescue-d-r80-o-350-mm-14\/"},"modified":"2026-02-22T11:58:44","modified_gmt":"2026-02-22T10:58:44","slug":"stihl-disque-diamante-rescue-d-r80-o-350-mm-14","status":"publish","type":"product","link":"https:\/\/lucacastelli.com\/fr\/produit\/stihl-disque-diamante-rescue-d-r80-o-350-mm-14\/","title":{"rendered":"STIHL Disque diamant\u00e9, Rescue, D-R80, \u00d8 350 mm\/14&#8243;"},"content":{"rendered":"<p>Disque diamant\u00e9 D-R80, 350 mm : pour la coupe de diff\u00e9rents mat\u00e9riaux lors d&#8217;op\u00e9rations de secours<br \/>\nLe disque diamant\u00e9 STIHL D-R80 pour op\u00e9rations de secours est adapt\u00e9 \u00e0 la coupe de m\u00e9taux, mat\u00e9riaux composites et de construction, plastique, verre, panneaux solaires et pi\u00e8ces de v\u00e9hicules. Tous les disques diamant\u00e9s STIHL sont robustes et durables, parfaitement compatibles avec les tron\u00e7onneuses \u00e0 disque STIHL, offrant des performances de coupe \u00e9lev\u00e9es et une haute pr\u00e9cision. <\/p>\n<p>Remarque : ce disque doit \u00eatre utilis\u00e9 exclusivement par du personnel professionnel des pompiers, du secours et de l&#8217;urgence sp\u00e9cialement form\u00e9.<\/p>\n<p>Le disque diamant\u00e9 STIHL D-R80 d&#8217;un diam\u00e8tre de 350 mm peut \u00eatre utilis\u00e9 avec les tron\u00e7onneuses \u00e0 disque :<\/p>\n<p>STIHL TS 420<br \/>\nSTIHL TS 440<br \/>\nSTIHL TS 500i<br \/>\nSTIHL TS 710i<br \/>\nSTIHL TSA 350<br \/>\nSTIHL TSA 500 B<\/p>\n","protected":false},"excerpt":{"rendered":"<p>Disque diamant\u00e9 D-R80, 350 mm : pour la coupe de diff\u00e9rents mat\u00e9riaux lors d&#8217;op\u00e9rations de secours Le disque diamant\u00e9 STIHL<\/p>\n","protected":false},"featured_media":756251,"template":"","meta":{"_seopress_robots_primary_cat":"none","_seopress_titles_title":"","_seopress_titles_desc":"","_seopress_robots_index":""},"product_brand":[3366],"product_cat":[29,495,512,496],"product_tag":[],"class_list":{"0":"post-756249","1":"product","2":"type-product","3":"status-publish","4":"has-post-thumbnail","6":"product_brand-stihl","7":"product_cat-macchinari","8":"product_cat-troncatrici-e-mototroncatrici","9":"product_cat-accessori-e-materiale-di-consumo-troncatrici-e-mototroncatrici","10":"product_cat-troncatrici","11":"sws-gruppo-macchinari-fr","12":"sws-conto-ricavi-merci-rivendita-macchinari-fr","13":"sws-gruppo-iva-iva81-fr","15":"first","16":"instock","17":"sale","18":"shipping-taxable","19":"purchasable","20":"product-type-simple"},"_links":{"self":[{"href":"https:\/\/lucacastelli.com\/fr\/wp-json\/wp\/v2\/product\/756249","targetHints":{"allow":["GET"]}}],"collection":[{"href":"https:\/\/lucacastelli.com\/fr\/wp-json\/wp\/v2\/product"}],"about":[{"href":"https:\/\/lucacastelli.com\/fr\/wp-json\/wp\/v2\/types\/product"}],"wp:featuredmedia":[{"embeddable":true,"href":"https:\/\/lucacastelli.com\/fr\/wp-json\/wp\/v2\/media\/756251"}],"wp:attachment":[{"href":"https:\/\/lucacastelli.com\/fr\/wp-json\/wp\/v2\/media?parent=756249"}],"wp:term":[{"taxonomy":"product_brand","embeddable":true,"href":"https:\/\/lucacastelli.com\/fr\/wp-json\/wp\/v2\/product_brand?post=756249"},{"taxonomy":"product_cat","embeddable":true,"href":"https:\/\/lucacastelli.com\/fr\/wp-json\/wp\/v2\/product_cat?post=756249"},{"taxonomy":"product_tag","embeddable":true,"href":"https:\/\/lucacastelli.com\/fr\/wp-json\/wp\/v2\/product_tag?post=756249"}],"curies":[{"name":"wp","href":"https:\/\/api.w.org\/{rel}","templated":true}]}}