{"id":756235,"date":"2026-02-22T11:45:01","date_gmt":"2026-02-22T10:45:01","guid":{"rendered":"https:\/\/lucacastelli.com\/prodotto\/stihl-disque-diamante-rescue-d-r80-o-230-mm-9\/"},"modified":"2026-02-22T11:45:01","modified_gmt":"2026-02-22T10:45:01","slug":"stihl-disque-diamante-rescue-d-r80-o-230-mm-9","status":"publish","type":"product","link":"https:\/\/lucacastelli.com\/fr\/produit\/stihl-disque-diamante-rescue-d-r80-o-230-mm-9\/","title":{"rendered":"STIHL Disque diamant\u00e9, Rescue, D-R80, \u00d8 230 mm\/9&#8243;"},"content":{"rendered":"<p>Disque diamant\u00e9 D-R80, 230 mm : pour la coupe de nombreux mat\u00e9riaux diff\u00e9rents lors des interventions de secours<br \/>\nLe disque diamant\u00e9 STIHL D-R80 pour interventions de secours est adapt\u00e9 \u00e0 la coupe de m\u00e9taux, de mat\u00e9riaux composites et de construction, de plastique, de verre, de panneaux solaires et de pi\u00e8ces de v\u00e9hicules. Tous les disques diamant\u00e9s STIHL sont robustes et ont une longue dur\u00e9e de vie. Ils sont parfaitement compatibles avec les d\u00e9coupeuses \u00e0 disque STIHL et convainquent par leur puissance de coupe et leur grande pr\u00e9cision lors du processus de coupe.  <\/p>\n<p>Remarque : ce disque peut \u00eatre utilis\u00e9 exclusivement par du personnel professionnel sp\u00e9cialement form\u00e9, tel que les pompiers, les secouristes et le personnel d\u2019urgence.<\/p>\n<p>Le disque diamant\u00e9 STIHL D-R80 d\u2019un diam\u00e8tre de 230 mm peut \u00eatre utilis\u00e9 avec les d\u00e9coupeuses \u00e0 disque suivantes :<\/p>\n<p>STIHL TSA 230<\/p>\n","protected":false},"excerpt":{"rendered":"<p>Disque diamant\u00e9 D-R80, 230 mm : pour la coupe de nombreux mat\u00e9riaux diff\u00e9rents lors des interventions de secours Le disque<\/p>\n","protected":false},"featured_media":756236,"template":"","meta":{"_seopress_robots_primary_cat":"none","_seopress_titles_title":"","_seopress_titles_desc":"","_seopress_robots_index":""},"product_brand":[3555],"product_cat":[1688,1689,167,1686],"product_tag":[],"class_list":{"0":"post-756235","1":"product","2":"type-product","3":"status-publish","4":"has-post-thumbnail","6":"product_brand-stihl-fr","7":"product_cat-accessoires-et-consommables-fr-8","8":"product_cat-coupe-bordures-et-elagueurs","9":"product_cat-machines","10":"product_cat-tronconneuses-fr","11":"sws-gruppo-macchinari-fr","12":"sws-conto-ricavi-merci-rivendita-macchinari-fr","13":"sws-gruppo-iva-iva81-fr","15":"first","16":"instock","17":"sale","18":"shipping-taxable","19":"purchasable","20":"product-type-simple"},"_links":{"self":[{"href":"https:\/\/lucacastelli.com\/fr\/wp-json\/wp\/v2\/product\/756235","targetHints":{"allow":["GET"]}}],"collection":[{"href":"https:\/\/lucacastelli.com\/fr\/wp-json\/wp\/v2\/product"}],"about":[{"href":"https:\/\/lucacastelli.com\/fr\/wp-json\/wp\/v2\/types\/product"}],"wp:featuredmedia":[{"embeddable":true,"href":"https:\/\/lucacastelli.com\/fr\/wp-json\/wp\/v2\/media\/756236"}],"wp:attachment":[{"href":"https:\/\/lucacastelli.com\/fr\/wp-json\/wp\/v2\/media?parent=756235"}],"wp:term":[{"taxonomy":"product_brand","embeddable":true,"href":"https:\/\/lucacastelli.com\/fr\/wp-json\/wp\/v2\/product_brand?post=756235"},{"taxonomy":"product_cat","embeddable":true,"href":"https:\/\/lucacastelli.com\/fr\/wp-json\/wp\/v2\/product_cat?post=756235"},{"taxonomy":"product_tag","embeddable":true,"href":"https:\/\/lucacastelli.com\/fr\/wp-json\/wp\/v2\/product_tag?post=756235"}],"curies":[{"name":"wp","href":"https:\/\/api.w.org\/{rel}","templated":true}]}}