{"id":756232,"date":"2026-02-22T12:17:52","date_gmt":"2026-02-22T11:17:52","guid":{"rendered":"https:\/\/lucacastelli.com\/prodotto\/stihl-rma-235-tondeuse-a-batterie-systeme-ak-machine-seule\/"},"modified":"2026-02-22T12:17:52","modified_gmt":"2026-02-22T11:17:52","slug":"stihl-rma-235-tondeuse-a-batterie-systeme-ak-machine-seule","status":"publish","type":"product","link":"https:\/\/lucacastelli.com\/fr\/produit\/stihl-rma-235-tondeuse-a-batterie-systeme-ak-machine-seule\/","title":{"rendered":"STIHL RMA 235 &#8211; Tondeuse \u00e0 batterie Syst\u00e8me AK (machine seule)"},"content":{"rendered":"<p>Compacte et maniable<br \/>\nSi vous souhaitez tondre de petites surfaces de pelouse dans votre jardin priv\u00e9 et que vous accordez de l\u2019importance \u00e0 un travail efficace et silencieux, alors la tondeuse \u00e0 batterie silencieuse STIHL RMA 235 avec une batterie du syst\u00e8me STIHL AK est le choix optimal.<\/p>\n<p>Gr\u00e2ce \u00e0 son carter en polym\u00e8re compact et \u00e0 son faible poids, la STIHL RMA 235 est particuli\u00e8rement facile \u00e0 manipuler et \u00e0 transporter sans effort entre deux utilisations. Gr\u00e2ce au r\u00e9glage central de la hauteur de coupe, vous pouvez choisir la longueur de pelouse souhait\u00e9e sur 5 niveaux, de 25 mm \u00e0 65 mm. Le bac de ramassage pliable de 30 litres de la tondeuse \u00e0 batterie RMA 235 est con\u00e7u pour \u00eatre vid\u00e9 facilement. En tant que tondeuse \u00e0 batterie, la RMA 235 fonctionne de mani\u00e8re particuli\u00e8rement silencieuse et sans \u00e9missions. Sa structure l\u00e9g\u00e8re et compacte ainsi que son guidon pliable garantissent un encombrement minimal lors du stockage.   <\/p>\n<p>&nbsp;<\/p>\n<p>&nbsp;<\/p>\n<table data-test-id=\"pdp-spec-tech-table\">\n<tbody>\n<tr>\n<td>Syst\u00e8me \u00e0 batterie<\/td>\n<td>AK<\/td>\n<\/tr>\n<tr>\n<td>Transmission<\/td>\n<td>&#8212;<\/td>\n<\/tr>\n<tr>\n<td>Batterie recommand\u00e9e<\/td>\n<td>AK 20<\/td>\n<\/tr>\n<tr>\n<td>Poids de l\u2019appareil sans batterie<\/td>\n<td>13 kg<\/td>\n<\/tr>\n<tr>\n<td>Largeur de coupe<\/td>\n<td>33 cm<\/td>\n<\/tr>\n<tr>\n<td>Hauteur de coupe<\/td>\n<td>25 &#8211; 60 mm<\/td>\n<\/tr>\n<tr>\n<td>R\u00e9gime nominal de l\u2019outil de travail<\/td>\n<td>3400 tr\/min<\/td>\n<\/tr>\n<tr>\n<td>Surface maximale par charge de batterie AK 10<\/td>\n<td>150 m\u00b2<\/td>\n<\/tr>\n<tr>\n<td>Surface maximale par charge de la batterie AK 20<\/td>\n<td>300 m\u00b2<\/td>\n<\/tr>\n<tr>\n<td>Surface max. par charge de batterie AK 30<\/td>\n<td>400 m\u00b2<\/td>\n<\/tr>\n<tr>\n<td>Surface maximale par charge de batterie AK 30 S<\/td>\n<td>400 m\u00b2<\/td>\n<\/tr>\n<tr>\n<td>Capacit\u00e9 du bac de ramassage de l\u2019herbe<\/td>\n<td>30 l<\/td>\n<\/tr>\n<tr>\n<td>Largeur de l\u2019appareil sans accessoires<\/td>\n<td>37 cm<\/td>\n<\/tr>\n<tr>\n<td>Hauteur maximale de l\u2019appareil<\/td>\n<td>108 cm<\/td>\n<\/tr>\n<tr>\n<td>Diam\u00e8tre de la roue avant<\/td>\n<td>140 mm<\/td>\n<\/tr>\n<tr>\n<td>Diam\u00e8tre de la roue arri\u00e8re<\/td>\n<td>170 mm<\/td>\n<\/tr>\n<tr>\n<td>Niveau de pression acoustique mesur\u00e9 LpA<\/td>\n<td>76 dB(A)<\/td>\n<\/tr>\n<tr>\n<td>Niveau de puissance acoustique garanti LWA<\/td>\n<td>90 dB(A)<\/td>\n<\/tr>\n<tr>\n<td>Facteur d\u2019incertitude du niveau de pression acoustique KpA<\/td>\n<td>3 dB(A)<\/td>\n<\/tr>\n<tr>\n<td>Vibration au guidon ahw<\/td>\n<td>1.80 m\/s\u00b2<\/td>\n<\/tr>\n<tr>\n<td>Incertitude de vibrations K<\/td>\n<td>0.90 m\/s\u00b2<\/td>\n<\/tr>\n<\/tbody>\n<\/table>\n","protected":false},"excerpt":{"rendered":"<p>Compacte et maniable Si vous souhaitez tondre de petites surfaces de pelouse dans votre jardin priv\u00e9 et que vous accordez<\/p>\n","protected":false},"featured_media":738344,"template":"","meta":{"_seopress_robots_primary_cat":"","_seopress_titles_title":"","_seopress_titles_desc":"","_seopress_robots_index":""},"product_brand":[3555],"product_cat":[167,1670,1657],"product_tag":[],"class_list":{"0":"post-756232","1":"product","2":"type-product","3":"status-publish","4":"has-post-thumbnail","6":"product_brand-stihl-fr","7":"product_cat-machines","8":"product_cat-tondeuses-a-batterie","9":"product_cat-tondeuses-et-robots","10":"sws-gruppo-macchinari-fr","11":"sws-conto-ricavi-merci-rivendita-macchinari-fr","12":"sws-gruppo-iva-iva81-fr","14":"first","15":"instock","16":"shipping-taxable","17":"purchasable","18":"product-type-simple"},"_links":{"self":[{"href":"https:\/\/lucacastelli.com\/fr\/wp-json\/wp\/v2\/product\/756232","targetHints":{"allow":["GET"]}}],"collection":[{"href":"https:\/\/lucacastelli.com\/fr\/wp-json\/wp\/v2\/product"}],"about":[{"href":"https:\/\/lucacastelli.com\/fr\/wp-json\/wp\/v2\/types\/product"}],"wp:featuredmedia":[{"embeddable":true,"href":"https:\/\/lucacastelli.com\/fr\/wp-json\/wp\/v2\/media\/738344"}],"wp:attachment":[{"href":"https:\/\/lucacastelli.com\/fr\/wp-json\/wp\/v2\/media?parent=756232"}],"wp:term":[{"taxonomy":"product_brand","embeddable":true,"href":"https:\/\/lucacastelli.com\/fr\/wp-json\/wp\/v2\/product_brand?post=756232"},{"taxonomy":"product_cat","embeddable":true,"href":"https:\/\/lucacastelli.com\/fr\/wp-json\/wp\/v2\/product_cat?post=756232"},{"taxonomy":"product_tag","embeddable":true,"href":"https:\/\/lucacastelli.com\/fr\/wp-json\/wp\/v2\/product_tag?post=756232"}],"curies":[{"name":"wp","href":"https:\/\/api.w.org\/{rel}","templated":true}]}}